{"id":6352,"date":"2026-02-20T07:56:01","date_gmt":"2026-02-20T06:56:01","guid":{"rendered":"https:\/\/damicoline.com\/moechten-sie-uns-kennenlernen\/"},"modified":"2026-02-20T08:22:50","modified_gmt":"2026-02-20T07:22:50","slug":"ueber-uns","status":"publish","type":"page","link":"https:\/\/damicoline.com\/de\/ueber-uns\/","title":{"rendered":"ueber-uns"},"content":{"rendered":"\t\t<div data-elementor-type=\"wp-page\" data-elementor-id=\"6352\" class=\"elementor elementor-6352 elementor-2349\">\n\t\t\t\t\t\t<section class=\"elementor-section elementor-top-section elementor-element elementor-element-be2ed4a elementor-section-full_width elementor-section-height-default elementor-section-height-default\" data-id=\"be2ed4a\" data-element_type=\"section\" data-e-type=\"section\">\n\t\t\t\t\t\t<div class=\"elementor-container elementor-column-gap-no\">\n\t\t\t\t\t<div class=\"elementor-column elementor-col-100 elementor-top-column elementor-element elementor-element-fdb95ef\" data-id=\"fdb95ef\" data-element_type=\"column\" data-e-type=\"column\">\n\t\t\t<div class=\"elementor-widget-wrap elementor-element-populated\">\n\t\t\t\t\t\t<div class=\"elementor-element elementor-element-af29231 elementor-widget elementor-widget-partdo-page-banner\" data-id=\"af29231\" data-element_type=\"widget\" data-e-type=\"widget\" data-widget_type=\"partdo-page-banner.default\">\n\t\t\t\t<div class=\"elementor-widget-container\">\n\t\t\t\t\t<div class=\"entry-page-header\"><div class=\"container\"><div class=\"page-header-content\"><h1 class=\"entry-title\">D\u2019AMICO LINE\u00ae S.R.L.<\/h1><div class=\"entry-description\"> <p>Technisches Zentrum f\u00fcr die Auswahl und den Vertrieb von Ersatzteilen f\u00fcr leichte Nutzfahrzeuge. Wir arbeiten methodisch, kompetent und mit echter technischer Pr\u00fcfung.<\/p><\/div><\/div><\/div><div class=\"entry-image\"> <img decoding=\"async\" src=\"https:\/\/damicoline.com\/wp-content\/uploads\/2025\/10\/image-01.jpg\"><\/div><\/div>\t\t\t\t<\/div>\n\t\t\t\t<\/div>\n\t\t\t\t\t<\/div>\n\t\t<\/div>\n\t\t\t\t\t<\/div>\n\t\t<\/section>\n\t\t\t\t<section class=\"elementor-section elementor-top-section elementor-element elementor-element-7b0e655 elementor-section-boxed elementor-section-height-default elementor-section-height-default\" data-id=\"7b0e655\" data-element_type=\"section\" data-e-type=\"section\">\n\t\t\t\t\t\t<div class=\"elementor-container elementor-column-gap-extended\">\n\t\t\t\t\t<div class=\"elementor-column elementor-col-100 elementor-top-column elementor-element elementor-element-6aaf18b white-box\" data-id=\"6aaf18b\" data-element_type=\"column\" data-e-type=\"column\">\n\t\t\t<div class=\"elementor-widget-wrap elementor-element-populated\">\n\t\t\t\t\t\t<div class=\"elementor-element elementor-element-b67e798 elementor-widget elementor-widget-heading\" data-id=\"b67e798\" data-element_type=\"widget\" data-e-type=\"widget\" data-widget_type=\"heading.default\">\n\t\t\t\t\t<p class=\"elementor-heading-title elementor-size-default\"><p>\nD\u2019AMICO LINE\u00ae S.R.L. wurde mit dem Ziel gegr\u00fcndet, eine verl\u00e4ssliche technische Anlaufstelle im Bereich Ersatzteile f\u00fcr Nutzfahrzeuge zu sein.\n<\/p><\/p>\t\t\t\t<\/div>\n\t\t\t\t<div class=\"elementor-element elementor-element-ac66458 elementor-widget elementor-widget-heading\" data-id=\"ac66458\" data-element_type=\"widget\" data-e-type=\"widget\" data-widget_type=\"heading.default\">\n\t\t\t\t\t<p class=\"elementor-heading-title elementor-size-default\"><p>\nUnsere Arbeit basiert auf Fachkompetenz, kontinuierlicher Aktualisierung und fundierter Kenntnis der Piaggio-Plattformen.\n<\/p><\/p>\t\t\t\t<\/div>\n\t\t\t\t\t<\/div>\n\t\t<\/div>\n\t\t\t\t\t<\/div>\n\t\t<\/section>\n\t\t\t\t<section class=\"elementor-section elementor-top-section elementor-element elementor-element-30fba08 elementor-section-boxed elementor-section-height-default elementor-section-height-default\" data-id=\"30fba08\" data-element_type=\"section\" data-e-type=\"section\">\n\t\t\t\t\t\t<div class=\"elementor-container elementor-column-gap-extended\">\n\t\t\t\t\t<div class=\"elementor-column elementor-col-50 elementor-top-column elementor-element elementor-element-ff517c6\" data-id=\"ff517c6\" data-element_type=\"column\" data-e-type=\"column\">\n\t\t\t<div class=\"elementor-widget-wrap elementor-element-populated\">\n\t\t\t\t\t\t<div class=\"elementor-element elementor-element-4efdcae elementor-widget elementor-widget-heading\" data-id=\"4efdcae\" data-element_type=\"widget\" data-e-type=\"widget\" data-widget_type=\"heading.default\">\n\t\t\t\t\t<span class=\"elementor-heading-title elementor-size-default\">01<\/span>\t\t\t\t<\/div>\n\t\t\t\t\t<\/div>\n\t\t<\/div>\n\t\t\t\t<div class=\"elementor-column elementor-col-50 elementor-top-column elementor-element elementor-element-1821dc8\" data-id=\"1821dc8\" data-element_type=\"column\" data-e-type=\"column\">\n\t\t\t<div class=\"elementor-widget-wrap elementor-element-populated\">\n\t\t\t\t\t\t<div class=\"elementor-element elementor-element-57b634f elementor-widget elementor-widget-heading\" data-id=\"57b634f\" data-element_type=\"widget\" data-e-type=\"widget\" data-widget_type=\"heading.default\">\n\t\t\t\t\t<span class=\"elementor-heading-title elementor-size-default\">Technische Spezialisierung<\/span>\t\t\t\t<\/div>\n\t\t\t\t<div class=\"elementor-element elementor-element-0c6ce1f elementor-widget elementor-widget-heading\" data-id=\"0c6ce1f\" data-element_type=\"widget\" data-e-type=\"widget\" data-widget_type=\"heading.default\">\n\t\t\t\t\t<h2 class=\"elementor-heading-title elementor-size-default\">Spezialisierung und technische Kompetenz\n<\/h2>\t\t\t\t<\/div>\n\t\t\t\t\t<\/div>\n\t\t<\/div>\n\t\t\t\t\t<\/div>\n\t\t<\/section>\n\t\t\t\t<section class=\"elementor-section elementor-top-section elementor-element elementor-element-cc529be elementor-section-boxed elementor-section-height-default elementor-section-height-default\" data-id=\"cc529be\" data-element_type=\"section\" data-e-type=\"section\">\n\t\t\t\t\t\t<div class=\"elementor-container elementor-column-gap-extended\">\n\t\t\t\t\t<div class=\"elementor-column elementor-col-100 elementor-top-column elementor-element elementor-element-c9a36db\" data-id=\"c9a36db\" data-element_type=\"column\" data-e-type=\"column\">\n\t\t\t<div class=\"elementor-widget-wrap elementor-element-populated\">\n\t\t\t\t\t\t<div class=\"elementor-element elementor-element-c84cdb4 elementor-widget elementor-widget-heading\" data-id=\"c84cdb4\" data-element_type=\"widget\" data-e-type=\"widget\" data-widget_type=\"heading.default\">\n\t\t\t\t\t<p class=\"elementor-heading-title elementor-size-default\"><p>\nWir sind spezialisiert auf Ersatzteile f\u00fcr <strong>Piaggio Porter<\/strong>, <strong>Piaggio Quargo<\/strong> und <strong>Piaggio Ape<\/strong>.\n<\/p>\n<p>\nDurch den fokussierten Ansatz gew\u00e4hrleisten wir eine h\u00f6here Anwendungsgenauigkeit und reduzieren Fehler sowie Unsicherheiten.\n<\/p>\n<p>\nWir kennen Motorvarianten, Fahrgestellpr\u00e4fixe, Ausf\u00fchrungen und technische Updates im Detail.\n<\/p>\n<p>\nWir setzen nicht auf beliebige Artikelmenge, sondern auf technische Korrektheit.\n<\/p><\/p>\t\t\t\t<\/div>\n\t\t\t\t\t<\/div>\n\t\t<\/div>\n\t\t\t\t\t<\/div>\n\t\t<\/section>\n\t\t\t\t<section class=\"elementor-section elementor-top-section elementor-element elementor-element-d6d9eb1 elementor-section-boxed elementor-section-height-default elementor-section-height-default\" data-id=\"d6d9eb1\" data-element_type=\"section\" data-e-type=\"section\">\n\t\t\t\t\t\t<div class=\"elementor-container elementor-column-gap-extended\">\n\t\t\t\t\t<div class=\"elementor-column elementor-col-100 elementor-top-column elementor-element elementor-element-a614e8a\" data-id=\"a614e8a\" data-element_type=\"column\" data-e-type=\"column\">\n\t\t\t<div class=\"elementor-widget-wrap elementor-element-populated\">\n\t\t\t\t\t\t<div class=\"elementor-element elementor-element-c8bd301 elementor-widget-divider--view-line elementor-widget elementor-widget-divider\" data-id=\"c8bd301\" data-element_type=\"widget\" data-e-type=\"widget\" data-widget_type=\"divider.default\">\n\t\t\t\t\t\t\t<div class=\"elementor-divider\">\n\t\t\t<span class=\"elementor-divider-separator\">\n\t\t\t\t\t\t<\/span>\n\t\t<\/div>\n\t\t\t\t\t\t<\/div>\n\t\t\t\t\t<\/div>\n\t\t<\/div>\n\t\t\t\t\t<\/div>\n\t\t<\/section>\n\t\t\t\t<section class=\"elementor-section elementor-top-section elementor-element elementor-element-13b5bdf elementor-section-boxed elementor-section-height-default elementor-section-height-default\" data-id=\"13b5bdf\" data-element_type=\"section\" data-e-type=\"section\">\n\t\t\t\t\t\t<div class=\"elementor-container elementor-column-gap-extended\">\n\t\t\t\t\t<div class=\"elementor-column elementor-col-50 elementor-top-column elementor-element elementor-element-23af922\" data-id=\"23af922\" data-element_type=\"column\" data-e-type=\"column\">\n\t\t\t<div class=\"elementor-widget-wrap elementor-element-populated\">\n\t\t\t\t\t\t<div class=\"elementor-element elementor-element-dd3b315 elementor-widget elementor-widget-heading\" data-id=\"dd3b315\" data-element_type=\"widget\" data-e-type=\"widget\" data-widget_type=\"heading.default\">\n\t\t\t\t\t<span class=\"elementor-heading-title elementor-size-default\">02<\/span>\t\t\t\t<\/div>\n\t\t\t\t\t<\/div>\n\t\t<\/div>\n\t\t\t\t<div class=\"elementor-column elementor-col-50 elementor-top-column elementor-element elementor-element-6d6d69f\" data-id=\"6d6d69f\" data-element_type=\"column\" data-e-type=\"column\">\n\t\t\t<div class=\"elementor-widget-wrap elementor-element-populated\">\n\t\t\t\t\t\t<div class=\"elementor-element elementor-element-cd7a98c elementor-widget elementor-widget-heading\" data-id=\"cd7a98c\" data-element_type=\"widget\" data-e-type=\"widget\" data-widget_type=\"heading.default\">\n\t\t\t\t\t<span class=\"elementor-heading-title elementor-size-default\">Gepr\u00fcfte Auswahl\n<\/span>\t\t\t\t<\/div>\n\t\t\t\t<div class=\"elementor-element elementor-element-08ac546 elementor-widget elementor-widget-heading\" data-id=\"08ac546\" data-element_type=\"widget\" data-e-type=\"widget\" data-widget_type=\"heading.default\">\n\t\t\t\t\t<h2 class=\"elementor-heading-title elementor-size-default\">Auswahl- und Pr\u00fcfprozess\n<\/h2>\t\t\t\t<\/div>\n\t\t\t\t\t<\/div>\n\t\t<\/div>\n\t\t\t\t\t<\/div>\n\t\t<\/section>\n\t\t\t\t<section class=\"elementor-section elementor-top-section elementor-element elementor-element-439d57b elementor-section-boxed elementor-section-height-default elementor-section-height-default\" data-id=\"439d57b\" data-element_type=\"section\" data-e-type=\"section\">\n\t\t\t\t\t\t<div class=\"elementor-container elementor-column-gap-extended\">\n\t\t\t\t\t<div class=\"elementor-column elementor-col-100 elementor-top-column elementor-element elementor-element-ce1008d\" data-id=\"ce1008d\" data-element_type=\"column\" data-e-type=\"column\">\n\t\t\t<div class=\"elementor-widget-wrap elementor-element-populated\">\n\t\t\t\t\t\t<div class=\"elementor-element elementor-element-1334cfc elementor-widget elementor-widget-heading\" data-id=\"1334cfc\" data-element_type=\"widget\" data-e-type=\"widget\" data-widget_type=\"heading.default\">\n\t\t\t\t\t<p class=\"elementor-heading-title elementor-size-default\">\n\n<\/p>\t\t\t\t<\/div>\n\t\t\t\t\t<\/div>\n\t\t<\/div>\n\t\t\t\t\t<\/div>\n\t\t<\/section>\n\t\t\t\t<section class=\"elementor-section elementor-top-section elementor-element elementor-element-af87b43 elementor-section-boxed elementor-section-height-default elementor-section-height-default\" data-id=\"af87b43\" data-element_type=\"section\" data-e-type=\"section\">\n\t\t\t\t\t\t<div class=\"elementor-container elementor-column-gap-extended\">\n\t\t\t\t\t<div class=\"elementor-column elementor-col-50 elementor-top-column elementor-element elementor-element-b126c9c\" data-id=\"b126c9c\" data-element_type=\"column\" data-e-type=\"column\">\n\t\t\t<div class=\"elementor-widget-wrap elementor-element-populated\">\n\t\t\t\t\t\t<div class=\"elementor-element elementor-element-343114d elementor-widget elementor-widget-image\" data-id=\"343114d\" data-element_type=\"widget\" data-e-type=\"widget\" data-widget_type=\"image.default\">\n\t\t\t\t\t\t\t\t\t\t\t\t\t\t\t<img decoding=\"async\" src=\"https:\/\/damicoline.com\/wp-content\/uploads\/2025\/10\/image-04.jpg\" title=\"Erleben und unterst\u00fctzen Sie D&#8217;Amico Line\" alt=\"Erleben und unterst\u00fctzen Sie D&#039;Amico Line\" loading=\"lazy\" \/>\t\t\t\t\t\t\t\t\t\t\t\t\t\t\t<\/div>\n\t\t\t\t\t<\/div>\n\t\t<\/div>\n\t\t\t\t<div class=\"elementor-column elementor-col-50 elementor-top-column elementor-element elementor-element-8eb22a6\" data-id=\"8eb22a6\" data-element_type=\"column\" data-e-type=\"column\">\n\t\t\t<div class=\"elementor-widget-wrap elementor-element-populated\">\n\t\t\t\t\t\t<div class=\"elementor-element elementor-element-ac74e94 elementor-widget elementor-widget-heading\" data-id=\"ac74e94\" data-element_type=\"widget\" data-e-type=\"widget\" data-widget_type=\"heading.default\">\n\t\t\t\t\t<p class=\"elementor-heading-title elementor-size-default\"><p>\n<strong>Zielgerichtete technische Auswahl<\/strong><br>\nJeder Artikel wird vor der Aufnahme in den Verkauf technisch bewertet.\nWir w\u00e4hlen Teile nicht nur nach Verf\u00fcgbarkeit, sondern nach technischer Stimmigkeit und realer Kompatibilit\u00e4t mit den angegebenen Anwendungen aus.\n<\/p><\/p>\t\t\t\t<\/div>\n\t\t\t\t<div class=\"elementor-element elementor-element-9479c7e elementor-widget elementor-widget-heading\" data-id=\"9479c7e\" data-element_type=\"widget\" data-e-type=\"widget\" data-widget_type=\"heading.default\">\n\t\t\t\t\t<p class=\"elementor-heading-title elementor-size-default\"><p>\n<strong>Pr\u00fcfung der Spezifikationen<\/strong><br>\nWir bewerten Konstruktion, Ma\u00dftoleranzen und Materialqualit\u00e4t und vergleichen das Bauteil mit der f\u00fcr das Fahrzeug vorgesehenen technischen Referenz.\n<\/p><\/p>\t\t\t\t<\/div>\n\t\t\t\t<div class=\"elementor-element elementor-element-84cfbc3 elementor-widget elementor-widget-heading\" data-id=\"84cfbc3\" data-element_type=\"widget\" data-e-type=\"widget\" data-widget_type=\"heading.default\">\n\t\t\t\t\t<p class=\"elementor-heading-title elementor-size-default\"><p>\n<strong>Interne Freigabe<\/strong><br>\nEin Produkt wird erst nach interner technischer Freigabe angeboten.\nWir liefern ausschlie\u00dflich Ersatzteile, die Zuverl\u00e4ssigkeitsstandards f\u00fcr den professionellen Einsatz erf\u00fcllen.\n<\/p><\/p>\t\t\t\t<\/div>\n\t\t\t\t\t<\/div>\n\t\t<\/div>\n\t\t\t\t\t<\/div>\n\t\t<\/section>\n\t\t\t\t<section class=\"elementor-section elementor-top-section elementor-element elementor-element-9fe7a65 elementor-section-boxed elementor-section-height-default elementor-section-height-default\" data-id=\"9fe7a65\" data-element_type=\"section\" data-e-type=\"section\">\n\t\t\t\t\t\t<div class=\"elementor-container elementor-column-gap-extended\">\n\t\t\t\t\t<div class=\"elementor-column elementor-col-100 elementor-top-column elementor-element elementor-element-d4a1973\" data-id=\"d4a1973\" data-element_type=\"column\" data-e-type=\"column\">\n\t\t\t<div class=\"elementor-widget-wrap elementor-element-populated\">\n\t\t\t\t\t\t<div class=\"elementor-element elementor-element-1c17b18 elementor-widget-divider--view-line elementor-widget elementor-widget-divider\" data-id=\"1c17b18\" data-element_type=\"widget\" data-e-type=\"widget\" data-widget_type=\"divider.default\">\n\t\t\t\t\t\t\t<div class=\"elementor-divider\">\n\t\t\t<span class=\"elementor-divider-separator\">\n\t\t\t\t\t\t<\/span>\n\t\t<\/div>\n\t\t\t\t\t\t<\/div>\n\t\t\t\t\t<\/div>\n\t\t<\/div>\n\t\t\t\t\t<\/div>\n\t\t<\/section>\n\t\t\t\t<section class=\"elementor-section elementor-top-section elementor-element elementor-element-3cce8f6 elementor-section-boxed elementor-section-height-default elementor-section-height-default\" data-id=\"3cce8f6\" data-element_type=\"section\" data-e-type=\"section\">\n\t\t\t\t\t\t<div class=\"elementor-container elementor-column-gap-extended\">\n\t\t\t\t\t<div class=\"elementor-column elementor-col-50 elementor-top-column elementor-element elementor-element-0a11a22\" data-id=\"0a11a22\" data-element_type=\"column\" data-e-type=\"column\">\n\t\t\t<div class=\"elementor-widget-wrap elementor-element-populated\">\n\t\t\t\t\t\t<div class=\"elementor-element elementor-element-96ded2e elementor-widget elementor-widget-heading\" data-id=\"96ded2e\" data-element_type=\"widget\" data-e-type=\"widget\" data-widget_type=\"heading.default\">\n\t\t\t\t\t<span class=\"elementor-heading-title elementor-size-default\">03<\/span>\t\t\t\t<\/div>\n\t\t\t\t\t<\/div>\n\t\t<\/div>\n\t\t\t\t<div class=\"elementor-column elementor-col-50 elementor-top-column elementor-element elementor-element-beecf78\" data-id=\"beecf78\" data-element_type=\"column\" data-e-type=\"column\">\n\t\t\t<div class=\"elementor-widget-wrap elementor-element-populated\">\n\t\t\t\t\t\t<div class=\"elementor-element elementor-element-9cac775 elementor-widget elementor-widget-heading\" data-id=\"9cac775\" data-element_type=\"widget\" data-e-type=\"widget\" data-widget_type=\"heading.default\">\n\t\t\t\t\t<span class=\"elementor-heading-title elementor-size-default\">Professioneller Support\n<\/span>\t\t\t\t<\/div>\n\t\t\t\t<div class=\"elementor-element elementor-element-8a53186 elementor-widget elementor-widget-heading\" data-id=\"8a53186\" data-element_type=\"widget\" data-e-type=\"widget\" data-widget_type=\"heading.default\">\n\t\t\t\t\t<h2 class=\"elementor-heading-title elementor-size-default\">Technische Unterst\u00fctzung und professioneller Support<\/h2>\t\t\t\t<\/div>\n\t\t\t\t\t<\/div>\n\t\t<\/div>\n\t\t\t\t\t<\/div>\n\t\t<\/section>\n\t\t\t\t<section class=\"elementor-section elementor-top-section elementor-element elementor-element-a370f94 elementor-section-boxed elementor-section-height-default elementor-section-height-default\" data-id=\"a370f94\" data-element_type=\"section\" data-e-type=\"section\">\n\t\t\t\t\t\t<div class=\"elementor-container elementor-column-gap-extended\">\n\t\t\t\t\t<div class=\"elementor-column elementor-col-100 elementor-top-column elementor-element elementor-element-0d4cd62\" data-id=\"0d4cd62\" data-element_type=\"column\" data-e-type=\"column\">\n\t\t\t<div class=\"elementor-widget-wrap elementor-element-populated\">\n\t\t\t\t\t\t<div class=\"elementor-element elementor-element-5bebaad elementor-widget elementor-widget-heading\" data-id=\"5bebaad\" data-element_type=\"widget\" data-e-type=\"widget\" data-widget_type=\"heading.default\">\n\t\t\t\t\t<p class=\"elementor-heading-title elementor-size-default\"><p>\nWir unterst\u00fctzen vor und nach dem Kauf.\n<\/p>\n<p>\nDie Vorabpr\u00fcfung \u00fcber <strong>Fahrgestellpr\u00e4fix<\/strong>, <strong>Motorcode<\/strong> oder <strong>OEM-Referenz<\/strong> reduziert Anwendungsfehler und Standzeiten.\n<\/p>\n<p>\nWir arbeiten mit Werkst\u00e4tten, H\u00e4ndlern und Fachbetrieben zusammen, die konstante Qualit\u00e4t und technische Pr\u00e4zision ben\u00f6tigen.\n<\/p><\/p>\t\t\t\t<\/div>\n\t\t\t\t<div class=\"elementor-element elementor-element-33d7869 elementor-widget elementor-widget-heading\" data-id=\"33d7869\" data-element_type=\"widget\" data-e-type=\"widget\" data-widget_type=\"heading.default\">\n\t\t\t\t\t<p class=\"elementor-heading-title elementor-size-default\"><p>\nD\u2019AMICO LINE\u00ae S.R.L. ist spezialisiert auf die technische Auswahl von Ersatzteilen f\u00fcr Piaggio-Nutzfahrzeuge.\n<\/p>\n<p>\nKompetenz, Anwendungspr\u00fcfung und technische Konsistenz sind die Prinzipien hinter jedem Artikel in unserem Katalog.\n<\/p><\/p>\t\t\t\t<\/div>\n\t\t\t\t\t<\/div>\n\t\t<\/div>\n\t\t\t\t\t<\/div>\n\t\t<\/section>\n\t\t\t\t<\/div>\n\t\t","protected":false},"excerpt":{"rendered":"<p>D\u2019AMICO LINE\u00ae S.R.L. Technisches Zentrum f\u00fcr die Auswahl und den Vertrieb von Ersatzteilen f\u00fcr leichte Nutzfahrzeuge. Wir arbeiten methodisch, kompetent und mit echter technischer Pr\u00fcfung. D\u2019AMICO LINE\u00ae S.R.L. wurde mit dem Ziel gegr\u00fcndet, eine verl\u00e4ssliche technische Anlaufstelle im Bereich Ersatzteile f\u00fcr Nutzfahrzeuge zu sein. Unsere Arbeit basiert auf Fachkompetenz, kontinuierlicher Aktualisierung und fundierter Kenntnis der<\/p>\n<div class=\"klb-readmore button\"><a class=\"btn link\" href=\"https:\/\/damicoline.com\/de\/ueber-uns\/\">Read More <i class=\"klbth-icon-right-arrow\"><\/i><\/a><\/div>\n","protected":false},"author":1,"featured_media":0,"parent":0,"menu_order":0,"comment_status":"closed","ping_status":"closed","template":"","meta":{"_sitemap_exclude":false,"_sitemap_priority":"","_sitemap_frequency":"","footnotes":""},"class_list":["post-6352","page","type-page","status-publish","hentry"],"_links":{"self":[{"href":"https:\/\/damicoline.com\/de\/wp-json\/wp\/v2\/pages\/6352","targetHints":{"allow":["GET"]}}],"collection":[{"href":"https:\/\/damicoline.com\/de\/wp-json\/wp\/v2\/pages"}],"about":[{"href":"https:\/\/damicoline.com\/de\/wp-json\/wp\/v2\/types\/page"}],"author":[{"embeddable":true,"href":"https:\/\/damicoline.com\/de\/wp-json\/wp\/v2\/users\/1"}],"replies":[{"embeddable":true,"href":"https:\/\/damicoline.com\/de\/wp-json\/wp\/v2\/comments?post=6352"}],"version-history":[{"count":0,"href":"https:\/\/damicoline.com\/de\/wp-json\/wp\/v2\/pages\/6352\/revisions"}],"wp:attachment":[{"href":"https:\/\/damicoline.com\/de\/wp-json\/wp\/v2\/media?parent=6352"}],"curies":[{"name":"wp","href":"https:\/\/api.w.org\/{rel}","templated":true}]}}