{"id":7632,"date":"2025-04-22T08:46:40","date_gmt":"2025-04-22T06:46:40","guid":{"rendered":"https:\/\/damicoline.com\/termini-e-condizioni\/"},"modified":"2025-04-23T17:28:36","modified_gmt":"2025-04-23T15:28:36","slug":"allgemeine-geschaeftsbedingungen","status":"publish","type":"page","link":"https:\/\/damicoline.com\/de\/allgemeine-geschaeftsbedingungen\/","title":{"rendered":"Allgemeine Gesch\u00e4ftsbedingungen"},"content":{"rendered":"\t\t<div data-elementor-type=\"wp-page\" data-elementor-id=\"7632\" class=\"elementor elementor-7632 elementor-3558\">\n\t\t\t\t\t\t<section class=\"elementor-section elementor-top-section elementor-element elementor-element-acfe608 elementor-section-boxed elementor-section-height-default elementor-section-height-default\" data-id=\"acfe608\" data-element_type=\"section\" data-e-type=\"section\">\n\t\t\t\t\t\t<div class=\"elementor-container elementor-column-gap-extended\">\n\t\t\t\t\t<div class=\"elementor-column elementor-col-100 elementor-top-column elementor-element elementor-element-aa1b56e\" data-id=\"aa1b56e\" data-element_type=\"column\" data-e-type=\"column\">\n\t\t\t<div class=\"elementor-widget-wrap elementor-element-populated\">\n\t\t\t\t\t\t<div class=\"elementor-element elementor-element-5e87a19 elementor-widget elementor-widget-heading\" data-id=\"5e87a19\" data-element_type=\"widget\" data-e-type=\"widget\" data-widget_type=\"heading.default\">\n\t\t\t\t\t<h3 class=\"elementor-heading-title elementor-size-default\">Allgemeine Gesch\u00e4ftsbedingungen\n<\/h3>\t\t\t\t<\/div>\n\t\t\t\t<div class=\"elementor-element elementor-element-16cb3a6 elementor-widget elementor-widget-heading\" data-id=\"16cb3a6\" data-element_type=\"widget\" data-e-type=\"widget\" data-widget_type=\"heading.default\">\n\t\t\t\t\t<p class=\"elementor-heading-title elementor-size-default\"><p><strong>Letzte Aktualisierung:<\/strong> 22. April 2025<\/p>\n\n<p>Willkommen auf <strong>marranzanoparts.com<\/strong>, dem offiziellen Online-Shop von <strong>D\u2019AMICO LINE S.R.L.<\/strong>, mit Sitz in Via Esterna Real Celsi 2, 90046 Monreale (PA), Italien.<\/p>\n<p>Mit einer Bestellung auf unserer Website akzeptiert der Kunde vollst\u00e4ndig die folgenden Bedingungen.<\/p><\/p>\t\t\t\t<\/div>\n\t\t\t\t\t<\/div>\n\t\t<\/div>\n\t\t\t\t\t<\/div>\n\t\t<\/section>\n\t\t\t\t<section class=\"elementor-section elementor-top-section elementor-element elementor-element-56d70e7 elementor-section-boxed elementor-section-height-default elementor-section-height-default\" data-id=\"56d70e7\" data-element_type=\"section\" data-e-type=\"section\">\n\t\t\t\t\t\t<div class=\"elementor-container elementor-column-gap-extended\">\n\t\t\t\t\t<div class=\"elementor-column elementor-col-100 elementor-top-column elementor-element elementor-element-2f4c3cd\" data-id=\"2f4c3cd\" data-element_type=\"column\" data-e-type=\"column\">\n\t\t\t<div class=\"elementor-widget-wrap elementor-element-populated\">\n\t\t\t\t\t\t<div class=\"elementor-element elementor-element-fc65848 elementor-widget elementor-widget-heading\" data-id=\"fc65848\" data-element_type=\"widget\" data-e-type=\"widget\" data-widget_type=\"heading.default\">\n\t\t\t\t\t<h3 class=\"elementor-heading-title elementor-size-default\">1. Kaufvertrag<\/h3>\t\t\t\t<\/div>\n\t\t\t\t<div class=\"elementor-element elementor-element-94e2fcd elementor-widget elementor-widget-text-editor\" data-id=\"94e2fcd\" data-element_type=\"widget\" data-e-type=\"widget\" data-widget_type=\"text-editor.default\">\n\t\t\t\t\t\t\t\t\t<ul><li>Bestellungen stellen ein verbindliches Kaufangebot dar und bedeuten die Annahme dieser Gesch\u00e4ftsbedingungen.<\/li><li>Nach Abschluss des Kaufs wird eine Bestellbest\u00e4tigung per E-Mail gesendet.<\/li><li>Bei Nichtverf\u00fcgbarkeit eines Produkts wird der Kunde benachrichtigt und kann zwischen Warten oder R\u00fcckerstattung w\u00e4hlen.<\/li><li>Bestellungen k\u00f6nnen nur ge\u00e4ndert werden, bevor die Vorbereitung beginnt.<\/li><\/ul>\t\t\t\t\t\t\t\t<\/div>\n\t\t\t\t\t<\/div>\n\t\t<\/div>\n\t\t\t\t\t<\/div>\n\t\t<\/section>\n\t\t\t\t<section class=\"elementor-section elementor-top-section elementor-element elementor-element-13b0554 elementor-section-boxed elementor-section-height-default elementor-section-height-default\" data-id=\"13b0554\" data-element_type=\"section\" data-e-type=\"section\">\n\t\t\t\t\t\t<div class=\"elementor-container elementor-column-gap-extended\">\n\t\t\t\t\t<div class=\"elementor-column elementor-col-100 elementor-top-column elementor-element elementor-element-edb710a\" data-id=\"edb710a\" data-element_type=\"column\" data-e-type=\"column\">\n\t\t\t<div class=\"elementor-widget-wrap elementor-element-populated\">\n\t\t\t\t\t\t<div class=\"elementor-element elementor-element-747884e elementor-widget elementor-widget-heading\" data-id=\"747884e\" data-element_type=\"widget\" data-e-type=\"widget\" data-widget_type=\"heading.default\">\n\t\t\t\t\t<h3 class=\"elementor-heading-title elementor-size-default\">2. Widerrufsrecht<\/h3>\t\t\t\t<\/div>\n\t\t\t\t<div class=\"elementor-element elementor-element-5050261 elementor-widget elementor-widget-text-editor\" data-id=\"5050261\" data-element_type=\"widget\" data-e-type=\"widget\" data-widget_type=\"text-editor.default\">\n\t\t\t\t\t\t\t\t\t<ul><li>Der Kunde kann innerhalb von 30 Tagen nach Erhalt der Ware vom Kauf zur\u00fccktreten.<\/li><li>Bitte schreiben Sie an <a href=\"mailto:i&#110;&#102;&#111;&#64;&#109;&#97;&#114;&#114;&#97;&#110;&#122;&#97;&#110;&#111;&#112;&#97;&#114;&#116;&#115;&#46;&#99;&#111;&#109;\">&#105;&#110;&#102;&#111;&#64;&#109;&#97;&#114;&#114;&#97;&#110;&#122;&#97;&#110;&#111;&#112;&#97;&#114;&#116;&#115;&#46;&#99;&#111;&#109;<\/a> und senden Sie die Produkte auf eigene Kosten in der Originalverpackung zur\u00fcck.<\/li><li>Die R\u00fcckerstattung (ohne Versandkosten) erfolgt innerhalb von 48 Stunden nach Erhalt und \u00dcberpr\u00fcfung der Ware.<\/li><\/ul>\t\t\t\t\t\t\t\t<\/div>\n\t\t\t\t\t<\/div>\n\t\t<\/div>\n\t\t\t\t\t<\/div>\n\t\t<\/section>\n\t\t\t\t<section class=\"elementor-section elementor-top-section elementor-element elementor-element-c11e058 elementor-section-boxed elementor-section-height-default elementor-section-height-default\" data-id=\"c11e058\" data-element_type=\"section\" data-e-type=\"section\">\n\t\t\t\t\t\t<div class=\"elementor-container elementor-column-gap-extended\">\n\t\t\t\t\t<div class=\"elementor-column elementor-col-100 elementor-top-column elementor-element elementor-element-92bbe9b\" data-id=\"92bbe9b\" data-element_type=\"column\" data-e-type=\"column\">\n\t\t\t<div class=\"elementor-widget-wrap elementor-element-populated\">\n\t\t\t\t\t\t<div class=\"elementor-element elementor-element-013940a elementor-widget elementor-widget-heading\" data-id=\"013940a\" data-element_type=\"widget\" data-e-type=\"widget\" data-widget_type=\"heading.default\">\n\t\t\t\t\t<h3 class=\"elementor-heading-title elementor-size-default\">3. Datenschutz<\/h3>\t\t\t\t<\/div>\n\t\t\t\t<div class=\"elementor-element elementor-element-5b19a19 elementor-widget elementor-widget-text-editor\" data-id=\"5b19a19\" data-element_type=\"widget\" data-e-type=\"widget\" data-widget_type=\"text-editor.default\">\n\t\t\t\t\t\t\t\t\t<ul>\n \t<li>Die Daten werden gem\u00e4\u00df den geltenden Vorschriften und unserer <a href=\"https:\/\/damicoline.com\/de\/datenschutzrichtlinie\/\">Datenschutzerkl\u00e4rung<\/a> verarbeitet.<\/li>\n \t<li>Pers\u00f6nliche Daten werden niemals ohne Zustimmung an Dritte weitergegeben, au\u00dfer bei gesetzlicher Verpflichtung.<\/li>\n \t<li>Die Daten werden nur zur Bestellabwicklung, Kundenbetreuung und \u2013 wenn genehmigt \u2013 f\u00fcr Marketingzwecke verwendet.<\/li>\n \t<li>F\u00fcr \u00c4nderungen oder L\u00f6schungen kontaktieren Sie bitte <a href=\"mailto:p&#114;&#105;&#118;&#97;&#99;&#121;&#64;&#109;&#97;&#114;&#114;&#97;&#110;&#122;&#97;&#110;&#111;&#112;&#97;&#114;&#116;&#115;&#46;&#99;&#111;&#109;\">&#112;&#114;&#105;&#118;&#97;&#99;&#121;&#64;&#109;&#97;&#114;&#114;&#97;&#110;&#122;&#97;&#110;&#111;&#112;&#97;&#114;&#116;&#115;&#46;&#99;&#111;&#109;<\/a>.<\/li>\n<\/ul>\t\t\t\t\t\t\t\t<\/div>\n\t\t\t\t\t<\/div>\n\t\t<\/div>\n\t\t\t\t\t<\/div>\n\t\t<\/section>\n\t\t\t\t<section class=\"elementor-section elementor-top-section elementor-element elementor-element-2bd9d80 elementor-section-boxed elementor-section-height-default elementor-section-height-default\" data-id=\"2bd9d80\" data-element_type=\"section\" data-e-type=\"section\">\n\t\t\t\t\t\t<div class=\"elementor-container elementor-column-gap-extended\">\n\t\t\t\t\t<div class=\"elementor-column elementor-col-100 elementor-top-column elementor-element elementor-element-229f327\" data-id=\"229f327\" data-element_type=\"column\" data-e-type=\"column\">\n\t\t\t<div class=\"elementor-widget-wrap elementor-element-populated\">\n\t\t\t\t\t\t<div class=\"elementor-element elementor-element-1186243 elementor-widget elementor-widget-heading\" data-id=\"1186243\" data-element_type=\"widget\" data-e-type=\"widget\" data-widget_type=\"heading.default\">\n\t\t\t\t\t<h3 class=\"elementor-heading-title elementor-size-default\">4. Streitbeilegung<\/h3>\t\t\t\t<\/div>\n\t\t\t\t<div class=\"elementor-element elementor-element-77bfac6 elementor-widget elementor-widget-text-editor\" data-id=\"77bfac6\" data-element_type=\"widget\" data-e-type=\"widget\" data-widget_type=\"text-editor.default\">\n\t\t\t\t\t\t\t\t\t<ul><li>Rechtsstreitigkeiten unterliegen dem italienischen Recht.<\/li><li>Gerichtsstand ist das <strong>Gericht von Palermo<\/strong>.<\/li><li>Sie k\u00f6nnen auch die <a href=\"https:\/\/ec.europa.eu\/consumers\/odr\" target=\"_blank\" rel=\"noopener\">Online-Streitbeilegungsplattform der EU<\/a> nutzen.<\/li><\/ul>\t\t\t\t\t\t\t\t<\/div>\n\t\t\t\t\t<\/div>\n\t\t<\/div>\n\t\t\t\t\t<\/div>\n\t\t<\/section>\n\t\t\t\t<section class=\"elementor-section elementor-top-section elementor-element elementor-element-189f32c elementor-section-boxed elementor-section-height-default elementor-section-height-default\" data-id=\"189f32c\" data-element_type=\"section\" data-e-type=\"section\">\n\t\t\t\t\t\t<div class=\"elementor-container elementor-column-gap-extended\">\n\t\t\t\t\t<div class=\"elementor-column elementor-col-100 elementor-top-column elementor-element elementor-element-acfa285\" data-id=\"acfa285\" data-element_type=\"column\" data-e-type=\"column\">\n\t\t\t<div class=\"elementor-widget-wrap elementor-element-populated\">\n\t\t\t\t\t\t<div class=\"elementor-element elementor-element-8fe1427 elementor-widget elementor-widget-heading\" data-id=\"8fe1427\" data-element_type=\"widget\" data-e-type=\"widget\" data-widget_type=\"heading.default\">\n\t\t\t\t\t<h3 class=\"elementor-heading-title elementor-size-default\">5. Geistiges Eigentum<\/h3>\t\t\t\t<\/div>\n\t\t\t\t<div class=\"elementor-element elementor-element-ebdbe99 elementor-widget elementor-widget-text-editor\" data-id=\"ebdbe99\" data-element_type=\"widget\" data-e-type=\"widget\" data-widget_type=\"text-editor.default\">\n\t\t\t\t\t\t\t\t\t<p>Alle Inhalte dieser Website sind Eigentum von <strong>D\u2019AMICO LINE S.R.L.<\/strong>. Jegliche Vervielf\u00e4ltigung ist ohne vorherige schriftliche Genehmigung untersagt.<\/p>\t\t\t\t\t\t\t\t<\/div>\n\t\t\t\t\t<\/div>\n\t\t<\/div>\n\t\t\t\t\t<\/div>\n\t\t<\/section>\n\t\t\t\t<\/div>\n\t\t","protected":false},"excerpt":{"rendered":"<p>Allgemeine Gesch\u00e4ftsbedingungen Letzte Aktualisierung: 22. April 2025 Willkommen auf marranzanoparts.com, dem offiziellen Online-Shop von D\u2019AMICO LINE S.R.L., mit Sitz in Via Esterna Real Celsi 2, 90046 Monreale (PA), Italien. Mit einer Bestellung auf unserer Website akzeptiert der Kunde vollst\u00e4ndig die folgenden Bedingungen. 1. Kaufvertrag Bestellungen stellen ein verbindliches Kaufangebot dar und bedeuten die Annahme dieser<\/p>\n<div class=\"klb-readmore button\"><a class=\"btn link\" href=\"https:\/\/damicoline.com\/de\/allgemeine-geschaeftsbedingungen\/\">Read More <i class=\"klbth-icon-right-arrow\"><\/i><\/a><\/div>\n","protected":false},"author":1,"featured_media":0,"parent":0,"menu_order":0,"comment_status":"closed","ping_status":"closed","template":"","meta":{"_sitemap_exclude":false,"_sitemap_priority":"","_sitemap_frequency":"","footnotes":""},"class_list":["post-7632","page","type-page","status-publish","hentry"],"_links":{"self":[{"href":"https:\/\/damicoline.com\/de\/wp-json\/wp\/v2\/pages\/7632","targetHints":{"allow":["GET"]}}],"collection":[{"href":"https:\/\/damicoline.com\/de\/wp-json\/wp\/v2\/pages"}],"about":[{"href":"https:\/\/damicoline.com\/de\/wp-json\/wp\/v2\/types\/page"}],"author":[{"embeddable":true,"href":"https:\/\/damicoline.com\/de\/wp-json\/wp\/v2\/users\/1"}],"replies":[{"embeddable":true,"href":"https:\/\/damicoline.com\/de\/wp-json\/wp\/v2\/comments?post=7632"}],"version-history":[{"count":0,"href":"https:\/\/damicoline.com\/de\/wp-json\/wp\/v2\/pages\/7632\/revisions"}],"wp:attachment":[{"href":"https:\/\/damicoline.com\/de\/wp-json\/wp\/v2\/media?parent=7632"}],"curies":[{"name":"wp","href":"https:\/\/api.w.org\/{rel}","templated":true}]}}