{"id":10230,"date":"2025-06-30T18:20:02","date_gmt":"2025-06-30T16:20:02","guid":{"rendered":"https:\/\/damicoline.com\/product\/mozzetto-lato-ruota-piaggio-quargo\/"},"modified":"2026-03-15T11:37:37","modified_gmt":"2026-03-15T10:37:37","slug":"radseitiger-achsstummel-fur-piaggio-quargo-mit-elastischer-kupplung","status":"publish","type":"product","link":"https:\/\/damicoline.com\/de\/produkt\/radseitiger-achsstummel-fur-piaggio-quargo-mit-elastischer-kupplung\/","title":{"rendered":"Radseitiger Achsstummel f\u00fcr Piaggio Quargo mit elastischer Kupplung"},"content":{"rendered":"<p><strong>Radseitiger Achsstummel f\u00fcr Piaggio Quargo<\/strong><\/p>\n<p>Dieser <strong>radseitige Achsstummel f\u00fcr Piaggio Quargo<\/strong> wird direkt auf der <strong>Radachse<\/strong> installiert und mit der <strong>elastischen Kupplung<\/strong> verbunden. Im Gegensatz zum auf der Antriebswelle montierten Achsstummel weist er eine <strong>spezifische Verzahnung<\/strong> f\u00fcr die Verbindung auf der Radseite auf. Er ist wesentlich, um die korrekte \u00dcbertragung des Drehmoments auf die Nabe zu gew\u00e4hrleisten.<\/p>\n<div class=\"text-sm text-gray-800 font-medium mb-2\"><div class=\"text-sm text-gray-800 font-medium mb-2\"><strong>Referenzcodes:<\/strong> 658303<\/div><\/div>\n<div class=\"oem-box mb-4\">\t\t\t\t<div class=\"oem-box mb-4\">\n\t\t\t\t\t<p class=\"text-sm text-gray-800 font-medium mb-2\">Typ: <strong>Aftermarket<\/strong><\/p>\n\t\t\t\t\t<p class=\"text-sm text-gray-700 mb-1\">Aftermarket-Komponente in Profiqualit\u00e4t, kompatibel mit den auf dieser Seite aufgef\u00fchrten Fahrzeugen.<\/p>\n\t\t\t\t\t<p class=\"text-xs text-gray-500 mt-2\">*Nicht von Piaggio hergestellt oder gebrandet. Marken geh\u00f6ren den jeweiligen Inhabern.<\/p>\n\t\t\t\t<\/div>\n\t\t\t<\/div>\n<section class=\"compatibility-block mb-4\"><section class=\"compatibility-block mb-4\"><div class=\"product-extra-details hide-below-992\"><table class=\"woocommerce-product-attributes\"><tbody><tr><th colspan=\"2\"><span class=\"text-sm font-medium mb-2\">Kompatibel mit:<\/span><\/th><\/tr><tr><th>Fahrzeugmodell \u2013 Rahmenpr\u00e4fix:<\/th><td><a href=\"https:\/\/damicoline.com\/de\/shop\/?vx_brand=PIAGGIO&#038;vx_model=QUARGO%20702%20Diesel%20(2004-2006)&#038;vx_engine=LDW702\/P&#038;vx_years=2004-2006\">\ud83d\ude9a PIAGGIO QUARGO 702 Diesel (2004-2006) LDW702\/P (2004-2006) - ZAPP10000<\/a><\/td><\/tr><tr><th>Fahrzeugmodell \u2013 Rahmenpr\u00e4fix:<\/th><td><a href=\"https:\/\/damicoline.com\/de\/shop\/?vx_brand=PIAGGIO&#038;vx_model=QUARGO%20702%20Diesel%20(2007-2017)&#038;vx_engine=LDW702\/P&#038;vx_years=2007-2017\">\ud83d\ude9a PIAGGIO QUARGO 702 Diesel (2007-2017) LDW702\/P (2007-2017) - ZAP4P10000<\/a><\/td><\/tr><\/tbody><\/table><\/div><\/section><\/section>\n","protected":false},"excerpt":{"rendered":"<p>Radseitiger Achsstummel f\u00fcr Piaggio Quargo Dieser radseitige Achsstummel f\u00fcr Piaggio Quargo wird direkt auf der Radachse installiert und mit der elastischen Kupplung verbunden. Im Gegensatz zum auf der Antriebswelle montierten Achsstummel weist er eine spezifische Verzahnung f\u00fcr die Verbindung auf der Radseite auf. Er ist wesentlich, um die korrekte \u00dcbertragung des Drehmoments auf die Nabe<\/p>\n<div class=\"klb-readmore button\"><a class=\"btn link\" href=\"https:\/\/damicoline.com\/de\/produkt\/radseitiger-achsstummel-fur-piaggio-quargo-mit-elastischer-kupplung\/\">Read More <i class=\"klbth-icon-right-arrow\"><\/i><\/a><\/div>\n","protected":false},"featured_media":10214,"template":"","meta":{"_sitemap_exclude":false,"_sitemap_priority":"","_sitemap_frequency":""},"product_brand":[2670],"product_cat":[1430,1425],"product_tag":[1676],"class_list":{"0":"post-10230","1":"product","2":"type-product","3":"status-publish","4":"has-post-thumbnail","6":"product_brand-aftermarket","7":"product_cat-antriebswelle","8":"product_cat-hintere-kraftubertragung","9":"product_tag-1676","11":"first","12":"instock","13":"sale","14":"taxable","15":"shipping-taxable","16":"purchasable","17":"product-type-simple"},"_links":{"self":[{"href":"https:\/\/damicoline.com\/de\/wp-json\/wp\/v2\/product\/10230","targetHints":{"allow":["GET"]}}],"collection":[{"href":"https:\/\/damicoline.com\/de\/wp-json\/wp\/v2\/product"}],"about":[{"href":"https:\/\/damicoline.com\/de\/wp-json\/wp\/v2\/types\/product"}],"wp:featuredmedia":[{"embeddable":true,"href":"https:\/\/damicoline.com\/de\/wp-json\/wp\/v2\/media\/10214"}],"wp:attachment":[{"href":"https:\/\/damicoline.com\/de\/wp-json\/wp\/v2\/media?parent=10230"}],"wp:term":[{"taxonomy":"product_brand","embeddable":true,"href":"https:\/\/damicoline.com\/de\/wp-json\/wp\/v2\/product_brand?post=10230"},{"taxonomy":"product_cat","embeddable":true,"href":"https:\/\/damicoline.com\/de\/wp-json\/wp\/v2\/product_cat?post=10230"},{"taxonomy":"product_tag","embeddable":true,"href":"https:\/\/damicoline.com\/de\/wp-json\/wp\/v2\/product_tag?post=10230"}],"curies":[{"name":"wp","href":"https:\/\/api.w.org\/{rel}","templated":true}]}}