{"id":10351,"date":"2025-07-03T15:09:07","date_gmt":"2025-07-03T13:09:07","guid":{"rendered":"https:\/\/damicoline.com\/product\/cilindretto-freno-posteriore-piaggio-quargo\/"},"modified":"2026-04-22T14:39:19","modified_gmt":"2026-04-22T12:39:19","slug":"hinterer-bremszylinder-fur-piaggio-quargo-kompatibel","status":"publish","type":"product","link":"https:\/\/damicoline.com\/de\/produkt\/hinterer-bremszylinder-fur-piaggio-quargo-kompatibel\/","title":{"rendered":"Hinterer Bremszylinder f\u00fcr Piaggio Quargo kompatibel"},"content":{"rendered":"<p><strong>Hinterer Bremszylinder f\u00fcr Piaggio Quargo<\/strong><\/p>\n<p>Ersatzteil kompatibel mit <strong>Piaggio Quargo<\/strong> in der Version mit <strong>vorderer Scheibenbremse<\/strong>. Dieser Bremszylinder ist ausschlie\u00dflich f\u00fcr die <strong>Montage hinten<\/strong> konzipiert und gew\u00e4hrleistet ein effektives und sicheres Bremsen.<\/p>\n<div class=\"text-sm text-gray-800 font-medium mb-2\"><div class=\"text-sm text-gray-800 font-medium mb-2\"><strong>Referenzcodes:<\/strong> 227549<\/div><\/div>\n<div class=\"oem-box mb-4\"><div class=\"oem-box mb-4\"><p class=\"text-sm text-gray-800 font-medium mb-2\">Typ: <strong>Original Piaggio<\/strong><\/p><p class=\"text-sm text-gray-700 mb-1\">Originalteil von Piaggio, f\u00fcr korrekte Passform und Leistung entwickelt.<\/p><p class=\"text-xs text-gray-500 mt-2\">Marken geh\u00f6ren den jeweiligen Inhabern.<\/p><\/div><\/div>\n<section class=\"compatibility-block mb-4\"><section class=\"compatibility-block mb-4\"><div class=\"product-extra-details hide-below-992\"><table class=\"woocommerce-product-attributes\"><tbody><tr><th colspan=\"2\"><span class=\"text-sm font-medium mb-2\">Kompatibel mit:<\/span><\/th><\/tr><tr><th>Fahrzeugmodell \u2013 Rahmenpr\u00e4fix:<\/th><td><a href=\"https:\/\/damicoline.com\/de\/shop\/?vx_brand=PIAGGIO&#038;vx_model=QUARGO%20702%20Diesel%20(2007-2017)&#038;vx_engine=LDW702\/P&#038;vx_years=2007-2017\">\ud83d\ude9a PIAGGIO QUARGO 702 Diesel (2007-2017) LDW702\/P (2007-2017) - ZAP4P10000<\/a><\/td><\/tr><\/tbody><\/table><\/div><\/section><\/section>\n","protected":false},"excerpt":{"rendered":"<p>Hinterer Bremszylinder f\u00fcr Piaggio Quargo Ersatzteil kompatibel mit Piaggio Quargo in der Version mit vorderer Scheibenbremse. Dieser Bremszylinder ist ausschlie\u00dflich f\u00fcr die Montage hinten konzipiert und gew\u00e4hrleistet ein effektives und sicheres Bremsen.<\/p>\n","protected":false},"featured_media":10341,"template":"","meta":{"_sitemap_exclude":false,"_sitemap_priority":"","_sitemap_frequency":""},"product_brand":[2672],"product_cat":[408,413],"product_tag":[1748],"class_list":{"0":"post-10351","1":"product","2":"type-product","3":"status-publish","4":"has-post-thumbnail","6":"product_brand-piaggio","7":"product_cat-bremssystem","8":"product_cat-trommelbremse","9":"product_tag-1748","11":"first","12":"instock","13":"sale","14":"taxable","15":"shipping-taxable","16":"purchasable","17":"product-type-simple"},"_links":{"self":[{"href":"https:\/\/damicoline.com\/de\/wp-json\/wp\/v2\/product\/10351","targetHints":{"allow":["GET"]}}],"collection":[{"href":"https:\/\/damicoline.com\/de\/wp-json\/wp\/v2\/product"}],"about":[{"href":"https:\/\/damicoline.com\/de\/wp-json\/wp\/v2\/types\/product"}],"wp:featuredmedia":[{"embeddable":true,"href":"https:\/\/damicoline.com\/de\/wp-json\/wp\/v2\/media\/10341"}],"wp:attachment":[{"href":"https:\/\/damicoline.com\/de\/wp-json\/wp\/v2\/media?parent=10351"}],"wp:term":[{"taxonomy":"product_brand","embeddable":true,"href":"https:\/\/damicoline.com\/de\/wp-json\/wp\/v2\/product_brand?post=10351"},{"taxonomy":"product_cat","embeddable":true,"href":"https:\/\/damicoline.com\/de\/wp-json\/wp\/v2\/product_cat?post=10351"},{"taxonomy":"product_tag","embeddable":true,"href":"https:\/\/damicoline.com\/de\/wp-json\/wp\/v2\/product_tag?post=10351"}],"curies":[{"name":"wp","href":"https:\/\/api.w.org\/{rel}","templated":true}]}}