{"id":10513,"date":"2025-07-07T13:22:19","date_gmt":"2025-07-07T11:22:19","guid":{"rendered":"https:\/\/damicoline.com\/product\/tappo-radiatore-1-1-bar-piaggio-porter-multitech\/"},"modified":"2026-04-22T14:40:03","modified_gmt":"2026-04-22T12:40:03","slug":"kuhlerdeckel-1-1-bar-fur-piaggio-porter-multitech","status":"publish","type":"product","link":"https:\/\/damicoline.com\/de\/produkt\/kuhlerdeckel-1-1-bar-fur-piaggio-porter-multitech\/","title":{"rendered":"K\u00fchlerdeckel 1.1 Bar f\u00fcr Piaggio Porter Multitech"},"content":{"rendered":"<p><strong>K\u00fchlerdeckel 1.1 Bar f\u00fcr Piaggio Porter Multitech<\/strong><\/p>\n<p>Ersatzteil kompatibel mit <strong>Piaggio Porter Multitech<\/strong>, dieser <strong>1.1 Bar Deckel<\/strong> ist sowohl f\u00fcr den <strong>K\u00fchler<\/strong> als auch f\u00fcr das <strong>Einf\u00fcllstutzenrohr<\/strong> geeignet. Er gew\u00e4hrleistet eine perfekte Abdichtung und h\u00e4lt den Druck des K\u00fchlsystems auch bei hohen Temperaturen konstant.<\/p>\n<div class=\"text-sm text-gray-800 font-medium mb-2\"><div class=\"text-sm text-gray-800 font-medium mb-2\"><strong>Referenzcodes:<\/strong> B005372<\/div><\/div>\n<div class=\"oem-box mb-4\"><div class=\"oem-box mb-4\"><p class=\"text-sm text-gray-800 font-medium mb-2\">Typ: <strong>Aftermarket<\/strong><\/p><p class=\"text-sm text-gray-700 mb-1\">Aftermarket-Komponente in Profiqualit\u00e4t, kompatibel mit den auf dieser Seite aufgef\u00fchrten Fahrzeugen.<\/p><p class=\"text-xs text-gray-500 mt-2\">Nicht von Piaggio hergestellt oder gebrandet. Marken geh\u00f6ren den jeweiligen Inhabern.<\/p><\/div><\/div>\n<section class=\"compatibility-block mb-4\"><section class=\"compatibility-block mb-4\"><div class=\"product-extra-details hide-below-992\"><table class=\"woocommerce-product-attributes\"><tbody><tr><th colspan=\"2\"><span class=\"text-sm font-medium mb-2\">Kompatibel mit:<\/span><\/th><\/tr><tr><th>Fahrzeugmodell \u2013 Rahmenpr\u00e4fix:<\/th><td><a href=\"https:\/\/damicoline.com\/de\/shop\/?vx_brand=PIAGGIO&#038;vx_model=PORTER%20Pianale%20piatto\/Telaio%201.3%20(2010-2015)&#038;vx_engine=DA471QLR&#038;vx_years=2010-2015\">\ud83d\ude9a PIAGGIO PORTER Pianale piatto\/Telaio 1.3 (2010-2015) DA471QLR (2010-2015) - ZAPS90CJ, ZAPS90PJ, ZAPS90TJ, ZAPS90VJ<\/a><\/td><\/tr><tr><th>Fahrzeugmodell \u2013 Rahmenpr\u00e4fix:<\/th><td><a href=\"https:\/\/damicoline.com\/de\/shop\/?vx_brand=PIAGGIO&#038;vx_model=PORTER%20Pianale%20piatto\/Telaio%201.3%20LPG%20(2015-2020)&#038;vx_engine=DAM13R&#038;vx_years=2015-2020\">\ud83d\ude9a PIAGGIO PORTER Pianale piatto\/Telaio 1.3 LPG (2015-2020) DAM13R (2015-2020) - ZAPS89CGW, ZAPS89PGW, ZAPS90VGW, ZAPS90TGW, ZAPS90PGW, ZAPS90CGW<\/a><\/td><\/tr><\/tbody><\/table><\/div><\/section><\/section>\n","protected":false},"excerpt":{"rendered":"<p>K\u00fchlerdeckel 1.1 Bar f\u00fcr Piaggio Porter Multitech Ersatzteil kompatibel mit Piaggio Porter Multitech, dieser 1.1 Bar Deckel ist sowohl f\u00fcr den K\u00fchler als auch f\u00fcr das Einf\u00fcllstutzenrohr geeignet. Er gew\u00e4hrleistet eine perfekte Abdichtung und h\u00e4lt den Druck des K\u00fchlsystems auch bei hohen Temperaturen konstant.<\/p>\n","protected":false},"featured_media":10497,"template":"","meta":{"_sitemap_exclude":false,"_sitemap_priority":"","_sitemap_frequency":""},"product_brand":[2670],"product_cat":[1260,403],"product_tag":[1826],"class_list":{"0":"post-10513","1":"product","2":"type-product","3":"status-publish","4":"has-post-thumbnail","6":"product_brand-aftermarket","7":"product_cat-kuehler","8":"product_cat-kuhlsystem","9":"product_tag-b005372","11":"first","12":"instock","13":"sale","14":"taxable","15":"shipping-taxable","16":"purchasable","17":"product-type-simple"},"_links":{"self":[{"href":"https:\/\/damicoline.com\/de\/wp-json\/wp\/v2\/product\/10513","targetHints":{"allow":["GET"]}}],"collection":[{"href":"https:\/\/damicoline.com\/de\/wp-json\/wp\/v2\/product"}],"about":[{"href":"https:\/\/damicoline.com\/de\/wp-json\/wp\/v2\/types\/product"}],"wp:featuredmedia":[{"embeddable":true,"href":"https:\/\/damicoline.com\/de\/wp-json\/wp\/v2\/media\/10497"}],"wp:attachment":[{"href":"https:\/\/damicoline.com\/de\/wp-json\/wp\/v2\/media?parent=10513"}],"wp:term":[{"taxonomy":"product_brand","embeddable":true,"href":"https:\/\/damicoline.com\/de\/wp-json\/wp\/v2\/product_brand?post=10513"},{"taxonomy":"product_cat","embeddable":true,"href":"https:\/\/damicoline.com\/de\/wp-json\/wp\/v2\/product_cat?post=10513"},{"taxonomy":"product_tag","embeddable":true,"href":"https:\/\/damicoline.com\/de\/wp-json\/wp\/v2\/product_tag?post=10513"}],"curies":[{"name":"wp","href":"https:\/\/api.w.org\/{rel}","templated":true}]}}