{"id":10621,"date":"2025-07-08T15:12:50","date_gmt":"2025-07-08T13:12:50","guid":{"rendered":"https:\/\/damicoline.com\/product\/kit-cuffia-semiasse-olio-piaggio-ape-ldw422-lcs422\/"},"modified":"2026-04-22T14:40:41","modified_gmt":"2026-04-22T12:40:41","slug":"achsmanschetten-kit-piaggio-ape-ldw422-und-lcs422","status":"publish","type":"product","link":"https:\/\/damicoline.com\/de\/produkt\/achsmanschetten-kit-piaggio-ape-ldw422-und-lcs422\/","title":{"rendered":"Achsmanschetten-Kit Piaggio Ape LDW422 und LCS422"},"content":{"rendered":"<p><strong>\u00d6ldichtungsmanschetten-Kit f\u00fcr Achse Piaggio Ape LDW422 und LCS422<\/strong><\/p>\n<p>Kompatibel mit <strong>Piaggio Ape Calessino LDW422<\/strong> und <strong>Ape LCS 422<\/strong>, ist dieses <strong>Achsmanschetten-Kit<\/strong> entwickelt, um die \u00d6labdichtung an den Gleichlaufgelenken zu gew\u00e4hrleisten.<\/p>\n<p>Das Kit beinhaltet:<\/p>\n<ul>\n<li><strong>Innere Manschette<\/strong> Code L2920189<\/li>\n<li><strong>\u00c4u\u00dfere Manschette<\/strong> Code L2920190<\/li>\n<li><strong>Spannschelle<\/strong><\/li>\n<\/ul>\n<p>Diese \u00d6ldichtungsmanschetten bieten Schutz gegen Leckagen und Eindringen und bewahren die ordnungsgem\u00e4\u00dfe Funktion der Achse.<\/p>\n<div class=\"text-sm text-gray-800 font-medium mb-2\"><div class=\"text-sm text-gray-800 font-medium mb-2\"><strong>Referenzcodes:<\/strong> L2920189 \u2013 L2920190 \u2013 L2920196<\/div><\/div>\n<div class=\"oem-box mb-4\"><div class=\"oem-box mb-4\"><p class=\"text-sm text-gray-800 font-medium mb-2\">Typ: <strong>Aftermarket<\/strong><\/p><p class=\"text-sm text-gray-700 mb-1\">Aftermarket-Komponente in Profiqualit\u00e4t, kompatibel mit den auf dieser Seite aufgef\u00fchrten Fahrzeugen.<\/p><p class=\"text-xs text-gray-500 mt-2\">Nicht von Piaggio hergestellt oder gebrandet. Marken geh\u00f6ren den jeweiligen Inhabern.<\/p><\/div><\/div>\n<section class=\"compatibility-block mb-4\"><section class=\"compatibility-block mb-4\"><div class=\"product-extra-details\"><table class=\"woocommerce-product-attributes\"><tbody><tr><th colspan=\"2\"><span class=\"text-sm font-medium mb-2\">Kompatibel mit:<\/span><\/th><\/tr><tr><th>Fahrzeugmodell \u2013 Rahmenpr\u00e4fix:<\/th><td>\ud83d\ude9a PIAGGIO APE CALESSINO 422 E2 (2007-2012) LDW422 (2007-2012) - ZAPT2D4MC, ZAPT3E9AC<\/td><\/tr><tr><th>Fahrzeugmodell \u2013 Rahmenpr\u00e4fix:<\/th><td>\ud83d\ude9a PIAGGIO APE CLASSIC MP601 E2 (2006-2013) LDW422 (2006-2013) - MC349B0D26B<\/td><\/tr><tr><th>Fahrzeugmodell \u2013 Rahmenpr\u00e4fix:<\/th><td>\ud83d\ude9a PIAGGIO APE TM703 DIESEL LCS 422 E1 (2005-2012) ATD2M (2005-2012) - ZAPT10000<\/td><\/tr><\/tbody><\/table><\/div><\/section><\/section>\n","protected":false},"excerpt":{"rendered":"<p>\u00d6ldichtungsmanschetten-Kit f\u00fcr Achse Piaggio Ape LDW422 und LCS422 Kompatibel mit Piaggio Ape Calessino LDW422 und Ape LCS 422, ist dieses Achsmanschetten-Kit entwickelt, um die \u00d6labdichtung an den Gleichlaufgelenken zu gew\u00e4hrleisten. Das Kit beinhaltet: Innere Manschette Code L2920189 \u00c4u\u00dfere Manschette Code L2920190 Spannschelle Diese \u00d6ldichtungsmanschetten bieten Schutz gegen Leckagen und Eindringen und bewahren die ordnungsgem\u00e4\u00dfe Funktion<\/p>\n<div class=\"klb-readmore button\"><a class=\"btn link\" href=\"https:\/\/damicoline.com\/de\/produkt\/achsmanschetten-kit-piaggio-ape-ldw422-und-lcs422\/\">Read More <i class=\"klbth-icon-right-arrow\"><\/i><\/a><\/div>\n","protected":false},"featured_media":10604,"template":"","meta":[],"product_brand":[2670],"product_cat":[1430,1425],"product_tag":[1869,1870,1871],"class_list":{"0":"post-10621","1":"product","2":"type-product","3":"status-publish","4":"has-post-thumbnail","6":"product_brand-aftermarket","7":"product_cat-antriebswelle","8":"product_cat-hintere-kraftubertragung","9":"product_tag-l2920189","10":"product_tag-l2920190","11":"product_tag-l2920196","13":"first","14":"outofstock","15":"sale","16":"taxable","17":"shipping-taxable","18":"purchasable","19":"product-type-simple"},"_links":{"self":[{"href":"https:\/\/damicoline.com\/de\/wp-json\/wp\/v2\/product\/10621","targetHints":{"allow":["GET"]}}],"collection":[{"href":"https:\/\/damicoline.com\/de\/wp-json\/wp\/v2\/product"}],"about":[{"href":"https:\/\/damicoline.com\/de\/wp-json\/wp\/v2\/types\/product"}],"wp:featuredmedia":[{"embeddable":true,"href":"https:\/\/damicoline.com\/de\/wp-json\/wp\/v2\/media\/10604"}],"wp:attachment":[{"href":"https:\/\/damicoline.com\/de\/wp-json\/wp\/v2\/media?parent=10621"}],"wp:term":[{"taxonomy":"product_brand","embeddable":true,"href":"https:\/\/damicoline.com\/de\/wp-json\/wp\/v2\/product_brand?post=10621"},{"taxonomy":"product_cat","embeddable":true,"href":"https:\/\/damicoline.com\/de\/wp-json\/wp\/v2\/product_cat?post=10621"},{"taxonomy":"product_tag","embeddable":true,"href":"https:\/\/damicoline.com\/de\/wp-json\/wp\/v2\/product_tag?post=10621"}],"curies":[{"name":"wp","href":"https:\/\/api.w.org\/{rel}","templated":true}]}}