{"id":10660,"date":"2025-07-08T15:45:10","date_gmt":"2025-07-08T13:45:10","guid":{"rendered":"https:\/\/damicoline.com\/product\/rondella-asse-ruota-posteriore-piaggio-quargo\/"},"modified":"2025-07-08T16:19:28","modified_gmt":"2025-07-08T14:19:28","slug":"hinterradachsen-unterlegscheibe-fur-piaggio-quargo","status":"publish","type":"product","link":"https:\/\/damicoline.com\/de\/produkt\/hinterradachsen-unterlegscheibe-fur-piaggio-quargo\/","title":{"rendered":"Hinterradachsen-Unterlegscheibe f\u00fcr Piaggio Quargo"},"content":{"rendered":"<p><strong>Hinterradachsen-Unterlegscheibe f\u00fcr Piaggio Quargo<\/strong><\/p>\n<p>Kompatibel mit <strong>Piaggio Quargo<\/strong>, ist diese <strong>Stahlunterlegscheibe<\/strong> daf\u00fcr ausgelegt, zwischen dem <strong>Spannkonus<\/strong> und der <strong>Mutter<\/strong> an der <strong>Hinterradachse<\/strong> montiert zu werden.<\/p>\n<p>Sie verteilt den Druck der Befestigung gleichm\u00e4\u00dfig und tr\u00e4gt zur Stabilit\u00e4t und Langlebigkeit der Radbaugruppe bei.<\/p>\n<div class=\"text-sm text-gray-800 font-medium mb-2\"><div class=\"text-sm text-gray-800 font-medium mb-2\"><strong>Referenzcodes:<\/strong> 003068<\/div><\/div>\n<div class=\"oem-box mb-4\">\t\t\t\t<div class=\"oem-box mb-4\">\n\t\t\t\t\t<p class=\"text-sm text-gray-800 font-medium mb-2\">Typ: <strong>Aftermarket<\/strong><\/p>\n\t\t\t\t\t<p class=\"text-sm text-gray-700 mb-1\">Aftermarket-Komponente in Profiqualit\u00e4t, kompatibel mit den auf dieser Seite aufgef\u00fchrten Fahrzeugen.<\/p>\n\t\t\t\t\t<p class=\"text-xs text-gray-500 mt-2\">*Nicht von Piaggio hergestellt oder gebrandet. Marken geh\u00f6ren den jeweiligen Inhabern.<\/p>\n\t\t\t\t<\/div>\n\t\t\t<\/div>\n<section class=\"compatibility-block mb-4\"><section class=\"compatibility-block mb-4\"><div class=\"product-extra-details hide-below-992\"><table class=\"woocommerce-product-attributes\"><tbody><tr><th colspan=\"2\"><span class=\"text-sm font-medium mb-2\">Kompatibel mit:<\/span><\/th><\/tr><tr><th>Fahrzeugmodell \u2013 Rahmenpr\u00e4fix:<\/th><td><a href=\"https:\/\/damicoline.com\/de\/shop\/?vx_brand=PIAGGIO&#038;vx_model=QUARGO%20702%20Diesel%20(2004-2006)&#038;vx_engine=LDW702\/P&#038;vx_years=2004-2006\">\ud83d\ude9a PIAGGIO QUARGO 702 Diesel (2004-2006) LDW702\/P (2004-2006) - ZAPP10000<\/a><\/td><\/tr><tr><th>Fahrzeugmodell \u2013 Rahmenpr\u00e4fix:<\/th><td><a href=\"https:\/\/damicoline.com\/de\/shop\/?vx_brand=PIAGGIO&#038;vx_model=QUARGO%20702%20Diesel%20(2007-2017)&#038;vx_engine=LDW702\/P&#038;vx_years=2007-2017\">\ud83d\ude9a PIAGGIO QUARGO 702 Diesel (2007-2017) LDW702\/P (2007-2017) - ZAP4P10000<\/a><\/td><\/tr><\/tbody><\/table><\/div><\/section><\/section>\n","protected":false},"excerpt":{"rendered":"<p>Hinterradachsen-Unterlegscheibe f\u00fcr Piaggio Quargo Kompatibel mit Piaggio Quargo, ist diese Stahlunterlegscheibe daf\u00fcr ausgelegt, zwischen dem Spannkonus und der Mutter an der Hinterradachse montiert zu werden. Sie verteilt den Druck der Befestigung gleichm\u00e4\u00dfig und tr\u00e4gt zur Stabilit\u00e4t und Langlebigkeit der Radbaugruppe bei.<\/p>\n","protected":false},"featured_media":10645,"template":"","meta":{"_sitemap_exclude":false,"_sitemap_priority":"","_sitemap_frequency":""},"product_brand":[2670],"product_cat":[1430,1425],"product_tag":[1893],"class_list":{"0":"post-10660","1":"product","2":"type-product","3":"status-publish","4":"has-post-thumbnail","6":"product_brand-aftermarket","7":"product_cat-antriebswelle","8":"product_cat-hintere-kraftubertragung","9":"product_tag-1893","11":"first","12":"instock","13":"sale","14":"taxable","15":"shipping-taxable","16":"purchasable","17":"product-type-simple"},"_links":{"self":[{"href":"https:\/\/damicoline.com\/de\/wp-json\/wp\/v2\/product\/10660","targetHints":{"allow":["GET"]}}],"collection":[{"href":"https:\/\/damicoline.com\/de\/wp-json\/wp\/v2\/product"}],"about":[{"href":"https:\/\/damicoline.com\/de\/wp-json\/wp\/v2\/types\/product"}],"wp:featuredmedia":[{"embeddable":true,"href":"https:\/\/damicoline.com\/de\/wp-json\/wp\/v2\/media\/10645"}],"wp:attachment":[{"href":"https:\/\/damicoline.com\/de\/wp-json\/wp\/v2\/media?parent=10660"}],"wp:term":[{"taxonomy":"product_brand","embeddable":true,"href":"https:\/\/damicoline.com\/de\/wp-json\/wp\/v2\/product_brand?post=10660"},{"taxonomy":"product_cat","embeddable":true,"href":"https:\/\/damicoline.com\/de\/wp-json\/wp\/v2\/product_cat?post=10660"},{"taxonomy":"product_tag","embeddable":true,"href":"https:\/\/damicoline.com\/de\/wp-json\/wp\/v2\/product_tag?post=10660"}],"curies":[{"name":"wp","href":"https:\/\/api.w.org\/{rel}","templated":true}]}}