{"id":10773,"date":"2025-07-09T15:13:13","date_gmt":"2025-07-09T13:13:13","guid":{"rendered":"https:\/\/damicoline.com\/product\/cerniera-sportello-universale-piaggio-porter-np6\/"},"modified":"2025-07-09T15:17:36","modified_gmt":"2025-07-09T13:17:36","slug":"universelles-turscharnier-fur-piaggio-porter-np6","status":"publish","type":"product","link":"https:\/\/damicoline.com\/de\/produkt\/universelles-turscharnier-fur-piaggio-porter-np6\/","title":{"rendered":"Universelles T\u00fcrscharnier f\u00fcr Piaggio Porter NP6"},"content":{"rendered":"<p><strong>Komplettes T\u00fcrscharnier f\u00fcr Piaggio Porter NP6<\/strong><\/p>\n<p>Universelles T\u00fcrscharnier f\u00fcr <strong>Piaggio Porter NP6<\/strong>, geeignet f\u00fcr die Montage sowohl auf der rechten als auch auf der linken Seite, in oberer oder unterer Position. Erm\u00f6glicht ein sanftes \u00d6ffnen und Schlie\u00dfen der T\u00fcr und gew\u00e4hrleistet mechanische Festigkeit und Langlebigkeit. Idealer Ersatz bei Abnutzung, \u00fcberm\u00e4\u00dfigem Spiel oder Verformungen der T\u00fcr.<\/p>\n<div class=\"text-sm text-gray-800 font-medium mb-2\"><div class=\"text-sm text-gray-800 font-medium mb-2\"><strong>Referenzcodes:<\/strong> WC&#51;&#54;&#49;&#48;&#49;&#49;&#48;&#48;&#48;&#49;A0<\/div><\/div>\n<div class=\"oem-box mb-4\">\t\t\t\t<div class=\"oem-box mb-4\">\n\t\t\t\t\t<p class=\"text-sm text-gray-800 font-medium mb-2\">Typ: <strong>OEM (Foton)<\/strong><\/p>\n\t\t\t\t\t<p class=\"text-sm text-gray-700 mb-1\">OEM-Niveau-Komponente von <strong>Foton<\/strong>, nach Originalspezifikation f\u00fcr korrekte Passform und Funktion.<\/p>\n\t\t\t\t\t<p class=\"text-xs text-gray-500 mt-2\">*Nicht von Piaggio gebrandet. Marken geh\u00f6ren den jeweiligen Inhabern.<\/p>\n\t\t\t\t<\/div>\n\t\t\t<\/div>\n<section class=\"compatibility-block mb-4\"><section class=\"compatibility-block mb-4\"><div class=\"product-extra-details hide-below-992\"><table class=\"woocommerce-product-attributes\"><tbody><tr><th colspan=\"2\"><span class=\"text-sm font-medium mb-2\">Kompatibel mit:<\/span><\/th><\/tr><tr><th>Fahrzeugmodell \u2013 Rahmenpr\u00e4fix:<\/th><td><a href=\"https:\/\/damicoline.com\/de\/shop\/?vx_brand=PIAGGIO&#038;vx_model=PORTER%20NP6%20MAXXI%20TW3000%201.5%20CNG%20(2021-)&#038;vx_engine=M15KRP&#038;vx_years=2021-\">\ud83d\ude9a PIAGGIO PORTER NP6 MAXXI TW3000 1.5 CNG (2021-) M15KRP (2021-) - ZAPNP6C1C0P, ZAPNP6B1C0P<\/a><\/td><\/tr><tr><th>Fahrzeugmodell \u2013 Rahmenpr\u00e4fix:<\/th><td><a href=\"https:\/\/damicoline.com\/de\/shop\/?vx_brand=PIAGGIO&#038;vx_model=PORTER%20NP6%20MAXXI%20TW3250%201.5%20CNG%20(2021-)&#038;vx_engine=M15KRP&#038;vx_years=2021-\">\ud83d\ude9a PIAGGIO PORTER NP6 MAXXI TW3250 1.5 CNG (2021-) M15KRP (2021-) - ZAPNP6C1D0P, ZAPNP6B1D0P<\/a><\/td><\/tr><tr><th>Fahrzeugmodell \u2013 Rahmenpr\u00e4fix:<\/th><td><a href=\"https:\/\/damicoline.com\/de\/shop\/?vx_brand=PIAGGIO&#038;vx_model=PORTER%20NP6%20STANDARD%20SW2650%201.5%20CNG%20(2021-)&#038;vx_engine=M15KRP&#038;vx_years=2021-\">\ud83d\ude9a PIAGGIO PORTER NP6 STANDARD SW2650 1.5 CNG (2021-) M15KRP (2021-) - ZAPNP6C1A0P, ZAPNP6B1A0P<\/a><\/td><\/tr><tr><th>Fahrzeugmodell \u2013 Rahmenpr\u00e4fix:<\/th><td><a href=\"https:\/\/damicoline.com\/de\/shop\/?vx_brand=PIAGGIO&#038;vx_model=PORTER%20NP6%20STANDARD%20SW3070%201.5%20CNG%20(2021-)&#038;vx_engine=M15KRP&#038;vx_years=2021-\">\ud83d\ude9a PIAGGIO PORTER NP6 STANDARD SW3070 1.5 CNG (2021-) M15KRP (2021-) - ZAPNP6C1B0P, ZAPNP6B1B0P<\/a><\/td><\/tr><\/tbody><\/table><\/div><\/section><\/section>\n","protected":false},"excerpt":{"rendered":"<p>Komplettes T\u00fcrscharnier f\u00fcr Piaggio Porter NP6 Universelles T\u00fcrscharnier f\u00fcr Piaggio Porter NP6, geeignet f\u00fcr die Montage sowohl auf der rechten als auch auf der linken Seite, in oberer oder unterer Position. Erm\u00f6glicht ein sanftes \u00d6ffnen und Schlie\u00dfen der T\u00fcr und gew\u00e4hrleistet mechanische Festigkeit und Langlebigkeit. Idealer Ersatz bei Abnutzung, \u00fcberm\u00e4\u00dfigem Spiel oder Verformungen der T\u00fcr.<\/p>\n","protected":false},"featured_media":10768,"template":"","meta":{"_sitemap_exclude":false,"_sitemap_priority":"","_sitemap_frequency":""},"product_brand":[2671],"product_cat":[492,496],"product_tag":[1935],"class_list":{"0":"post-10773","1":"product","2":"type-product","3":"status-publish","4":"has-post-thumbnail","6":"product_brand-foton","7":"product_cat-fahrwerksteile","8":"product_cat-turgriffe","9":"product_tag-wc3610110001a0","11":"first","12":"instock","13":"sale","14":"taxable","15":"shipping-taxable","16":"purchasable","17":"product-type-simple"},"_links":{"self":[{"href":"https:\/\/damicoline.com\/de\/wp-json\/wp\/v2\/product\/10773","targetHints":{"allow":["GET"]}}],"collection":[{"href":"https:\/\/damicoline.com\/de\/wp-json\/wp\/v2\/product"}],"about":[{"href":"https:\/\/damicoline.com\/de\/wp-json\/wp\/v2\/types\/product"}],"wp:featuredmedia":[{"embeddable":true,"href":"https:\/\/damicoline.com\/de\/wp-json\/wp\/v2\/media\/10768"}],"wp:attachment":[{"href":"https:\/\/damicoline.com\/de\/wp-json\/wp\/v2\/media?parent=10773"}],"wp:term":[{"taxonomy":"product_brand","embeddable":true,"href":"https:\/\/damicoline.com\/de\/wp-json\/wp\/v2\/product_brand?post=10773"},{"taxonomy":"product_cat","embeddable":true,"href":"https:\/\/damicoline.com\/de\/wp-json\/wp\/v2\/product_cat?post=10773"},{"taxonomy":"product_tag","embeddable":true,"href":"https:\/\/damicoline.com\/de\/wp-json\/wp\/v2\/product_tag?post=10773"}],"curies":[{"name":"wp","href":"https:\/\/api.w.org\/{rel}","templated":true}]}}