{"id":10862,"date":"2025-07-10T10:51:30","date_gmt":"2025-07-10T08:51:30","guid":{"rendered":"https:\/\/damicoline.com\/product\/filtro-olio-piaggio-ape-classic-400-diesel\/"},"modified":"2025-07-10T11:31:17","modified_gmt":"2025-07-10T09:31:17","slug":"olfilter-fur-piaggio-ape-classic-400-diesel-prazises-ersatzteil","status":"publish","type":"product","link":"https:\/\/damicoline.com\/de\/produkt\/olfilter-fur-piaggio-ape-classic-400-diesel-prazises-ersatzteil\/","title":{"rendered":"\u00d6lfilter f\u00fcr Piaggio Ape Classic 400 Diesel. Pr\u00e4zises Ersatzteil"},"content":{"rendered":"<p><strong>\u00d6lfilter f\u00fcr Piaggio Ape Classic 400 Diesel<\/strong><\/p>\n<p>\u00d6lfilter f\u00fcr den Motor, entworfen f\u00fcr <strong>Piaggio Ape Classic 400 Diesel<\/strong>. Essenziell, um Verunreinigungen zur\u00fcckzuhalten und eine effektive Schmierung zu gew\u00e4hrleisten, bietet dieses Ersatzteil maximalen Schutz f\u00fcr den Motor und verl\u00e4ngert die Lebensdauer des Fahrzeugs.<\/p>\n<div class=\"text-sm text-gray-800 font-medium mb-2\"><div class=\"text-sm text-gray-800 font-medium mb-2\"><strong>Referenzcodes:<\/strong> ED42244P<\/div><\/div>\n<div class=\"oem-box mb-4\">\t\t\t\t<div class=\"oem-box mb-4\">\n\t\t\t\t\t<p class=\"text-sm text-gray-800 font-medium mb-2\">Typ: <strong>Aftermarket<\/strong><\/p>\n\t\t\t\t\t<p class=\"text-sm text-gray-700 mb-1\">Aftermarket-Komponente in Profiqualit\u00e4t, kompatibel mit den auf dieser Seite aufgef\u00fchrten Fahrzeugen.<\/p>\n\t\t\t\t\t<p class=\"text-xs text-gray-500 mt-2\">*Nicht von Piaggio hergestellt oder gebrandet. Marken geh\u00f6ren den jeweiligen Inhabern.<\/p>\n\t\t\t\t<\/div>\n\t\t\t<\/div>\n<section class=\"compatibility-block mb-4\"><section class=\"compatibility-block mb-4\"><div class=\"product-extra-details hide-below-992\"><table class=\"woocommerce-product-attributes\"><tbody><tr><th colspan=\"2\"><span class=\"text-sm font-medium mb-2\">Kompatibel mit:<\/span><\/th><\/tr><tr><th>Fahrzeugmodell \u2013 Rahmenpr\u00e4fix:<\/th><td><a href=\"https:\/\/damicoline.com\/de\/shop\/?vx_brand=PIAGGIO&#038;vx_model=APE%20CLASSIC%20400%20IE%20E2%20(2014-2017)&#038;vx_engine=S4C8&#038;vx_years=2014-2017\">\ud83d\ude9a PIAGGIO APE CLASSIC 400 IE E2 (2014-2017) S4C8 (2014-2017) - MBX000T58RC<\/a><\/td><\/tr><tr><th>Fahrzeugmodell \u2013 Rahmenpr\u00e4fix:<\/th><td><a href=\"https:\/\/damicoline.com\/de\/shop\/?vx_brand=PIAGGIO&#038;vx_model=APE%20CLASSIC%20400%20IE%20E4%20(2017-2023)&#038;vx_engine=S6E8&#038;vx_years=2017-2023\">\ud83d\ude9a PIAGGIO APE CLASSIC 400 IE E4 (2017-2023) S6E8 (2017-2023) - MBX000T7BSE<\/a><\/td><\/tr><\/tbody><\/table><\/div><\/section><\/section>\n","protected":false},"excerpt":{"rendered":"<p>\u00d6lfilter f\u00fcr Piaggio Ape Classic 400 Diesel \u00d6lfilter f\u00fcr den Motor, entworfen f\u00fcr Piaggio Ape Classic 400 Diesel. Essenziell, um Verunreinigungen zur\u00fcckzuhalten und eine effektive Schmierung zu gew\u00e4hrleisten, bietet dieses Ersatzteil maximalen Schutz f\u00fcr den Motor und verl\u00e4ngert die Lebensdauer des Fahrzeugs.<\/p>\n","protected":false},"featured_media":10844,"template":"","meta":{"_sitemap_exclude":false,"_sitemap_priority":"","_sitemap_frequency":""},"product_brand":[2670],"product_cat":[518,1623],"product_tag":[1989],"class_list":{"0":"post-10862","1":"product","2":"type-product","3":"status-publish","4":"has-post-thumbnail","6":"product_brand-aftermarket","7":"product_cat-filter","8":"product_cat-olfilter","9":"product_tag-ed42244p","11":"first","12":"instock","13":"sale","14":"taxable","15":"shipping-taxable","16":"purchasable","17":"product-type-simple"},"_links":{"self":[{"href":"https:\/\/damicoline.com\/de\/wp-json\/wp\/v2\/product\/10862","targetHints":{"allow":["GET"]}}],"collection":[{"href":"https:\/\/damicoline.com\/de\/wp-json\/wp\/v2\/product"}],"about":[{"href":"https:\/\/damicoline.com\/de\/wp-json\/wp\/v2\/types\/product"}],"wp:featuredmedia":[{"embeddable":true,"href":"https:\/\/damicoline.com\/de\/wp-json\/wp\/v2\/media\/10844"}],"wp:attachment":[{"href":"https:\/\/damicoline.com\/de\/wp-json\/wp\/v2\/media?parent=10862"}],"wp:term":[{"taxonomy":"product_brand","embeddable":true,"href":"https:\/\/damicoline.com\/de\/wp-json\/wp\/v2\/product_brand?post=10862"},{"taxonomy":"product_cat","embeddable":true,"href":"https:\/\/damicoline.com\/de\/wp-json\/wp\/v2\/product_cat?post=10862"},{"taxonomy":"product_tag","embeddable":true,"href":"https:\/\/damicoline.com\/de\/wp-json\/wp\/v2\/product_tag?post=10862"}],"curies":[{"name":"wp","href":"https:\/\/api.w.org\/{rel}","templated":true}]}}