{"id":10867,"date":"2025-07-10T10:58:30","date_gmt":"2025-07-10T08:58:30","guid":{"rendered":"https:\/\/damicoline.com\/product\/filtro-olio-ape-calessino-200-leader-quasar\/"},"modified":"2025-07-10T11:33:19","modified_gmt":"2025-07-10T09:33:19","slug":"olfilter-ape-calessino-200-leader-quasar-125-300cc-piaggio","status":"publish","type":"product","link":"https:\/\/damicoline.com\/de\/produkt\/olfilter-ape-calessino-200-leader-quasar-125-300cc-piaggio\/","title":{"rendered":"\u00d6lfilter Ape Calessino 200 Leader Quasar 125-300cc Piaggio"},"content":{"rendered":"<p><strong>\u00d6lfilter f\u00fcr Ape Calessino 200 Benzin und Piaggio Roller Leader &amp; Quasar 125-300cc<\/strong><\/p>\n<p>\u00d6lfilter f\u00fcr Motoren, kompatibel mit <strong>Ape Calessino 200 Benzin<\/strong> und Piaggio Roller mit <strong>Leader<\/strong> und <strong>Quasar<\/strong> Motoren von <strong>125cc bis 300cc<\/strong>. Ideal zum Zur\u00fcckhalten von Verunreinigungen, gew\u00e4hrleistet es eine optimale Schmierung und sch\u00fctzt den Motor, um Leistung und Zuverl\u00e4ssigkeit sowohl f\u00fcr Nutzfahrzeuge als auch f\u00fcr Piaggio Roller zu sichern.<\/p>\n<div class=\"text-sm text-gray-800 font-medium mb-2\"><div class=\"text-sm text-gray-800 font-medium mb-2\"><strong>Referenzcodes:<\/strong> 1A022356 \u2013 82635R<\/div><\/div>\n<div class=\"oem-box mb-4\">\t\t\t\t<div class=\"oem-box mb-4\">\n\t\t\t\t\t<p class=\"text-sm text-gray-800 font-medium mb-2\">Typ: <strong>Aftermarket<\/strong><\/p>\n\t\t\t\t\t<p class=\"text-sm text-gray-700 mb-1\">Aftermarket-Komponente in Profiqualit\u00e4t, kompatibel mit den auf dieser Seite aufgef\u00fchrten Fahrzeugen.<\/p>\n\t\t\t\t\t<p class=\"text-xs text-gray-500 mt-2\">*Nicht von Piaggio hergestellt oder gebrandet. Marken geh\u00f6ren den jeweiligen Inhabern.<\/p>\n\t\t\t\t<\/div>\n\t\t\t<\/div>\n<section class=\"compatibility-block mb-4\"><section class=\"compatibility-block mb-4\"><div class=\"product-extra-details hide-below-992\"><table class=\"woocommerce-product-attributes\"><tbody><tr><th colspan=\"2\"><span class=\"text-sm font-medium mb-2\">Kompatibel mit:<\/span><\/th><\/tr><tr><th>Fahrzeugmodell \u2013 Rahmenpr\u00e4fix:<\/th><td><a href=\"https:\/\/damicoline.com\/de\/shop\/?vx_brand=PIAGGIO&#038;vx_model=APE%20CALESSINO%20200%20E2%20(2013-2017)&#038;vx_engine=TBP4M&#038;vx_years=2013-2017\">\ud83d\ude9a PIAGGIO APE CALESSINO 200 E2 (2013-2017) TBP4M (2013-2017) - ZAPT42PMC, ZAPT42P00<\/a><\/td><\/tr><tr><th>Fahrzeugmodell \u2013 Rahmenpr\u00e4fix:<\/th><td><a href=\"https:\/\/damicoline.com\/de\/shop\/?vx_brand=PIAGGIO&#038;vx_model=APE%20CALESSINO%20200%20HPE%20E4%20(2017-2023)&#038;vx_engine=TBPDF&#038;vx_years=2017-2023\">\ud83d\ude9a PIAGGIO APE CALESSINO 200 HPE E4 (2017-2023) TBPDF (2017-2023) - ZAPT64P00<\/a><\/td><\/tr><\/tbody><\/table><\/div><\/section><\/section>\n","protected":false},"excerpt":{"rendered":"<p>\u00d6lfilter f\u00fcr Ape Calessino 200 Benzin und Piaggio Roller Leader &amp; Quasar 125-300cc \u00d6lfilter f\u00fcr Motoren, kompatibel mit Ape Calessino 200 Benzin und Piaggio Roller mit Leader und Quasar Motoren von 125cc bis 300cc. Ideal zum Zur\u00fcckhalten von Verunreinigungen, gew\u00e4hrleistet es eine optimale Schmierung und sch\u00fctzt den Motor, um Leistung und Zuverl\u00e4ssigkeit sowohl f\u00fcr Nutzfahrzeuge<\/p>\n<div class=\"klb-readmore button\"><a class=\"btn link\" href=\"https:\/\/damicoline.com\/de\/produkt\/olfilter-ape-calessino-200-leader-quasar-125-300cc-piaggio\/\">Read More <i class=\"klbth-icon-right-arrow\"><\/i><\/a><\/div>\n","protected":false},"featured_media":10852,"template":"","meta":{"_sitemap_exclude":false,"_sitemap_priority":"","_sitemap_frequency":""},"product_brand":[2670],"product_cat":[518,1623],"product_tag":[3243,1994],"class_list":{"0":"post-10867","1":"product","2":"type-product","3":"status-publish","4":"has-post-thumbnail","6":"product_brand-aftermarket","7":"product_cat-filter","8":"product_cat-olfilter","9":"product_tag-1a022356","10":"product_tag-82635r","12":"first","13":"instock","14":"sale","15":"taxable","16":"shipping-taxable","17":"purchasable","18":"product-type-simple"},"_links":{"self":[{"href":"https:\/\/damicoline.com\/de\/wp-json\/wp\/v2\/product\/10867","targetHints":{"allow":["GET"]}}],"collection":[{"href":"https:\/\/damicoline.com\/de\/wp-json\/wp\/v2\/product"}],"about":[{"href":"https:\/\/damicoline.com\/de\/wp-json\/wp\/v2\/types\/product"}],"wp:featuredmedia":[{"embeddable":true,"href":"https:\/\/damicoline.com\/de\/wp-json\/wp\/v2\/media\/10852"}],"wp:attachment":[{"href":"https:\/\/damicoline.com\/de\/wp-json\/wp\/v2\/media?parent=10867"}],"wp:term":[{"taxonomy":"product_brand","embeddable":true,"href":"https:\/\/damicoline.com\/de\/wp-json\/wp\/v2\/product_brand?post=10867"},{"taxonomy":"product_cat","embeddable":true,"href":"https:\/\/damicoline.com\/de\/wp-json\/wp\/v2\/product_cat?post=10867"},{"taxonomy":"product_tag","embeddable":true,"href":"https:\/\/damicoline.com\/de\/wp-json\/wp\/v2\/product_tag?post=10867"}],"curies":[{"name":"wp","href":"https:\/\/api.w.org\/{rel}","templated":true}]}}