{"id":10913,"date":"2025-07-17T15:57:47","date_gmt":"2025-07-17T13:57:47","guid":{"rendered":"https:\/\/damicoline.com\/product\/tubazione-overflow-gasolio-ape-400-euro-4\/"},"modified":"2025-07-17T16:42:27","modified_gmt":"2025-07-17T14:42:27","slug":"diesel-uberlaufleitung-piaggio-ape-400-euro-4","status":"publish","type":"product","link":"https:\/\/damicoline.com\/de\/produkt\/diesel-uberlaufleitung-piaggio-ape-400-euro-4\/","title":{"rendered":"Diesel-\u00dcberlaufleitung Piaggio Ape 400 Euro 4"},"content":{"rendered":"<p><strong>Diesel-\u00dcberlaufleitung f\u00fcr Piaggio Ape 400 Euro 4<\/strong><\/p>\n<p>Diesel-\u00dcberlaufleitung, die f\u00fcr das Kraftstoffsystem des <strong>Piaggio Ape 400 Euro 4<\/strong> entwickelt wurde. Diese Leitung erm\u00f6glicht das korrekte Ablassen und die R\u00fcckf\u00fchrung von \u00fcbersch\u00fcssigem Diesel, um Stagnation und Verluste im Kreislauf zu verhindern. Idealer Ersatz, um die Effizienz und Sicherheit der Kraftstoffanlage zu gew\u00e4hrleisten.<\/p>\n<div class=\"text-sm text-gray-800 font-medium mb-2\"><div class=\"text-sm text-gray-800 font-medium mb-2\"><strong>Referenzcodes:<\/strong> E10T120010<\/div><\/div>\n<div class=\"oem-box mb-4\">\t\t\t\t<div class=\"oem-box mb-4\">\n\t\t\t\t\t<p class=\"text-sm text-gray-800 font-medium mb-2\">Typ: <strong>Aftermarket<\/strong><\/p>\n\t\t\t\t\t<p class=\"text-sm text-gray-700 mb-1\">Aftermarket-Komponente in Profiqualit\u00e4t, kompatibel mit den auf dieser Seite aufgef\u00fchrten Fahrzeugen.<\/p>\n\t\t\t\t\t<p class=\"text-xs text-gray-500 mt-2\">*Nicht von Piaggio hergestellt oder gebrandet. Marken geh\u00f6ren den jeweiligen Inhabern.<\/p>\n\t\t\t\t<\/div>\n\t\t\t<\/div>\n<section class=\"compatibility-block mb-4\"><section class=\"compatibility-block mb-4\"><div class=\"product-extra-details hide-below-992\"><table class=\"woocommerce-product-attributes\"><tbody><tr><th colspan=\"2\"><span class=\"text-sm font-medium mb-2\">Kompatibel mit:<\/span><\/th><\/tr><tr><th>Fahrzeugmodell \u2013 Rahmenpr\u00e4fix:<\/th><td><a href=\"https:\/\/damicoline.com\/de\/shop\/?vx_brand=PIAGGIO&#038;vx_model=APE%20CLASSIC%20400%20IE%20E4%20(2017-2023)&#038;vx_engine=S6E8&#038;vx_years=2017-2023\">\ud83d\ude9a PIAGGIO APE CLASSIC 400 IE E4 (2017-2023) S6E8 (2017-2023) - MBX000T7BSE<\/a><\/td><\/tr><\/tbody><\/table><\/div><\/section><\/section>\n","protected":false},"excerpt":{"rendered":"<p>Diesel-\u00dcberlaufleitung f\u00fcr Piaggio Ape 400 Euro 4 Diesel-\u00dcberlaufleitung, die f\u00fcr das Kraftstoffsystem des Piaggio Ape 400 Euro 4 entwickelt wurde. Diese Leitung erm\u00f6glicht das korrekte Ablassen und die R\u00fcckf\u00fchrung von \u00fcbersch\u00fcssigem Diesel, um Stagnation und Verluste im Kreislauf zu verhindern. Idealer Ersatz, um die Effizienz und Sicherheit der Kraftstoffanlage zu gew\u00e4hrleisten.<\/p>\n","protected":false},"featured_media":10900,"template":"","meta":{"_sitemap_exclude":false,"_sitemap_priority":"","_sitemap_frequency":""},"product_brand":[2670],"product_cat":[2002,1577],"product_tag":[2007],"class_list":{"0":"post-10913","1":"product","2":"type-product","3":"status-publish","4":"has-post-thumbnail","6":"product_brand-aftermarket","7":"product_cat-kraftstoffleitungen","8":"product_cat-kraftstoffsystem","9":"product_tag-e10t120010","11":"first","12":"instock","13":"sale","14":"taxable","15":"shipping-taxable","16":"purchasable","17":"product-type-simple"},"_links":{"self":[{"href":"https:\/\/damicoline.com\/de\/wp-json\/wp\/v2\/product\/10913","targetHints":{"allow":["GET"]}}],"collection":[{"href":"https:\/\/damicoline.com\/de\/wp-json\/wp\/v2\/product"}],"about":[{"href":"https:\/\/damicoline.com\/de\/wp-json\/wp\/v2\/types\/product"}],"wp:featuredmedia":[{"embeddable":true,"href":"https:\/\/damicoline.com\/de\/wp-json\/wp\/v2\/media\/10900"}],"wp:attachment":[{"href":"https:\/\/damicoline.com\/de\/wp-json\/wp\/v2\/media?parent=10913"}],"wp:term":[{"taxonomy":"product_brand","embeddable":true,"href":"https:\/\/damicoline.com\/de\/wp-json\/wp\/v2\/product_brand?post=10913"},{"taxonomy":"product_cat","embeddable":true,"href":"https:\/\/damicoline.com\/de\/wp-json\/wp\/v2\/product_cat?post=10913"},{"taxonomy":"product_tag","embeddable":true,"href":"https:\/\/damicoline.com\/de\/wp-json\/wp\/v2\/product_tag?post=10913"}],"curies":[{"name":"wp","href":"https:\/\/api.w.org\/{rel}","templated":true}]}}