{"id":10974,"date":"2025-07-18T15:48:57","date_gmt":"2025-07-18T13:48:57","guid":{"rendered":"https:\/\/damicoline.com\/product\/kit-frizione-piaggio-porter-multitech-euro-4-5\/"},"modified":"2026-04-22T14:42:36","modified_gmt":"2026-04-22T12:42:36","slug":"komplettes-kupplungsset-piaggio-porter-multitech-euro-4-5","status":"publish","type":"product","link":"https:\/\/damicoline.com\/de\/produkt\/komplettes-kupplungsset-piaggio-porter-multitech-euro-4-5\/","title":{"rendered":"Komplettes Kupplungsset Piaggio Porter Multitech Euro 4-5"},"content":{"rendered":"<p><strong>Komplettes Kupplungsset f\u00fcr Piaggio Porter Multitech Euro 4 &#8211; 5<\/strong><\/p>\n<p>Kit bestehend aus <strong>3 Teilen<\/strong>, kompatibel mit <strong>Piaggio Porter Multitech Euro 4 &#8211; 5<\/strong>:<\/p>\n<ul>\n<li>Kupplungsscheibe<\/li>\n<li>Kupplungsdeckel<\/li>\n<li>Ausr\u00fccklager<\/li>\n<\/ul>\n<p>Ideales Ersatzteil f\u00fcr die Wiederherstellung des gesamten Kupplungssystems, gew\u00e4hrleistet sanftes Einr\u00fccken, Langlebigkeit und Zuverl\u00e4ssigkeit bei allen Multitech Euro 4 und Euro 5 Modellen.<\/p>\n<div class=\"text-sm text-gray-800 font-medium mb-2\"><div class=\"text-sm text-gray-800 font-medium mb-2\"><strong>Referenzcodes:<\/strong> 1R000148 \u2013 B010291 \u2013 B010762 \u2013 B010763<\/div><\/div>\n<div class=\"oem-box mb-4\"><div class=\"oem-box mb-4\"><p class=\"text-sm text-gray-800 font-medium mb-2\">Typ: <strong>Aftermarket<\/strong><\/p><p class=\"text-sm text-gray-700 mb-1\">Aftermarket-Komponente in Profiqualit\u00e4t, kompatibel mit den auf dieser Seite aufgef\u00fchrten Fahrzeugen.<\/p><p class=\"text-xs text-gray-500 mt-2\">Nicht von Piaggio hergestellt oder gebrandet. Marken geh\u00f6ren den jeweiligen Inhabern.<\/p><\/div><\/div>\n<section class=\"compatibility-block mb-4\"><section class=\"compatibility-block mb-4\"><div class=\"product-extra-details hide-below-992\"><table class=\"woocommerce-product-attributes\"><tbody><tr><th colspan=\"2\"><span class=\"text-sm font-medium mb-2\">Kompatibel mit:<\/span><\/th><\/tr><tr><th>Fahrzeugmodell \u2013 Rahmenpr\u00e4fix:<\/th><td><a href=\"https:\/\/damicoline.com\/de\/shop\/?vx_brand=PIAGGIO&#038;vx_model=PORTER%20Maxxi%201.3%20(2010-2015)&#038;vx_engine=DA471QLR&#038;vx_years=2010-2015\">\ud83d\ude9a PIAGGIO PORTER Maxxi 1.3 (2010-2015) DA471QLR (2010-2015) - ZAPS90DJ, ZAPS90AJ, ZAPS90RJ<\/a><\/td><\/tr><tr><th>Fahrzeugmodell \u2013 Rahmenpr\u00e4fix:<\/th><td><a href=\"https:\/\/damicoline.com\/de\/shop\/?vx_brand=PIAGGIO&#038;vx_model=PORTER%20Pianale%20piatto\/Telaio%201.3%20(2010-2015)&#038;vx_engine=DA471QLR&#038;vx_years=2010-2015\">\ud83d\ude9a PIAGGIO PORTER Pianale piatto\/Telaio 1.3 (2010-2015) DA471QLR (2010-2015) - ZAPS90CJ, ZAPS90PJ, ZAPS90TJ, ZAPS90VJ<\/a><\/td><\/tr><\/tbody><\/table><\/div><\/section><\/section>\n","protected":false},"excerpt":{"rendered":"<p>Komplettes Kupplungsset f\u00fcr Piaggio Porter Multitech Euro 4 &#8211; 5 Kit bestehend aus 3 Teilen, kompatibel mit Piaggio Porter Multitech Euro 4 &#8211; 5: Kupplungsscheibe Kupplungsdeckel Ausr\u00fccklager Ideales Ersatzteil f\u00fcr die Wiederherstellung des gesamten Kupplungssystems, gew\u00e4hrleistet sanftes Einr\u00fccken, Langlebigkeit und Zuverl\u00e4ssigkeit bei allen Multitech Euro 4 und Euro 5 Modellen.<\/p>\n","protected":false},"featured_media":10969,"template":"","meta":{"_sitemap_exclude":false,"_sitemap_priority":"","_sitemap_frequency":""},"product_brand":[2670],"product_cat":[563,418],"product_tag":[2048,2049,2050,2051],"class_list":{"0":"post-10974","1":"product","2":"type-product","3":"status-publish","4":"has-post-thumbnail","6":"product_brand-aftermarket","7":"product_cat-kupplung","8":"product_cat-motorteile","9":"product_tag-1r000148","10":"product_tag-b010291","11":"product_tag-b010762","12":"product_tag-b010763","14":"first","15":"outofstock","16":"sale","17":"taxable","18":"shipping-taxable","19":"purchasable","20":"product-type-simple"},"_links":{"self":[{"href":"https:\/\/damicoline.com\/de\/wp-json\/wp\/v2\/product\/10974","targetHints":{"allow":["GET"]}}],"collection":[{"href":"https:\/\/damicoline.com\/de\/wp-json\/wp\/v2\/product"}],"about":[{"href":"https:\/\/damicoline.com\/de\/wp-json\/wp\/v2\/types\/product"}],"wp:featuredmedia":[{"embeddable":true,"href":"https:\/\/damicoline.com\/de\/wp-json\/wp\/v2\/media\/10969"}],"wp:attachment":[{"href":"https:\/\/damicoline.com\/de\/wp-json\/wp\/v2\/media?parent=10974"}],"wp:term":[{"taxonomy":"product_brand","embeddable":true,"href":"https:\/\/damicoline.com\/de\/wp-json\/wp\/v2\/product_brand?post=10974"},{"taxonomy":"product_cat","embeddable":true,"href":"https:\/\/damicoline.com\/de\/wp-json\/wp\/v2\/product_cat?post=10974"},{"taxonomy":"product_tag","embeddable":true,"href":"https:\/\/damicoline.com\/de\/wp-json\/wp\/v2\/product_tag?post=10974"}],"curies":[{"name":"wp","href":"https:\/\/api.w.org\/{rel}","templated":true}]}}