{"id":11047,"date":"2025-07-22T12:34:07","date_gmt":"2025-07-22T10:34:07","guid":{"rendered":"https:\/\/damicoline.com\/product\/pompa-carburante-porter-diesel-ldw-1404p\/"},"modified":"2025-07-23T18:18:45","modified_gmt":"2025-07-23T16:18:45","slug":"kraftstoffpumpe-porter-diesel-ldw-1404-p-prazises-ersatzteil","status":"publish","type":"product","link":"https:\/\/damicoline.com\/de\/produkt\/kraftstoffpumpe-porter-diesel-ldw-1404-p-prazises-ersatzteil\/","title":{"rendered":"Kraftstoffpumpe Porter Diesel LDW-1404\/P. Pr\u00e4zises Ersatzteil"},"content":{"rendered":"<p><strong>Kraftstoffpumpe (Zufuhr) f\u00fcr Piaggio Porter Diesel LDW-1404\/P<\/strong><\/p>\n<p>Mechanisches Ersatzteil kompatibel mit <strong>Piaggio Porter Diesel LDW-1404\/P<\/strong>. Diese Dieselzufuhrpumpe gew\u00e4hrleistet einen konstanten Kraftstofffluss zum Motor, was Effizienz, schnelle Starts und maximale Zuverl\u00e4ssigkeit \u00fcber die Zeit sicherstellt.<\/p>\n<div class=\"text-sm text-gray-800 font-medium mb-2\"><div class=\"text-sm text-gray-800 font-medium mb-2\"><strong>Referenzcodes:<\/strong> 850509<\/div><\/div>\n<div class=\"oem-box mb-4\">\t\t\t\t<div class=\"oem-box mb-4\">\n\t\t\t\t\t<p class=\"text-sm text-gray-800 font-medium mb-2\">Typ: <strong>Aftermarket<\/strong><\/p>\n\t\t\t\t\t<p class=\"text-sm text-gray-700 mb-1\">Aftermarket-Komponente in Profiqualit\u00e4t, kompatibel mit den auf dieser Seite aufgef\u00fchrten Fahrzeugen.<\/p>\n\t\t\t\t\t<p class=\"text-xs text-gray-500 mt-2\">*Nicht von Piaggio hergestellt oder gebrandet. Marken geh\u00f6ren den jeweiligen Inhabern.<\/p>\n\t\t\t\t<\/div>\n\t\t\t<\/div>\n<section class=\"compatibility-block mb-4\"><section class=\"compatibility-block mb-4\"><div class=\"product-extra-details hide-below-992\"><table class=\"woocommerce-product-attributes\"><tbody><tr><th colspan=\"2\"><span class=\"text-sm font-medium mb-2\">Kompatibel mit:<\/span><\/th><\/tr><tr><th>Fahrzeugmodell \u2013 Rahmenpr\u00e4fix:<\/th><td><a href=\"https:\/\/damicoline.com\/de\/shop\/?vx_brand=PIAGGIO&#038;vx_model=PORTER%20Pianale%20piatto%201.4%20D%20(1998-2005)&#038;vx_engine=LDW1404\/P&#038;vx_years=1998-2005\">\ud83d\ude9a PIAGGIO PORTER Pianale piatto 1.4 D (1998-2005) LDW1404\/P (1998-2005) - ZAPS&#56;&#53;&#48;&#48;&#48;&#48;&#48;&#52;, ZAPS&#56;&#53;&#48;&#48;&#48;&#48;&#48;&#55;, ZAPS85V00004, ZAPS85V00007<\/a><\/td><\/tr><\/tbody><\/table><\/div><\/section><\/section>\n","protected":false},"excerpt":{"rendered":"<p>Kraftstoffpumpe (Zufuhr) f\u00fcr Piaggio Porter Diesel LDW-1404\/P Mechanisches Ersatzteil kompatibel mit Piaggio Porter Diesel LDW-1404\/P. Diese Dieselzufuhrpumpe gew\u00e4hrleistet einen konstanten Kraftstofffluss zum Motor, was Effizienz, schnelle Starts und maximale Zuverl\u00e4ssigkeit \u00fcber die Zeit sicherstellt.<\/p>\n","protected":false},"featured_media":11042,"template":"","meta":{"_sitemap_exclude":false,"_sitemap_priority":"","_sitemap_frequency":""},"product_brand":[2670],"product_cat":[1584,1577],"product_tag":[2083],"class_list":{"0":"post-11047","1":"product","2":"type-product","3":"status-publish","4":"has-post-thumbnail","6":"product_brand-aftermarket","7":"product_cat-kraftstoffpumpe","8":"product_cat-kraftstoffsystem","9":"product_tag-2083","11":"first","12":"instock","13":"sale","14":"taxable","15":"shipping-taxable","16":"purchasable","17":"product-type-simple"},"_links":{"self":[{"href":"https:\/\/damicoline.com\/de\/wp-json\/wp\/v2\/product\/11047","targetHints":{"allow":["GET"]}}],"collection":[{"href":"https:\/\/damicoline.com\/de\/wp-json\/wp\/v2\/product"}],"about":[{"href":"https:\/\/damicoline.com\/de\/wp-json\/wp\/v2\/types\/product"}],"wp:featuredmedia":[{"embeddable":true,"href":"https:\/\/damicoline.com\/de\/wp-json\/wp\/v2\/media\/11042"}],"wp:attachment":[{"href":"https:\/\/damicoline.com\/de\/wp-json\/wp\/v2\/media?parent=11047"}],"wp:term":[{"taxonomy":"product_brand","embeddable":true,"href":"https:\/\/damicoline.com\/de\/wp-json\/wp\/v2\/product_brand?post=11047"},{"taxonomy":"product_cat","embeddable":true,"href":"https:\/\/damicoline.com\/de\/wp-json\/wp\/v2\/product_cat?post=11047"},{"taxonomy":"product_tag","embeddable":true,"href":"https:\/\/damicoline.com\/de\/wp-json\/wp\/v2\/product_tag?post=11047"}],"curies":[{"name":"wp","href":"https:\/\/api.w.org\/{rel}","templated":true}]}}