{"id":11073,"date":"2025-07-23T19:05:34","date_gmt":"2025-07-23T17:05:34","guid":{"rendered":"https:\/\/damicoline.com\/product\/semiasse-piaggio-ape-calessino-200-e2\/"},"modified":"2025-07-23T19:10:13","modified_gmt":"2025-07-23T17:10:13","slug":"antriebswelle-fur-piaggio-ape-calessino-200-e2-rechts-und-links","status":"publish","type":"product","link":"https:\/\/damicoline.com\/de\/produkt\/antriebswelle-fur-piaggio-ape-calessino-200-e2-rechts-und-links\/","title":{"rendered":"Antriebswelle f\u00fcr Piaggio Ape Calessino 200 E2 rechts und links"},"content":{"rendered":"<p><strong>Antriebswelle f\u00fcr Piaggio Ape Calessino 200 E2<\/strong><\/p>\n<p>Ersatzteil kompatibel mit <strong>Piaggio Ape Calessino 200 E2<\/strong>, geeignet f\u00fcr die Montage sowohl auf der rechten als auch auf der linken Seite. Die Antriebswelle \u00fcbertr\u00e4gt das Drehmoment auf die Hinterr\u00e4der und gew\u00e4hrleistet Zuverl\u00e4ssigkeit, Langlebigkeit und eine reibungslose Fahrt. Entwickelt f\u00fcr schnelle und pr\u00e4zise Ersetzungen.<\/p>\n<div class=\"text-sm text-gray-800 font-medium mb-2\"><div class=\"text-sm text-gray-800 font-medium mb-2\"><strong>Referenzcodes:<\/strong> B023940<\/div><\/div>\n<div class=\"oem-box mb-4\">\t\t\t\t<div class=\"oem-box mb-4\">\n\t\t\t\t\t<p class=\"text-sm text-gray-800 font-medium mb-2\">Typ: <strong>Original Piaggio<\/strong><\/p>\n\t\t\t\t\t<p class=\"text-sm text-gray-700 mb-1\">Originalteil von Piaggio, f\u00fcr korrekte Passform und Leistung entwickelt.<\/p>\n\t\t\t\t\t<p class=\"text-xs text-gray-500 mt-2\">*Marken geh\u00f6ren den jeweiligen Inhabern.<\/p>\n\t\t\t\t<\/div>\n\t\t\t<\/div>\n<section class=\"compatibility-block mb-4\"><section class=\"compatibility-block mb-4\"><div class=\"product-extra-details hide-below-992\"><table class=\"woocommerce-product-attributes\"><tbody><tr><th colspan=\"2\"><span class=\"text-sm font-medium mb-2\">Kompatibel mit:<\/span><\/th><\/tr><tr><th>Fahrzeugmodell \u2013 Rahmenpr\u00e4fix:<\/th><td><a href=\"https:\/\/damicoline.com\/de\/shop\/?vx_brand=PIAGGIO&#038;vx_model=APE%20CALESSINO%20200%20E2%20(2013-2017)&#038;vx_engine=TBP4M&#038;vx_years=2013-2017\">\ud83d\ude9a PIAGGIO APE CALESSINO 200 E2 (2013-2017) TBP4M (2013-2017) - ZAPT42PMC, ZAPT42P00<\/a><\/td><\/tr><\/tbody><\/table><\/div><\/section><\/section>\n","protected":false},"excerpt":{"rendered":"<p>Antriebswelle f\u00fcr Piaggio Ape Calessino 200 E2 Ersatzteil kompatibel mit Piaggio Ape Calessino 200 E2, geeignet f\u00fcr die Montage sowohl auf der rechten als auch auf der linken Seite. Die Antriebswelle \u00fcbertr\u00e4gt das Drehmoment auf die Hinterr\u00e4der und gew\u00e4hrleistet Zuverl\u00e4ssigkeit, Langlebigkeit und eine reibungslose Fahrt. Entwickelt f\u00fcr schnelle und pr\u00e4zise Ersetzungen.<\/p>\n","protected":false},"featured_media":11068,"template":"","meta":{"_sitemap_exclude":false,"_sitemap_priority":"","_sitemap_frequency":""},"product_brand":[2672],"product_cat":[1430,1425],"product_tag":[2096],"class_list":{"0":"post-11073","1":"product","2":"type-product","3":"status-publish","4":"has-post-thumbnail","6":"product_brand-piaggio","7":"product_cat-antriebswelle","8":"product_cat-hintere-kraftubertragung","9":"product_tag-b023940","11":"first","12":"instock","13":"sale","14":"taxable","15":"shipping-taxable","16":"purchasable","17":"product-type-simple"},"_links":{"self":[{"href":"https:\/\/damicoline.com\/de\/wp-json\/wp\/v2\/product\/11073","targetHints":{"allow":["GET"]}}],"collection":[{"href":"https:\/\/damicoline.com\/de\/wp-json\/wp\/v2\/product"}],"about":[{"href":"https:\/\/damicoline.com\/de\/wp-json\/wp\/v2\/types\/product"}],"wp:featuredmedia":[{"embeddable":true,"href":"https:\/\/damicoline.com\/de\/wp-json\/wp\/v2\/media\/11068"}],"wp:attachment":[{"href":"https:\/\/damicoline.com\/de\/wp-json\/wp\/v2\/media?parent=11073"}],"wp:term":[{"taxonomy":"product_brand","embeddable":true,"href":"https:\/\/damicoline.com\/de\/wp-json\/wp\/v2\/product_brand?post=11073"},{"taxonomy":"product_cat","embeddable":true,"href":"https:\/\/damicoline.com\/de\/wp-json\/wp\/v2\/product_cat?post=11073"},{"taxonomy":"product_tag","embeddable":true,"href":"https:\/\/damicoline.com\/de\/wp-json\/wp\/v2\/product_tag?post=11073"}],"curies":[{"name":"wp","href":"https:\/\/api.w.org\/{rel}","templated":true}]}}