{"id":11105,"date":"2025-07-24T16:19:14","date_gmt":"2025-07-24T14:19:14","guid":{"rendered":"https:\/\/damicoline.com\/product\/cinghia-alternatore-piaggio-quargo\/"},"modified":"2026-04-22T14:43:15","modified_gmt":"2026-04-22T12:43:15","slug":"lichtmaschinenriemen-fur-piaggio-quargo-widerstandsfahiges-ersatzteil","status":"publish","type":"product","link":"https:\/\/damicoline.com\/de\/produkt\/lichtmaschinenriemen-fur-piaggio-quargo-widerstandsfahiges-ersatzteil\/","title":{"rendered":"Lichtmaschinenriemen f\u00fcr Piaggio Quargo. Widerstandsf\u00e4higes Ersatzteil"},"content":{"rendered":"<p><strong>Lichtmaschinenriemen f\u00fcr Piaggio Quargo<\/strong><\/p>\n<p>Spezifischer Riemen f\u00fcr die \u00dcbertragung der Lichtmaschine auf <strong>Piaggio Quargo<\/strong>. Entwickelt, um den ordnungsgem\u00e4\u00dfen Betrieb des Ladesystems und der Motorzubeh\u00f6rteile zu gew\u00e4hrleisten, bietet er Langlebigkeit, Elastizit\u00e4t und Verschlei\u00dffestigkeit auch unter schwierigen Bedingungen.<\/p>\n<div class=\"text-sm text-gray-800 font-medium mb-2\"><div class=\"text-sm text-gray-800 font-medium mb-2\"><strong>Referenzcodes:<\/strong> 850018<\/div><\/div>\n<div class=\"oem-box mb-4\"><div class=\"oem-box mb-4\"><p class=\"text-sm text-gray-800 font-medium mb-2\">Typ: <strong>Aftermarket<\/strong><\/p><p class=\"text-sm text-gray-700 mb-1\">Aftermarket-Komponente in Profiqualit\u00e4t, kompatibel mit den auf dieser Seite aufgef\u00fchrten Fahrzeugen.<\/p><p class=\"text-xs text-gray-500 mt-2\">Nicht von Piaggio hergestellt oder gebrandet. Marken geh\u00f6ren den jeweiligen Inhabern.<\/p><\/div><\/div>\n<section class=\"compatibility-block mb-4\"><section class=\"compatibility-block mb-4\"><div class=\"product-extra-details hide-below-992\"><table class=\"woocommerce-product-attributes\"><tbody><tr><th colspan=\"2\"><span class=\"text-sm font-medium mb-2\">Kompatibel mit:<\/span><\/th><\/tr><tr><th>Fahrzeugmodell \u2013 Rahmenpr\u00e4fix:<\/th><td><a href=\"https:\/\/damicoline.com\/de\/shop\/?vx_brand=PIAGGIO&#038;vx_model=QUARGO%20702%20Diesel%20(2004-2006)&#038;vx_engine=LDW702\/P&#038;vx_years=2004-2006\">\ud83d\ude9a PIAGGIO QUARGO 702 Diesel (2004-2006) LDW702\/P (2004-2006) - ZAPP10000<\/a><\/td><\/tr><tr><th>Fahrzeugmodell \u2013 Rahmenpr\u00e4fix:<\/th><td><a href=\"https:\/\/damicoline.com\/de\/shop\/?vx_brand=PIAGGIO&#038;vx_model=QUARGO%20702%20Diesel%20(2007-2017)&#038;vx_engine=LDW702\/P&#038;vx_years=2007-2017\">\ud83d\ude9a PIAGGIO QUARGO 702 Diesel (2007-2017) LDW702\/P (2007-2017) - ZAP4P10000<\/a><\/td><\/tr><\/tbody><\/table><\/div><\/section><\/section>\n","protected":false},"excerpt":{"rendered":"<p>Lichtmaschinenriemen f\u00fcr Piaggio Quargo Spezifischer Riemen f\u00fcr die \u00dcbertragung der Lichtmaschine auf Piaggio Quargo. Entwickelt, um den ordnungsgem\u00e4\u00dfen Betrieb des Ladesystems und der Motorzubeh\u00f6rteile zu gew\u00e4hrleisten, bietet er Langlebigkeit, Elastizit\u00e4t und Verschlei\u00dffestigkeit auch unter schwierigen Bedingungen.<\/p>\n","protected":false},"featured_media":11100,"template":"","meta":{"_sitemap_exclude":false,"_sitemap_priority":"","_sitemap_frequency":""},"product_brand":[2670],"product_cat":[2117,418],"product_tag":[2118],"class_list":{"0":"post-11105","1":"product","2":"type-product","3":"status-publish","4":"has-post-thumbnail","6":"product_brand-aftermarket","7":"product_cat-lichtmaschine","8":"product_cat-motorteile","9":"product_tag-2118","11":"first","12":"instock","13":"sale","14":"taxable","15":"shipping-taxable","16":"purchasable","17":"product-type-simple"},"_links":{"self":[{"href":"https:\/\/damicoline.com\/de\/wp-json\/wp\/v2\/product\/11105","targetHints":{"allow":["GET"]}}],"collection":[{"href":"https:\/\/damicoline.com\/de\/wp-json\/wp\/v2\/product"}],"about":[{"href":"https:\/\/damicoline.com\/de\/wp-json\/wp\/v2\/types\/product"}],"wp:featuredmedia":[{"embeddable":true,"href":"https:\/\/damicoline.com\/de\/wp-json\/wp\/v2\/media\/11100"}],"wp:attachment":[{"href":"https:\/\/damicoline.com\/de\/wp-json\/wp\/v2\/media?parent=11105"}],"wp:term":[{"taxonomy":"product_brand","embeddable":true,"href":"https:\/\/damicoline.com\/de\/wp-json\/wp\/v2\/product_brand?post=11105"},{"taxonomy":"product_cat","embeddable":true,"href":"https:\/\/damicoline.com\/de\/wp-json\/wp\/v2\/product_cat?post=11105"},{"taxonomy":"product_tag","embeddable":true,"href":"https:\/\/damicoline.com\/de\/wp-json\/wp\/v2\/product_tag?post=11105"}],"curies":[{"name":"wp","href":"https:\/\/api.w.org\/{rel}","templated":true}]}}