{"id":11197,"date":"2025-07-31T12:27:43","date_gmt":"2025-07-31T10:27:43","guid":{"rendered":"https:\/\/damicoline.com\/product\/volano-motore-piaggio-porter-multitech-euro-6\/"},"modified":"2025-09-10T16:42:48","modified_gmt":"2025-09-10T14:42:48","slug":"schwungrad-fur-piaggio-porter-multitech-euro-6-top-ersatzteil","status":"publish","type":"product","link":"https:\/\/damicoline.com\/de\/produkt\/schwungrad-fur-piaggio-porter-multitech-euro-6-top-ersatzteil\/","title":{"rendered":"Schwungrad f\u00fcr Piaggio Porter Multitech Euro 6. Top Ersatzteil"},"content":{"rendered":"<p><strong>Schwungrad f\u00fcr Piaggio Porter Multitech Euro 6<\/strong><\/p>\n<p>Schwungrad kompatibel mit <strong>Piaggio Porter Multitech Euro 6<\/strong>. Wesentlich f\u00fcr das korrekte Funktionieren des Start- und \u00dcbertragungssystems, sorgt dieses Ersatzteil f\u00fcr ein reibungsloses Einr\u00fccken der Kupplung und eine Reduzierung der Vibrationen. Es ist so konzipiert, dass es hohen Belastungen standh\u00e4lt und Zuverl\u00e4ssigkeit sowie Langlebigkeit gew\u00e4hrleistet.<\/p>\n<div class=\"text-sm text-gray-800 font-medium mb-2\"><div class=\"text-sm text-gray-800 font-medium mb-2\"><strong>Referenzcodes:<\/strong> 1A005159<\/div><\/div>\n<div class=\"oem-box mb-4\">\t\t\t\t<div class=\"oem-box mb-4\">\n\t\t\t\t\t<p class=\"text-sm text-gray-800 font-medium mb-2\">Typ: <strong>OEM (Foton)<\/strong><\/p>\n\t\t\t\t\t<p class=\"text-sm text-gray-700 mb-1\">OEM-Niveau-Komponente von <strong>Foton<\/strong>, nach Originalspezifikation f\u00fcr korrekte Passform und Funktion.<\/p>\n\t\t\t\t\t<p class=\"text-xs text-gray-500 mt-2\">*Nicht von Piaggio gebrandet. Marken geh\u00f6ren den jeweiligen Inhabern.<\/p>\n\t\t\t\t<\/div>\n\t\t\t<\/div>\n<section class=\"compatibility-block mb-4\"><section class=\"compatibility-block mb-4\"><div class=\"product-extra-details hide-below-992\"><table class=\"woocommerce-product-attributes\"><tbody><tr><th colspan=\"2\"><span class=\"text-sm font-medium mb-2\">Kompatibel mit:<\/span><\/th><\/tr><tr><th>Fahrzeugmodell \u2013 Rahmenpr\u00e4fix:<\/th><td><a href=\"https:\/\/damicoline.com\/de\/shop\/?vx_brand=PIAGGIO&#038;vx_model=PORTER%20Pianale%20piatto\/Telaio%201.3%20LPG%20(2015-2020)&#038;vx_engine=DAM13R&#038;vx_years=2015-2020\">\ud83d\ude9a PIAGGIO PORTER Pianale piatto\/Telaio 1.3 LPG (2015-2020) DAM13R (2015-2020) - ZAPS89CGW, ZAPS89PGW, ZAPS90VGW, ZAPS90TGW, ZAPS90PGW, ZAPS90CGW<\/a><\/td><\/tr><\/tbody><\/table><\/div><\/section><\/section>\n","protected":false},"excerpt":{"rendered":"<p>Schwungrad f\u00fcr Piaggio Porter Multitech Euro 6 Schwungrad kompatibel mit Piaggio Porter Multitech Euro 6. Wesentlich f\u00fcr das korrekte Funktionieren des Start- und \u00dcbertragungssystems, sorgt dieses Ersatzteil f\u00fcr ein reibungsloses Einr\u00fccken der Kupplung und eine Reduzierung der Vibrationen. Es ist so konzipiert, dass es hohen Belastungen standh\u00e4lt und Zuverl\u00e4ssigkeit sowie Langlebigkeit gew\u00e4hrleistet.<\/p>\n","protected":false},"featured_media":11192,"template":"","meta":{"_sitemap_exclude":false,"_sitemap_priority":"","_sitemap_frequency":""},"product_brand":[2671],"product_cat":[1359,418],"product_tag":[2135],"class_list":{"0":"post-11197","1":"product","2":"type-product","3":"status-publish","4":"has-post-thumbnail","6":"product_brand-foton","7":"product_cat-kurbelwelle","8":"product_cat-motorteile","9":"product_tag-1a005159","11":"first","12":"outofstock","13":"sale","14":"taxable","15":"shipping-taxable","16":"purchasable","17":"product-type-simple"},"_links":{"self":[{"href":"https:\/\/damicoline.com\/de\/wp-json\/wp\/v2\/product\/11197","targetHints":{"allow":["GET"]}}],"collection":[{"href":"https:\/\/damicoline.com\/de\/wp-json\/wp\/v2\/product"}],"about":[{"href":"https:\/\/damicoline.com\/de\/wp-json\/wp\/v2\/types\/product"}],"wp:featuredmedia":[{"embeddable":true,"href":"https:\/\/damicoline.com\/de\/wp-json\/wp\/v2\/media\/11192"}],"wp:attachment":[{"href":"https:\/\/damicoline.com\/de\/wp-json\/wp\/v2\/media?parent=11197"}],"wp:term":[{"taxonomy":"product_brand","embeddable":true,"href":"https:\/\/damicoline.com\/de\/wp-json\/wp\/v2\/product_brand?post=11197"},{"taxonomy":"product_cat","embeddable":true,"href":"https:\/\/damicoline.com\/de\/wp-json\/wp\/v2\/product_cat?post=11197"},{"taxonomy":"product_tag","embeddable":true,"href":"https:\/\/damicoline.com\/de\/wp-json\/wp\/v2\/product_tag?post=11197"}],"curies":[{"name":"wp","href":"https:\/\/api.w.org\/{rel}","templated":true}]}}