{"id":11246,"date":"2025-07-31T13:03:42","date_gmt":"2025-07-31T11:03:42","guid":{"rendered":"https:\/\/damicoline.com\/product\/pompa-carburante-completa-piaggio-porter-np6\/"},"modified":"2025-07-31T15:22:04","modified_gmt":"2025-07-31T13:22:04","slug":"komplette-kraftstoffpumpe-fur-piaggio-porter-np6-top-ersatzteil","status":"publish","type":"product","link":"https:\/\/damicoline.com\/de\/produkt\/komplette-kraftstoffpumpe-fur-piaggio-porter-np6-top-ersatzteil\/","title":{"rendered":"Komplette Kraftstoffpumpe f\u00fcr Piaggio Porter NP6. Top Ersatzteil"},"content":{"rendered":"<p><strong>Komplette Kraftstoffpumpe f\u00fcr Piaggio Porter NP6<\/strong><\/p>\n<p>Komplette elektrische Kraftstoffpumpe, kompatibel mit <strong>Piaggio Porter NP6<\/strong>. Der Ersatz umfasst Schwimmer, Anschl\u00fcsse und Versorgungseinheit und gew\u00e4hrleistet einen konstanten Kraftstofffluss vom Tank zum Motor. Entwickelt, um zuverl\u00e4ssige Leistung, schnelle Starts und volle Kompatibilit\u00e4t mit der Originalanlage zu gew\u00e4hrleisten.<\/p>\n<div class=\"text-sm text-gray-800 font-medium mb-2\"><div class=\"text-sm text-gray-800 font-medium mb-2\"><strong>Referenzcodes:<\/strong> WET&#49;&#49;&#48;&#48;&#52;&#48;&#49;&#48;&#48;A0<\/div><\/div>\n<div class=\"oem-box mb-4\">\t\t\t\t<div class=\"oem-box mb-4\">\n\t\t\t\t\t<p class=\"text-sm text-gray-800 font-medium mb-2\">Typ: <strong>OEM (Foton)<\/strong><\/p>\n\t\t\t\t\t<p class=\"text-sm text-gray-700 mb-1\">OEM-Niveau-Komponente von <strong>Foton<\/strong>, nach Originalspezifikation f\u00fcr korrekte Passform und Funktion.<\/p>\n\t\t\t\t\t<p class=\"text-xs text-gray-500 mt-2\">*Nicht von Piaggio gebrandet. Marken geh\u00f6ren den jeweiligen Inhabern.<\/p>\n\t\t\t\t<\/div>\n\t\t\t<\/div>\n<section class=\"compatibility-block mb-4\"><section class=\"compatibility-block mb-4\"><div class=\"product-extra-details hide-below-992\"><table class=\"woocommerce-product-attributes\"><tbody><tr><th colspan=\"2\"><span class=\"text-sm font-medium mb-2\">Kompatibel mit:<\/span><\/th><\/tr><tr><th>Fahrzeugmodell \u2013 Rahmenpr\u00e4fix:<\/th><td><a href=\"https:\/\/damicoline.com\/de\/shop\/?vx_brand=PIAGGIO&#038;vx_model=PORTER%20NP6%20MAXXI%20TW3000%201.5%20CNG%20(2021-)&#038;vx_engine=M15KRP&#038;vx_years=2021-\">\ud83d\ude9a PIAGGIO PORTER NP6 MAXXI TW3000 1.5 CNG (2021-) M15KRP (2021-) - ZAPNP6C1C0P, ZAPNP6B1C0P<\/a><\/td><\/tr><tr><th>Fahrzeugmodell \u2013 Rahmenpr\u00e4fix:<\/th><td><a href=\"https:\/\/damicoline.com\/de\/shop\/?vx_brand=PIAGGIO&#038;vx_model=PORTER%20NP6%20MAXXI%20TW3250%201.5%20CNG%20(2021-)&#038;vx_engine=M15KRP&#038;vx_years=2021-\">\ud83d\ude9a PIAGGIO PORTER NP6 MAXXI TW3250 1.5 CNG (2021-) M15KRP (2021-) - ZAPNP6C1D0P, ZAPNP6B1D0P<\/a><\/td><\/tr><tr><th>Fahrzeugmodell \u2013 Rahmenpr\u00e4fix:<\/th><td><a href=\"https:\/\/damicoline.com\/de\/shop\/?vx_brand=PIAGGIO&#038;vx_model=PORTER%20NP6%20STANDARD%20SW2650%201.5%20CNG%20(2021-)&#038;vx_engine=M15KRP&#038;vx_years=2021-\">\ud83d\ude9a PIAGGIO PORTER NP6 STANDARD SW2650 1.5 CNG (2021-) M15KRP (2021-) - ZAPNP6C1A0P, ZAPNP6B1A0P<\/a><\/td><\/tr><tr><th>Fahrzeugmodell \u2013 Rahmenpr\u00e4fix:<\/th><td><a href=\"https:\/\/damicoline.com\/de\/shop\/?vx_brand=PIAGGIO&#038;vx_model=PORTER%20NP6%20STANDARD%20SW3070%201.5%20CNG%20(2021-)&#038;vx_engine=M15KRP&#038;vx_years=2021-\">\ud83d\ude9a PIAGGIO PORTER NP6 STANDARD SW3070 1.5 CNG (2021-) M15KRP (2021-) - ZAPNP6C1B0P, ZAPNP6B1B0P<\/a><\/td><\/tr><\/tbody><\/table><\/div><\/section><\/section>\n","protected":false},"excerpt":{"rendered":"<p>Komplette Kraftstoffpumpe f\u00fcr Piaggio Porter NP6 Komplette elektrische Kraftstoffpumpe, kompatibel mit Piaggio Porter NP6. Der Ersatz umfasst Schwimmer, Anschl\u00fcsse und Versorgungseinheit und gew\u00e4hrleistet einen konstanten Kraftstofffluss vom Tank zum Motor. Entwickelt, um zuverl\u00e4ssige Leistung, schnelle Starts und volle Kompatibilit\u00e4t mit der Originalanlage zu gew\u00e4hrleisten.<\/p>\n","protected":false},"featured_media":11241,"template":"","meta":{"_sitemap_exclude":false,"_sitemap_priority":"","_sitemap_frequency":""},"product_brand":[2671],"product_cat":[1584,1577],"product_tag":[2167],"class_list":{"0":"post-11246","1":"product","2":"type-product","3":"status-publish","4":"has-post-thumbnail","6":"product_brand-foton","7":"product_cat-kraftstoffpumpe","8":"product_cat-kraftstoffsystem","9":"product_tag-wet110040100a0","11":"first","12":"outofstock","13":"sale","14":"taxable","15":"shipping-taxable","16":"purchasable","17":"product-type-simple"},"_links":{"self":[{"href":"https:\/\/damicoline.com\/de\/wp-json\/wp\/v2\/product\/11246","targetHints":{"allow":["GET"]}}],"collection":[{"href":"https:\/\/damicoline.com\/de\/wp-json\/wp\/v2\/product"}],"about":[{"href":"https:\/\/damicoline.com\/de\/wp-json\/wp\/v2\/types\/product"}],"wp:featuredmedia":[{"embeddable":true,"href":"https:\/\/damicoline.com\/de\/wp-json\/wp\/v2\/media\/11241"}],"wp:attachment":[{"href":"https:\/\/damicoline.com\/de\/wp-json\/wp\/v2\/media?parent=11246"}],"wp:term":[{"taxonomy":"product_brand","embeddable":true,"href":"https:\/\/damicoline.com\/de\/wp-json\/wp\/v2\/product_brand?post=11246"},{"taxonomy":"product_cat","embeddable":true,"href":"https:\/\/damicoline.com\/de\/wp-json\/wp\/v2\/product_cat?post=11246"},{"taxonomy":"product_tag","embeddable":true,"href":"https:\/\/damicoline.com\/de\/wp-json\/wp\/v2\/product_tag?post=11246"}],"curies":[{"name":"wp","href":"https:\/\/api.w.org\/{rel}","templated":true}]}}