{"id":11563,"date":"2025-08-26T16:20:22","date_gmt":"2025-08-26T14:20:22","guid":{"rendered":"https:\/\/damicoline.com\/product\/candeletta-accensione-piaggio-porter-diesel-d120\/"},"modified":"2026-04-22T14:44:43","modified_gmt":"2026-04-22T12:44:43","slug":"gluhkerze-fur-piaggio-porter-diesel-d120-schnell","status":"publish","type":"product","link":"https:\/\/damicoline.com\/de\/produkt\/gluhkerze-fur-piaggio-porter-diesel-d120-schnell\/","title":{"rendered":"Gl\u00fchkerze f\u00fcr Piaggio Porter Diesel D120, schnell"},"content":{"rendered":"<p><strong>Gl\u00fchkerze f\u00fcr Piaggio Porter Diesel D120<\/strong><\/p>\n<p>Gl\u00fchkerze f\u00fcr den Vorw\u00e4rmbetrieb, kompatibel mit <strong>Piaggio Porter Diesel D120<\/strong>. Erleichtert den Kaltstart, reduziert die Emissionen beim Start und gew\u00e4hrleistet langfristige Zuverl\u00e4ssigkeit. Qualit\u00e4tsersatzteil, entwickelt f\u00fcr Langlebigkeit und konstante Leistung.<\/p>\n<div class=\"text-sm text-gray-800 font-medium mb-2\"><div class=\"text-sm text-gray-800 font-medium mb-2\"><strong>Referenzcodes:<\/strong> 889767<\/div><\/div>\n<div class=\"oem-box mb-4\"><div class=\"oem-box mb-4\"><p class=\"text-sm text-gray-800 font-medium mb-2\">Typ: <strong>Aftermarket<\/strong><\/p><p class=\"text-sm text-gray-700 mb-1\">Aftermarket-Komponente in Profiqualit\u00e4t, kompatibel mit den auf dieser Seite aufgef\u00fchrten Fahrzeugen.<\/p><p class=\"text-xs text-gray-500 mt-2\">Nicht von Piaggio hergestellt oder gebrandet. Marken geh\u00f6ren den jeweiligen Inhabern.<\/p><\/div><\/div>\n<section class=\"compatibility-block mb-4\"><section class=\"compatibility-block mb-4\"><div class=\"product-extra-details hide-below-992\"><table class=\"woocommerce-product-attributes\"><tbody><tr><th colspan=\"2\"><span class=\"text-sm font-medium mb-2\">Kompatibel mit:<\/span><\/th><\/tr><tr><th>Fahrzeugmodell \u2013 Rahmenpr\u00e4fix:<\/th><td><a href=\"https:\/\/damicoline.com\/de\/shop\/?vx_brand=PIAGGIO&#038;vx_model=PORTER%20Maxxi%201.2%20D%20(2011-2015)&#038;vx_engine=P120&#038;vx_years=2011-2015\">\ud83d\ude9a PIAGGIO PORTER Maxxi 1.2 D (2011-2015) P120 (2011-2015) - ZAPS90AKW, ZAPS90DKW, ZAPS90RKW<\/a><\/td><\/tr><tr><th>Fahrzeugmodell \u2013 Rahmenpr\u00e4fix:<\/th><td><a href=\"https:\/\/damicoline.com\/de\/shop\/?vx_brand=PIAGGIO&#038;vx_model=PORTER%20Pianale%20piatto\/Telaio%201.2%20D%20(2010-2015)&#038;vx_engine=P120&#038;vx_years=2010-2015\">\ud83d\ude9a PIAGGIO PORTER Pianale piatto\/Telaio 1.2 D (2010-2015) P120 (2010-2015) - ZAPS90CKW, ZAPS90PKW, ZAPS90TKW, ZAPS90VKW<\/a><\/td><\/tr><\/tbody><\/table><\/div><\/section><\/section>\n","protected":false},"excerpt":{"rendered":"<p>Gl\u00fchkerze f\u00fcr Piaggio Porter Diesel D120 Gl\u00fchkerze f\u00fcr den Vorw\u00e4rmbetrieb, kompatibel mit Piaggio Porter Diesel D120. Erleichtert den Kaltstart, reduziert die Emissionen beim Start und gew\u00e4hrleistet langfristige Zuverl\u00e4ssigkeit. Qualit\u00e4tsersatzteil, entwickelt f\u00fcr Langlebigkeit und konstante Leistung.<\/p>\n","protected":false},"featured_media":11558,"template":"","meta":{"_sitemap_exclude":false,"_sitemap_priority":"","_sitemap_frequency":""},"product_brand":[2670],"product_cat":[418,553],"product_tag":[2230],"class_list":{"0":"post-11563","1":"product","2":"type-product","3":"status-publish","4":"has-post-thumbnail","6":"product_brand-aftermarket","7":"product_cat-motorteile","8":"product_cat-zundung","9":"product_tag-2230","11":"first","12":"instock","13":"sale","14":"taxable","15":"shipping-taxable","16":"purchasable","17":"product-type-simple"},"_links":{"self":[{"href":"https:\/\/damicoline.com\/de\/wp-json\/wp\/v2\/product\/11563","targetHints":{"allow":["GET"]}}],"collection":[{"href":"https:\/\/damicoline.com\/de\/wp-json\/wp\/v2\/product"}],"about":[{"href":"https:\/\/damicoline.com\/de\/wp-json\/wp\/v2\/types\/product"}],"wp:featuredmedia":[{"embeddable":true,"href":"https:\/\/damicoline.com\/de\/wp-json\/wp\/v2\/media\/11558"}],"wp:attachment":[{"href":"https:\/\/damicoline.com\/de\/wp-json\/wp\/v2\/media?parent=11563"}],"wp:term":[{"taxonomy":"product_brand","embeddable":true,"href":"https:\/\/damicoline.com\/de\/wp-json\/wp\/v2\/product_brand?post=11563"},{"taxonomy":"product_cat","embeddable":true,"href":"https:\/\/damicoline.com\/de\/wp-json\/wp\/v2\/product_cat?post=11563"},{"taxonomy":"product_tag","embeddable":true,"href":"https:\/\/damicoline.com\/de\/wp-json\/wp\/v2\/product_tag?post=11563"}],"curies":[{"name":"wp","href":"https:\/\/api.w.org\/{rel}","templated":true}]}}