{"id":11601,"date":"2025-08-26T17:16:11","date_gmt":"2025-08-26T15:16:11","guid":{"rendered":"https:\/\/damicoline.com\/product\/tamburo-freno-piaggio-porter-np6-tw3000-tw3250\/"},"modified":"2025-08-26T18:01:28","modified_gmt":"2025-08-26T16:01:28","slug":"hintere-bremstrommel-fur-porter-np6-tw-3000-tw-3250","status":"publish","type":"product","link":"https:\/\/damicoline.com\/de\/produkt\/hintere-bremstrommel-fur-porter-np6-tw-3000-tw-3250\/","title":{"rendered":"Hintere Bremstrommel f\u00fcr Porter NP6 (TW 3000 &#8211; TW 3250)."},"content":{"rendered":"<p><strong>Hintere Bremstrommel f\u00fcr Porter NP6 (TW 3000 &#8211; TW 3250).<\/strong><\/p>\n<p>Hintere Bremstrommel kompatibel mit <strong>Piaggio Porter NP6<\/strong> Versionen <strong>TW 3000<\/strong> und <strong>TW 3250<\/strong>. Gew\u00e4hrleistet gleichm\u00e4\u00dfiges Bremsen, reduziert Vibrationen und ungleichm\u00e4\u00dfigen Verschlei\u00df. Qualit\u00e4tsersatzteil f\u00fcr Zuverl\u00e4ssigkeit und Langlebigkeit.<\/p>\n<div class=\"text-sm text-gray-800 font-medium mb-2\"><div class=\"text-sm text-gray-800 font-medium mb-2\"><strong>Referenzcodes:<\/strong> WET&#50;&#52;&#48;&#48;&#52;&#48;&#49;&#48;&#49;A0<\/div><\/div>\n<div class=\"oem-box mb-4\">\t\t\t\t<div class=\"oem-box mb-4\">\n\t\t\t\t\t<p class=\"text-sm text-gray-800 font-medium mb-2\">Typ: <strong>OEM (Foton)<\/strong><\/p>\n\t\t\t\t\t<p class=\"text-sm text-gray-700 mb-1\">OEM-Niveau-Komponente von <strong>Foton<\/strong>, nach Originalspezifikation f\u00fcr korrekte Passform und Funktion.<\/p>\n\t\t\t\t\t<p class=\"text-xs text-gray-500 mt-2\">*Nicht von Piaggio gebrandet. Marken geh\u00f6ren den jeweiligen Inhabern.<\/p>\n\t\t\t\t<\/div>\n\t\t\t<\/div>\n<section class=\"compatibility-block mb-4\"><section class=\"compatibility-block mb-4\"><div class=\"product-extra-details hide-below-992\"><table class=\"woocommerce-product-attributes\"><tbody><tr><th colspan=\"2\"><span class=\"text-sm font-medium mb-2\">Kompatibel mit:<\/span><\/th><\/tr><tr><th>Fahrzeugmodell \u2013 Rahmenpr\u00e4fix:<\/th><td><a href=\"https:\/\/damicoline.com\/de\/shop\/?vx_brand=PIAGGIO&#038;vx_model=PORTER%20NP6%20MAXXI%20TW3000%201.5%20CNG%20(2021-)&#038;vx_engine=M15KRP&#038;vx_years=2021-\">\ud83d\ude9a PIAGGIO PORTER NP6 MAXXI TW3000 1.5 CNG (2021-) M15KRP (2021-) - ZAPNP6C1C0P, ZAPNP6B1C0P<\/a><\/td><\/tr><tr><th>Fahrzeugmodell \u2013 Rahmenpr\u00e4fix:<\/th><td><a href=\"https:\/\/damicoline.com\/de\/shop\/?vx_brand=PIAGGIO&#038;vx_model=PORTER%20NP6%20MAXXI%20TW3250%201.5%20CNG%20(2021-)&#038;vx_engine=M15KRP&#038;vx_years=2021-\">\ud83d\ude9a PIAGGIO PORTER NP6 MAXXI TW3250 1.5 CNG (2021-) M15KRP (2021-) - ZAPNP6C1D0P, ZAPNP6B1D0P<\/a><\/td><\/tr><\/tbody><\/table><\/div><\/section><\/section>\n","protected":false},"excerpt":{"rendered":"<p>Hintere Bremstrommel f\u00fcr Porter NP6 (TW 3000 &#8211; TW 3250). Hintere Bremstrommel kompatibel mit Piaggio Porter NP6 Versionen TW 3000 und TW 3250. Gew\u00e4hrleistet gleichm\u00e4\u00dfiges Bremsen, reduziert Vibrationen und ungleichm\u00e4\u00dfigen Verschlei\u00df. Qualit\u00e4tsersatzteil f\u00fcr Zuverl\u00e4ssigkeit und Langlebigkeit.<\/p>\n","protected":false},"featured_media":11572,"template":"","meta":{"_sitemap_exclude":false,"_sitemap_priority":"","_sitemap_frequency":""},"product_brand":[2671],"product_cat":[408,413],"product_tag":[2246],"class_list":{"0":"post-11601","1":"product","2":"type-product","3":"status-publish","4":"has-post-thumbnail","6":"product_brand-foton","7":"product_cat-bremssystem","8":"product_cat-trommelbremse","9":"product_tag-wet240040101a0","11":"first","12":"outofstock","13":"sale","14":"taxable","15":"shipping-taxable","16":"purchasable","17":"product-type-simple"},"_links":{"self":[{"href":"https:\/\/damicoline.com\/de\/wp-json\/wp\/v2\/product\/11601","targetHints":{"allow":["GET"]}}],"collection":[{"href":"https:\/\/damicoline.com\/de\/wp-json\/wp\/v2\/product"}],"about":[{"href":"https:\/\/damicoline.com\/de\/wp-json\/wp\/v2\/types\/product"}],"wp:featuredmedia":[{"embeddable":true,"href":"https:\/\/damicoline.com\/de\/wp-json\/wp\/v2\/media\/11572"}],"wp:attachment":[{"href":"https:\/\/damicoline.com\/de\/wp-json\/wp\/v2\/media?parent=11601"}],"wp:term":[{"taxonomy":"product_brand","embeddable":true,"href":"https:\/\/damicoline.com\/de\/wp-json\/wp\/v2\/product_brand?post=11601"},{"taxonomy":"product_cat","embeddable":true,"href":"https:\/\/damicoline.com\/de\/wp-json\/wp\/v2\/product_cat?post=11601"},{"taxonomy":"product_tag","embeddable":true,"href":"https:\/\/damicoline.com\/de\/wp-json\/wp\/v2\/product_tag?post=11601"}],"curies":[{"name":"wp","href":"https:\/\/api.w.org\/{rel}","templated":true}]}}