{"id":11651,"date":"2025-08-27T09:56:26","date_gmt":"2025-08-27T07:56:26","guid":{"rendered":"https:\/\/damicoline.com\/product\/cavo-freno-piaggio-ape-calessino-2007-2012\/"},"modified":"2026-04-22T14:45:15","modified_gmt":"2026-04-22T12:45:15","slug":"verstarktes-bremskabel-fur-piaggio-ape-calessino-2007-2012","status":"publish","type":"product","link":"https:\/\/damicoline.com\/de\/produkt\/verstarktes-bremskabel-fur-piaggio-ape-calessino-2007-2012\/","title":{"rendered":"Verst\u00e4rktes Bremskabel f\u00fcr Piaggio Ape Calessino 2007\u20132012"},"content":{"rendered":"<p><strong>Bremskabel f\u00fcr Piaggio Ape Calessino 2007\u20132012<\/strong><\/p>\n<p>Bremskabel kompatibel mit <strong>Piaggio Ape Calessino (2007\u20132012)<\/strong>.<br \/>\nSorgt f\u00fcr eine pr\u00e4zise und gleichm\u00e4\u00dfige Bet\u00e4tigung, verbessert die Hebelreaktion und gew\u00e4hrleistet konstante Bremsvorg\u00e4nge \u00fcber die Zeit.<br \/>\nQualit\u00e4tsersatzteil, verschlei\u00dffest und zuverl\u00e4ssig.<\/p>\n<div class=\"text-sm text-gray-800 font-medium mb-2\"><div class=\"text-sm text-gray-800 font-medium mb-2\"><strong>Referenzcodes:<\/strong> 567719<\/div><\/div>\n<div class=\"oem-box mb-4\"><div class=\"oem-box mb-4\"><p class=\"text-sm text-gray-800 font-medium mb-2\">Typ: <strong>Aftermarket<\/strong><\/p><p class=\"text-sm text-gray-700 mb-1\">Aftermarket-Komponente in Profiqualit\u00e4t, kompatibel mit den auf dieser Seite aufgef\u00fchrten Fahrzeugen.<\/p><p class=\"text-xs text-gray-500 mt-2\">Nicht von Piaggio hergestellt oder gebrandet. Marken geh\u00f6ren den jeweiligen Inhabern.<\/p><\/div><\/div>\n<section class=\"compatibility-block mb-4\"><section class=\"compatibility-block mb-4\"><div class=\"product-extra-details hide-below-992\"><table class=\"woocommerce-product-attributes\"><tbody><tr><th colspan=\"2\"><span class=\"text-sm font-medium mb-2\">Kompatibel mit:<\/span><\/th><\/tr><tr><th>Fahrzeugmodell \u2013 Rahmenpr\u00e4fix:<\/th><td><a href=\"https:\/\/damicoline.com\/de\/shop\/?vx_brand=PIAGGIO&#038;vx_model=APE%20CALESSINO%20422%20E2%20(2007-2012)&#038;vx_engine=LDW422&#038;vx_years=2007-2012\">\ud83d\ude9a PIAGGIO APE CALESSINO 422 E2 (2007-2012) LDW422 (2007-2012) - ZAPT2D4MC, ZAPT3E9AC<\/a><\/td><\/tr><\/tbody><\/table><\/div><\/section><\/section>\n","protected":false},"excerpt":{"rendered":"<p>Bremskabel f\u00fcr Piaggio Ape Calessino 2007\u20132012 Bremskabel kompatibel mit Piaggio Ape Calessino (2007\u20132012). Sorgt f\u00fcr eine pr\u00e4zise und gleichm\u00e4\u00dfige Bet\u00e4tigung, verbessert die Hebelreaktion und gew\u00e4hrleistet konstante Bremsvorg\u00e4nge \u00fcber die Zeit. Qualit\u00e4tsersatzteil, verschlei\u00dffest und zuverl\u00e4ssig.<\/p>\n","protected":false},"featured_media":11640,"template":"","meta":{"_sitemap_exclude":false,"_sitemap_priority":"","_sitemap_frequency":""},"product_brand":[2670],"product_cat":[538,408],"product_tag":[2286],"class_list":{"0":"post-11651","1":"product","2":"type-product","3":"status-publish","4":"has-post-thumbnail","6":"product_brand-aftermarket","7":"product_cat-bremskabel","8":"product_cat-bremssystem","9":"product_tag-2286","11":"first","12":"instock","13":"sale","14":"taxable","15":"shipping-taxable","16":"purchasable","17":"product-type-simple"},"_links":{"self":[{"href":"https:\/\/damicoline.com\/de\/wp-json\/wp\/v2\/product\/11651","targetHints":{"allow":["GET"]}}],"collection":[{"href":"https:\/\/damicoline.com\/de\/wp-json\/wp\/v2\/product"}],"about":[{"href":"https:\/\/damicoline.com\/de\/wp-json\/wp\/v2\/types\/product"}],"wp:featuredmedia":[{"embeddable":true,"href":"https:\/\/damicoline.com\/de\/wp-json\/wp\/v2\/media\/11640"}],"wp:attachment":[{"href":"https:\/\/damicoline.com\/de\/wp-json\/wp\/v2\/media?parent=11651"}],"wp:term":[{"taxonomy":"product_brand","embeddable":true,"href":"https:\/\/damicoline.com\/de\/wp-json\/wp\/v2\/product_brand?post=11651"},{"taxonomy":"product_cat","embeddable":true,"href":"https:\/\/damicoline.com\/de\/wp-json\/wp\/v2\/product_cat?post=11651"},{"taxonomy":"product_tag","embeddable":true,"href":"https:\/\/damicoline.com\/de\/wp-json\/wp\/v2\/product_tag?post=11651"}],"curies":[{"name":"wp","href":"https:\/\/api.w.org\/{rel}","templated":true}]}}