{"id":11906,"date":"2025-08-28T16:13:56","date_gmt":"2025-08-28T14:13:56","guid":{"rendered":"https:\/\/damicoline.com\/product\/cinghia-distribuzione-piaggio-porter-1-3-16v-48kw\/"},"modified":"2026-04-22T14:45:59","modified_gmt":"2026-04-22T12:45:59","slug":"zahnriemen-fur-piaggio-porter-1-3-16v-48-kw","status":"publish","type":"product","link":"https:\/\/damicoline.com\/de\/produkt\/zahnriemen-fur-piaggio-porter-1-3-16v-48-kw\/","title":{"rendered":"Zahnriemen f\u00fcr Piaggio Porter 1.3 16V 48 kW"},"content":{"rendered":"<p><strong>Zahnriemen f\u00fcr Piaggio Porter 1.3 16V 48 kW.<\/strong><\/p>\n<p>Zahnriemen kompatibel mit <strong>Piaggio Porter 1.3 16V 48 kW<\/strong>. Gew\u00e4hrleistet pr\u00e4zise Synchronisation zwischen Kurbelwelle und Nockenwelle, reduziert Verschlei\u00df und Ger\u00e4uschentwicklung und sch\u00fctzt den Motor vor Sch\u00e4den. Qualit\u00e4tsersatzteil, zuverl\u00e4ssig \u00fcber die Zeit.<\/p>\n<div class=\"text-sm text-gray-800 font-medium mb-2\"><div class=\"text-sm text-gray-800 font-medium mb-2\"><strong>Referenzcodes:<\/strong>&#32;&#49;&#51;&#53;&#54;&#56;&#56;&#55;&#49;&#56;&#50;&#48;&#48;0<\/div><\/div>\n<div class=\"oem-box mb-4\"><div class=\"oem-box mb-4\"><p class=\"text-sm text-gray-800 font-medium mb-2\">Typ: <strong>Aftermarket<\/strong><\/p><p class=\"text-sm text-gray-700 mb-1\">Aftermarket-Komponente in Profiqualit\u00e4t, kompatibel mit den auf dieser Seite aufgef\u00fchrten Fahrzeugen.<\/p><p class=\"text-xs text-gray-500 mt-2\">Nicht von Piaggio hergestellt oder gebrandet. Marken geh\u00f6ren den jeweiligen Inhabern.<\/p><\/div><\/div>\n<section class=\"compatibility-block mb-4\"><section class=\"compatibility-block mb-4\"><div class=\"product-extra-details hide-below-992\"><table class=\"woocommerce-product-attributes\"><tbody><tr><th colspan=\"2\"><span class=\"text-sm font-medium mb-2\">Kompatibel mit:<\/span><\/th><\/tr><tr><th>Fahrzeugmodell \u2013 Rahmenpr\u00e4fix:<\/th><td><a href=\"https:\/\/damicoline.com\/de\/shop\/?vx_brand=PIAGGIO&#038;vx_model=PORTER%20Pianale%20piatto\/Telaio%201.3%2016V%20Up-Date%20E3%20(2009-2010)&#038;vx_engine=HC-EL&#038;vx_years=2009-2010\">\ud83d\ude9a PIAGGIO PORTER Pianale piatto\/Telaio 1.3 16V Up-Date E3 (2009-2010) HC-EL (2009-2010) - ZAPS90CH, ZAPS90PH, ZAPS90TH, ZAPS90VH<\/a><\/td><\/tr><\/tbody><\/table><\/div><\/section><\/section>\n","protected":false},"excerpt":{"rendered":"<p>Zahnriemen f\u00fcr Piaggio Porter 1.3 16V 48 kW. Zahnriemen kompatibel mit Piaggio Porter 1.3 16V 48 kW. Gew\u00e4hrleistet pr\u00e4zise Synchronisation zwischen Kurbelwelle und Nockenwelle, reduziert Verschlei\u00df und Ger\u00e4uschentwicklung und sch\u00fctzt den Motor vor Sch\u00e4den. Qualit\u00e4tsersatzteil, zuverl\u00e4ssig \u00fcber die Zeit.<\/p>\n","protected":false},"featured_media":11870,"template":"","meta":{"_sitemap_exclude":false,"_sitemap_priority":"","_sitemap_frequency":""},"product_brand":[2670],"product_cat":[418,423],"product_tag":[2356],"class_list":{"0":"post-11906","1":"product","2":"type-product","3":"status-publish","4":"has-post-thumbnail","6":"product_brand-aftermarket","7":"product_cat-motorteile","8":"product_cat-verteilungskomponenten","9":"product_tag-2356","11":"first","12":"instock","13":"sale","14":"taxable","15":"shipping-taxable","16":"purchasable","17":"product-type-simple"},"_links":{"self":[{"href":"https:\/\/damicoline.com\/de\/wp-json\/wp\/v2\/product\/11906","targetHints":{"allow":["GET"]}}],"collection":[{"href":"https:\/\/damicoline.com\/de\/wp-json\/wp\/v2\/product"}],"about":[{"href":"https:\/\/damicoline.com\/de\/wp-json\/wp\/v2\/types\/product"}],"wp:featuredmedia":[{"embeddable":true,"href":"https:\/\/damicoline.com\/de\/wp-json\/wp\/v2\/media\/11870"}],"wp:attachment":[{"href":"https:\/\/damicoline.com\/de\/wp-json\/wp\/v2\/media?parent=11906"}],"wp:term":[{"taxonomy":"product_brand","embeddable":true,"href":"https:\/\/damicoline.com\/de\/wp-json\/wp\/v2\/product_brand?post=11906"},{"taxonomy":"product_cat","embeddable":true,"href":"https:\/\/damicoline.com\/de\/wp-json\/wp\/v2\/product_cat?post=11906"},{"taxonomy":"product_tag","embeddable":true,"href":"https:\/\/damicoline.com\/de\/wp-json\/wp\/v2\/product_tag?post=11906"}],"curies":[{"name":"wp","href":"https:\/\/api.w.org\/{rel}","templated":true}]}}