{"id":11911,"date":"2025-08-28T16:19:56","date_gmt":"2025-08-28T14:19:56","guid":{"rendered":"https:\/\/damicoline.com\/product\/cavo-candela-lungo-piaggio-porter-multitech-da471qlr\/"},"modified":"2025-08-28T17:21:58","modified_gmt":"2025-08-28T15:21:58","slug":"lange-zundkerzenkabel-fur-piaggio-porter-multitech-da471qlr-1-stk","status":"publish","type":"product","link":"https:\/\/damicoline.com\/de\/produkt\/lange-zundkerzenkabel-fur-piaggio-porter-multitech-da471qlr-1-stk\/","title":{"rendered":"Lange Z\u00fcndkerzenkabel f\u00fcr Piaggio Porter Multitech DA471QLR 1 Stk"},"content":{"rendered":"<p><strong>Lange Z\u00fcndkerzenkabel f\u00fcr Piaggio Porter Multitech DA471QLR 1 Stk<\/strong><\/p>\n<p>Langes Z\u00fcndkerzenkabel kompatibel mit <strong>Piaggio Porter Multitech DA471QLR<\/strong>. Sorgt f\u00fcr stabilen Hochspannungstransfer, verbessert Start und Verbrennungsregelm\u00e4\u00dfigkeit. Robuste Isolierung und zuverl\u00e4ssige Verbindungen f\u00fcr dauerhafte und konstante Leistung.<\/p>\n<div class=\"text-sm text-gray-800 font-medium mb-2\"><div class=\"text-sm text-gray-800 font-medium mb-2\"><strong>Referenzcodes:<\/strong> B010746<\/div><\/div>\n<div class=\"oem-box mb-4\">\t\t\t\t<div class=\"oem-box mb-4\">\n\t\t\t\t\t<p class=\"text-sm text-gray-800 font-medium mb-2\">Typ: <strong>Aftermarket<\/strong><\/p>\n\t\t\t\t\t<p class=\"text-sm text-gray-700 mb-1\">Aftermarket-Komponente in Profiqualit\u00e4t, kompatibel mit den auf dieser Seite aufgef\u00fchrten Fahrzeugen.<\/p>\n\t\t\t\t\t<p class=\"text-xs text-gray-500 mt-2\">*Nicht von Piaggio hergestellt oder gebrandet. Marken geh\u00f6ren den jeweiligen Inhabern.<\/p>\n\t\t\t\t<\/div>\n\t\t\t<\/div>\n<section class=\"compatibility-block mb-4\"><section class=\"compatibility-block mb-4\"><div class=\"product-extra-details hide-below-992\"><table class=\"woocommerce-product-attributes\"><tbody><tr><th colspan=\"2\"><span class=\"text-sm font-medium mb-2\">Kompatibel mit:<\/span><\/th><\/tr><tr><th>Fahrzeugmodell \u2013 Rahmenpr\u00e4fix:<\/th><td><a href=\"https:\/\/damicoline.com\/de\/shop\/?vx_brand=PIAGGIO&#038;vx_model=PORTER%20Maxxi%201.3%20(2010-2015)&#038;vx_engine=DA471QLR&#038;vx_years=2010-2015\">\ud83d\ude9a PIAGGIO PORTER Maxxi 1.3 (2010-2015) DA471QLR (2010-2015) - ZAPS90DJ, ZAPS90AJ, ZAPS90RJ<\/a><\/td><\/tr><tr><th>Fahrzeugmodell \u2013 Rahmenpr\u00e4fix:<\/th><td><a href=\"https:\/\/damicoline.com\/de\/shop\/?vx_brand=PIAGGIO&#038;vx_model=PORTER%20Pianale%20piatto\/Telaio%201.3%20(2010-2015)&#038;vx_engine=DA471QLR&#038;vx_years=2010-2015\">\ud83d\ude9a PIAGGIO PORTER Pianale piatto\/Telaio 1.3 (2010-2015) DA471QLR (2010-2015) - ZAPS90CJ, ZAPS90PJ, ZAPS90TJ, ZAPS90VJ<\/a><\/td><\/tr><\/tbody><\/table><\/div><\/section><\/section>\n","protected":false},"excerpt":{"rendered":"<p>Lange Z\u00fcndkerzenkabel f\u00fcr Piaggio Porter Multitech DA471QLR 1 Stk Langes Z\u00fcndkerzenkabel kompatibel mit Piaggio Porter Multitech DA471QLR. Sorgt f\u00fcr stabilen Hochspannungstransfer, verbessert Start und Verbrennungsregelm\u00e4\u00dfigkeit. Robuste Isolierung und zuverl\u00e4ssige Verbindungen f\u00fcr dauerhafte und konstante Leistung.<\/p>\n","protected":false},"featured_media":11878,"template":"","meta":{"_sitemap_exclude":false,"_sitemap_priority":"","_sitemap_frequency":""},"product_brand":[2670],"product_cat":[418,553],"product_tag":[2361],"class_list":{"0":"post-11911","1":"product","2":"type-product","3":"status-publish","4":"has-post-thumbnail","6":"product_brand-aftermarket","7":"product_cat-motorteile","8":"product_cat-zundung","9":"product_tag-b010746","11":"first","12":"instock","13":"sale","14":"taxable","15":"shipping-taxable","16":"purchasable","17":"product-type-simple"},"_links":{"self":[{"href":"https:\/\/damicoline.com\/de\/wp-json\/wp\/v2\/product\/11911","targetHints":{"allow":["GET"]}}],"collection":[{"href":"https:\/\/damicoline.com\/de\/wp-json\/wp\/v2\/product"}],"about":[{"href":"https:\/\/damicoline.com\/de\/wp-json\/wp\/v2\/types\/product"}],"wp:featuredmedia":[{"embeddable":true,"href":"https:\/\/damicoline.com\/de\/wp-json\/wp\/v2\/media\/11878"}],"wp:attachment":[{"href":"https:\/\/damicoline.com\/de\/wp-json\/wp\/v2\/media?parent=11911"}],"wp:term":[{"taxonomy":"product_brand","embeddable":true,"href":"https:\/\/damicoline.com\/de\/wp-json\/wp\/v2\/product_brand?post=11911"},{"taxonomy":"product_cat","embeddable":true,"href":"https:\/\/damicoline.com\/de\/wp-json\/wp\/v2\/product_cat?post=11911"},{"taxonomy":"product_tag","embeddable":true,"href":"https:\/\/damicoline.com\/de\/wp-json\/wp\/v2\/product_tag?post=11911"}],"curies":[{"name":"wp","href":"https:\/\/api.w.org\/{rel}","templated":true}]}}