{"id":11992,"date":"2025-09-01T15:29:38","date_gmt":"2025-09-01T13:29:38","guid":{"rendered":"https:\/\/damicoline.com\/product\/kit-revisione-coppia-conica-porter-standard-no-maxxi\/"},"modified":"2025-09-01T19:02:40","modified_gmt":"2025-09-01T17:02:40","slug":"uberholungssatz-fur-kegelradgetriebe-fur-piaggio-porter-standard-kit","status":"publish","type":"product","link":"https:\/\/damicoline.com\/de\/produkt\/uberholungssatz-fur-kegelradgetriebe-fur-piaggio-porter-standard-kit\/","title":{"rendered":"\u00dcberholungssatz f\u00fcr Kegelradgetriebe f\u00fcr Piaggio Porter Standard Kit."},"content":{"rendered":"<p><strong>\u00dcberholungssatz f\u00fcr Kegelradgetriebe f\u00fcr Piaggio Porter Standard Kit.<\/strong><\/p>\n<p>\u00dcberholungssatz f\u00fcr Kegelradgetriebe kompatibel mit <strong>Piaggio Porter<\/strong> Standardmodell (kein Maxxi). Enth\u00e4lt die Hauptkomponenten zur Wiederherstellung von Spiel, Gleitf\u00e4higkeit und Dichtheit des Differentials mit zuverl\u00e4ssiger Montage.<\/p>\n<ul>\n<li><strong>Gro\u00dfes Kegelradlager<\/strong> \u2013 <code>&#57;&#48;&#48;&#52;&#51;&#54;&#54;&#48;&#54;&#55;&#48;&#48;&#48;<\/code><\/li>\n<li><strong>Kleines Kegelradlager<\/strong> \u2013 <code>&#57;&#48;&#48;&#52;&#51;&#54;&#54;&#48;&#54;&#53;&#48;&#48;&#48;<\/code><\/li>\n<li><strong>Dichtung f\u00fcr Differentialritzel<\/strong> \u2013 <code>&#57;&#48;&#48;&#52;&#51;&#49;&#49;&#51;&#51;&#48;&#48;&#48;&#48;<\/code><\/li>\n<li><strong>O-Ring f\u00fcr Ritzelflansch<\/strong> \u2013 <code>&#57;&#48;&#48;&#52;&#51;&#48;&#49;&#50;&#53;&#50;&#48;&#48;&#48;<\/code><\/li>\n<\/ul>\n<p class=\"mt-2\"><em>Empfohlen w\u00e4hrend der \u00dcberholung:<\/em> Ersetzen Sie auch die <strong>Differentialgeh\u00e4uselager<\/strong> \u2013 <code>&#57;&#48;&#48;&#52;&#51;&#54;&#54;&#48;&#54;&#54;&#48;&#48;&#48;<\/code> f\u00fcr ein langlebiges und ger\u00e4uscharmes Ergebnis.<\/p>\n<div class=\"text-sm text-gray-800 font-medium mb-2\"><div class=\"text-sm text-gray-800 font-medium mb-2\"><strong>Referenzcodes:<\/strong>&#32;&#57;&#48;&#48;&#52;&#51;&#49;&#49;&#51;&#51;&#48;&#48;&#48;0 \u2013&#32;&#57;&#48;&#48;&#52;&#51;&#54;&#54;&#48;&#54;&#53;&#48;&#48;0 \u2013&#32;&#57;&#48;&#48;&#52;&#51;&#54;&#54;&#48;&#54;&#55;&#48;&#48;0<\/div><\/div>\n<div class=\"oem-box mb-4\">\t\t\t\t<div class=\"oem-box mb-4\">\n\t\t\t\t\t<p class=\"text-sm text-gray-800 font-medium mb-2\">Typ: <strong>Aftermarket<\/strong><\/p>\n\t\t\t\t\t<p class=\"text-sm text-gray-700 mb-1\">Aftermarket-Komponente in Profiqualit\u00e4t, kompatibel mit den auf dieser Seite aufgef\u00fchrten Fahrzeugen.<\/p>\n\t\t\t\t\t<p class=\"text-xs text-gray-500 mt-2\">*Nicht von Piaggio hergestellt oder gebrandet. Marken geh\u00f6ren den jeweiligen Inhabern.<\/p>\n\t\t\t\t<\/div>\n\t\t\t<\/div>\n<section class=\"compatibility-block mb-4\"><section class=\"compatibility-block mb-4\"><div class=\"product-extra-details hide-below-992\"><table class=\"woocommerce-product-attributes\"><tbody><tr><th colspan=\"2\"><span class=\"text-sm font-medium mb-2\">Kompatibel mit:<\/span><\/th><\/tr><tr><th>Fahrzeugmodell \u2013 Rahmenpr\u00e4fix:<\/th><td><a href=\"https:\/\/damicoline.com\/de\/shop\/?vx_brand=PIAGGIO&#038;vx_model=PORTER%20Pianale%20piatto\/Telaio%201.2%20D%20(2010-2015)&#038;vx_engine=P120&#038;vx_years=2010-2015\">\ud83d\ude9a PIAGGIO PORTER Pianale piatto\/Telaio 1.2 D (2010-2015) P120 (2010-2015) - ZAPS90CKW, ZAPS90PKW, ZAPS90TKW, ZAPS90VKW<\/a><\/td><\/tr><tr><th>Fahrzeugmodell \u2013 Rahmenpr\u00e4fix:<\/th><td><a href=\"https:\/\/damicoline.com\/de\/shop\/?vx_brand=PIAGGIO&#038;vx_model=PORTER%20Pianale%20piatto\/Telaio%201.3%20(2010-2015)&#038;vx_engine=DA471QLR&#038;vx_years=2010-2015\">\ud83d\ude9a PIAGGIO PORTER Pianale piatto\/Telaio 1.3 (2010-2015) DA471QLR (2010-2015) - ZAPS90CJ, ZAPS90PJ, ZAPS90TJ, ZAPS90VJ<\/a><\/td><\/tr><tr><th>Fahrzeugmodell \u2013 Rahmenpr\u00e4fix:<\/th><td><a href=\"https:\/\/damicoline.com\/de\/shop\/?vx_brand=PIAGGIO&#038;vx_model=PORTER%20Pianale%20piatto\/Telaio%201.3%2016V%20Up-Date%20E3%20(2009-2010)&#038;vx_engine=HC-EL&#038;vx_years=2009-2010\">\ud83d\ude9a PIAGGIO PORTER Pianale piatto\/Telaio 1.3 16V Up-Date E3 (2009-2010) HC-EL (2009-2010) - ZAPS90CH, ZAPS90PH, ZAPS90TH, ZAPS90VH<\/a><\/td><\/tr><tr><th>Fahrzeugmodell \u2013 Rahmenpr\u00e4fix:<\/th><td><a href=\"https:\/\/damicoline.com\/de\/shop\/?vx_brand=PIAGGIO&#038;vx_model=PORTER%20Pianale%20piatto\/Telaio%201.3%20LPG%20(2015-2020)&#038;vx_engine=DAM13R&#038;vx_years=2015-2020\">\ud83d\ude9a PIAGGIO PORTER Pianale piatto\/Telaio 1.3 LPG (2015-2020) DAM13R (2015-2020) - ZAPS89CGW, ZAPS89PGW, ZAPS90VGW, ZAPS90TGW, ZAPS90PGW, ZAPS90CGW<\/a><\/td><\/tr><\/tbody><\/table><\/div><\/section><\/section>\n","protected":false},"excerpt":{"rendered":"<p>\u00dcberholungssatz f\u00fcr Kegelradgetriebe f\u00fcr Piaggio Porter Standard Kit. \u00dcberholungssatz f\u00fcr Kegelradgetriebe kompatibel mit Piaggio Porter Standardmodell (kein Maxxi). Enth\u00e4lt die Hauptkomponenten zur Wiederherstellung von Spiel, Gleitf\u00e4higkeit und Dichtheit des Differentials mit zuverl\u00e4ssiger Montage. Gro\u00dfes Kegelradlager \u2013 &#57;&#48;&#48;&#52;&#51;&#54;&#54;&#48;&#54;&#55;&#48;&#48;&#48; Kleines Kegelradlager \u2013 &#57;&#48;&#48;&#52;&#51;&#54;&#54;&#48;&#54;&#53;&#48;&#48;&#48; Dichtung f\u00fcr Differentialritzel \u2013 &#57;&#48;&#48;&#52;&#51;&#49;&#49;&#51;&#51;&#48;&#48;&#48;&#48; O-Ring f\u00fcr Ritzelflansch \u2013 &#57;&#48;&#48;&#52;&#51;&#48;&#49;&#50;&#53;&#50;&#48;&#48;&#48; Empfohlen w\u00e4hrend der \u00dcberholung:<\/p>\n<div class=\"klb-readmore button\"><a class=\"btn link\" href=\"https:\/\/damicoline.com\/de\/produkt\/uberholungssatz-fur-kegelradgetriebe-fur-piaggio-porter-standard-kit\/\">Read More <i class=\"klbth-icon-right-arrow\"><\/i><\/a><\/div>\n","protected":false},"featured_media":11964,"template":"","meta":{"_sitemap_exclude":false,"_sitemap_priority":"","_sitemap_frequency":""},"product_brand":[2670],"product_cat":[2398,1425],"product_tag":[2399,2400,2401],"class_list":{"0":"post-11992","1":"product","2":"type-product","3":"status-publish","4":"has-post-thumbnail","6":"product_brand-aftermarket","7":"product_cat-differential","8":"product_cat-hintere-kraftubertragung","9":"product_tag-2399","10":"product_tag-2400","11":"product_tag-2401","13":"first","14":"instock","15":"sale","16":"taxable","17":"shipping-taxable","18":"purchasable","19":"product-type-simple"},"_links":{"self":[{"href":"https:\/\/damicoline.com\/de\/wp-json\/wp\/v2\/product\/11992","targetHints":{"allow":["GET"]}}],"collection":[{"href":"https:\/\/damicoline.com\/de\/wp-json\/wp\/v2\/product"}],"about":[{"href":"https:\/\/damicoline.com\/de\/wp-json\/wp\/v2\/types\/product"}],"wp:featuredmedia":[{"embeddable":true,"href":"https:\/\/damicoline.com\/de\/wp-json\/wp\/v2\/media\/11964"}],"wp:attachment":[{"href":"https:\/\/damicoline.com\/de\/wp-json\/wp\/v2\/media?parent=11992"}],"wp:term":[{"taxonomy":"product_brand","embeddable":true,"href":"https:\/\/damicoline.com\/de\/wp-json\/wp\/v2\/product_brand?post=11992"},{"taxonomy":"product_cat","embeddable":true,"href":"https:\/\/damicoline.com\/de\/wp-json\/wp\/v2\/product_cat?post=11992"},{"taxonomy":"product_tag","embeddable":true,"href":"https:\/\/damicoline.com\/de\/wp-json\/wp\/v2\/product_tag?post=11992"}],"curies":[{"name":"wp","href":"https:\/\/api.w.org\/{rel}","templated":true}]}}