{"id":11997,"date":"2025-09-01T18:03:34","date_gmt":"2025-09-01T16:03:34","guid":{"rendered":"https:\/\/damicoline.com\/product\/cuscinetto-scatola-differenziale-porter-standard-9004366066000\/"},"modified":"2026-04-22T14:46:32","modified_gmt":"2026-04-22T12:46:32","slug":"differentialgehauselager-fur-piaggio-porter-standard","status":"publish","type":"product","link":"https:\/\/damicoline.com\/de\/produkt\/differentialgehauselager-fur-piaggio-porter-standard\/","title":{"rendered":"Differentialgeh\u00e4uselager f\u00fcr Piaggio Porter Standard"},"content":{"rendered":"<p><strong>Differentialgeh\u00e4uselager f\u00fcr Piaggio Porter Standard<\/strong><\/p>\n<p>Lager f\u00fcr <strong>Differentialgeh\u00e4use<\/strong> kompatibel mit <strong>Piaggio Porter<\/strong> Standardmodell (kein Maxxi). Code <code>&#57;&#48;&#48;&#52;&#51;&#54;&#54;&#48;&#54;&#54;&#48;&#48;&#48;<\/code>. Qualit\u00e4tsersatzteil, das einen reibungslosen Lauf gew\u00e4hrleistet, Spiel und Ger\u00e4usche reduziert und die Lebensdauer des Differentials garantiert.<\/p>\n<p><em>Hinweis:<\/em> F\u00fcr die vollst\u00e4ndige \u00dcberholung des Differentials werden <strong>2 St\u00fcck<\/strong> ben\u00f6tigt.<\/p>\n<div class=\"text-sm text-gray-800 font-medium mb-2\"><div class=\"text-sm text-gray-800 font-medium mb-2\"><strong>Referenzcodes:<\/strong>&#32;&#57;&#48;&#48;&#52;&#51;&#54;&#54;&#48;&#54;&#54;&#48;&#48;0<\/div><\/div>\n<div class=\"oem-box mb-4\"><div class=\"oem-box mb-4\"><p class=\"text-sm text-gray-800 font-medium mb-2\">Typ: <strong>Aftermarket<\/strong><\/p><p class=\"text-sm text-gray-700 mb-1\">Aftermarket-Komponente in Profiqualit\u00e4t, kompatibel mit den auf dieser Seite aufgef\u00fchrten Fahrzeugen.<\/p><p class=\"text-xs text-gray-500 mt-2\">Nicht von Piaggio hergestellt oder gebrandet. Marken geh\u00f6ren den jeweiligen Inhabern.<\/p><\/div><\/div>\n<section class=\"compatibility-block mb-4\"><section class=\"compatibility-block mb-4\"><div class=\"product-extra-details hide-below-992\"><table class=\"woocommerce-product-attributes\"><tbody><tr><th colspan=\"2\"><span class=\"text-sm font-medium mb-2\">Kompatibel mit:<\/span><\/th><\/tr><tr><th>Fahrzeugmodell \u2013 Rahmenpr\u00e4fix:<\/th><td><a href=\"https:\/\/damicoline.com\/de\/shop\/?vx_brand=PIAGGIO&#038;vx_model=PORTER%20Pianale%20piatto\/Telaio%201.2%20D%20(2010-2015)&#038;vx_engine=P120&#038;vx_years=2010-2015\">\ud83d\ude9a PIAGGIO PORTER Pianale piatto\/Telaio 1.2 D (2010-2015) P120 (2010-2015) - ZAPS90CKW, ZAPS90PKW, ZAPS90TKW, ZAPS90VKW<\/a><\/td><\/tr><tr><th>Fahrzeugmodell \u2013 Rahmenpr\u00e4fix:<\/th><td><a href=\"https:\/\/damicoline.com\/de\/shop\/?vx_brand=PIAGGIO&#038;vx_model=PORTER%20Pianale%20piatto\/Telaio%201.3%20(2010-2015)&#038;vx_engine=DA471QLR&#038;vx_years=2010-2015\">\ud83d\ude9a PIAGGIO PORTER Pianale piatto\/Telaio 1.3 (2010-2015) DA471QLR (2010-2015) - ZAPS90CJ, ZAPS90PJ, ZAPS90TJ, ZAPS90VJ<\/a><\/td><\/tr><tr><th>Fahrzeugmodell \u2013 Rahmenpr\u00e4fix:<\/th><td><a href=\"https:\/\/damicoline.com\/de\/shop\/?vx_brand=PIAGGIO&#038;vx_model=PORTER%20Pianale%20piatto\/Telaio%201.3%2016V%20Up-Date%20E3%20(2009-2010)&#038;vx_engine=HC-EL&#038;vx_years=2009-2010\">\ud83d\ude9a PIAGGIO PORTER Pianale piatto\/Telaio 1.3 16V Up-Date E3 (2009-2010) HC-EL (2009-2010) - ZAPS90CH, ZAPS90PH, ZAPS90TH, ZAPS90VH<\/a><\/td><\/tr><tr><th>Fahrzeugmodell \u2013 Rahmenpr\u00e4fix:<\/th><td><a href=\"https:\/\/damicoline.com\/de\/shop\/?vx_brand=PIAGGIO&#038;vx_model=PORTER%20Pianale%20piatto\/Telaio%201.3%20LPG%20(2015-2020)&#038;vx_engine=DAM13R&#038;vx_years=2015-2020\">\ud83d\ude9a PIAGGIO PORTER Pianale piatto\/Telaio 1.3 LPG (2015-2020) DAM13R (2015-2020) - ZAPS89CGW, ZAPS89PGW, ZAPS90VGW, ZAPS90TGW, ZAPS90PGW, ZAPS90CGW<\/a><\/td><\/tr><\/tbody><\/table><\/div><\/section><\/section>\n","protected":false},"excerpt":{"rendered":"<p>Differentialgeh\u00e4uselager f\u00fcr Piaggio Porter Standard Lager f\u00fcr Differentialgeh\u00e4use kompatibel mit Piaggio Porter Standardmodell (kein Maxxi). Code &#57;&#48;&#48;&#52;&#51;&#54;&#54;&#48;&#54;&#54;&#48;&#48;&#48;. Qualit\u00e4tsersatzteil, das einen reibungslosen Lauf gew\u00e4hrleistet, Spiel und Ger\u00e4usche reduziert und die Lebensdauer des Differentials garantiert. Hinweis: F\u00fcr die vollst\u00e4ndige \u00dcberholung des Differentials werden 2 St\u00fcck ben\u00f6tigt.<\/p>\n","protected":false},"featured_media":11972,"template":"","meta":{"_sitemap_exclude":false,"_sitemap_priority":"","_sitemap_frequency":""},"product_brand":[2670],"product_cat":[2398,1425],"product_tag":[2415],"class_list":{"0":"post-11997","1":"product","2":"type-product","3":"status-publish","4":"has-post-thumbnail","6":"product_brand-aftermarket","7":"product_cat-differential","8":"product_cat-hintere-kraftubertragung","9":"product_tag-2415","11":"first","12":"instock","13":"sale","14":"taxable","15":"shipping-taxable","16":"purchasable","17":"product-type-simple"},"_links":{"self":[{"href":"https:\/\/damicoline.com\/de\/wp-json\/wp\/v2\/product\/11997","targetHints":{"allow":["GET"]}}],"collection":[{"href":"https:\/\/damicoline.com\/de\/wp-json\/wp\/v2\/product"}],"about":[{"href":"https:\/\/damicoline.com\/de\/wp-json\/wp\/v2\/types\/product"}],"wp:featuredmedia":[{"embeddable":true,"href":"https:\/\/damicoline.com\/de\/wp-json\/wp\/v2\/media\/11972"}],"wp:attachment":[{"href":"https:\/\/damicoline.com\/de\/wp-json\/wp\/v2\/media?parent=11997"}],"wp:term":[{"taxonomy":"product_brand","embeddable":true,"href":"https:\/\/damicoline.com\/de\/wp-json\/wp\/v2\/product_brand?post=11997"},{"taxonomy":"product_cat","embeddable":true,"href":"https:\/\/damicoline.com\/de\/wp-json\/wp\/v2\/product_cat?post=11997"},{"taxonomy":"product_tag","embeddable":true,"href":"https:\/\/damicoline.com\/de\/wp-json\/wp\/v2\/product_tag?post=11997"}],"curies":[{"name":"wp","href":"https:\/\/api.w.org\/{rel}","templated":true}]}}