{"id":12123,"date":"2025-09-18T17:15:14","date_gmt":"2025-09-18T15:15:14","guid":{"rendered":"https:\/\/damicoline.com\/product\/semiasse-per-piaggio-ape-calessino-e-ape-lcs-diesel-da-415mm\/"},"modified":"2026-04-22T14:46:37","modified_gmt":"2026-04-22T12:46:37","slug":"nackte-antriebswelle-415-mm-ape-calessino-ldw-422-und-lcs-422","status":"publish","type":"product","link":"https:\/\/damicoline.com\/de\/produkt\/nackte-antriebswelle-415-mm-ape-calessino-ldw-422-und-lcs-422\/","title":{"rendered":"Nackte Antriebswelle 415 mm Ape Calessino LDW-422 und LCS 422"},"content":{"rendered":"<p><strong>Nackte Antriebswelle 415 mm f\u00fcr Piaggio Ape Calessino LDW-422 und Ape Diesel LCS 422<\/strong><\/p>\n<p>Nackte Antriebswelle kompatibel mit <strong>Piaggio Ape Calessino LDW-422 Diesel<\/strong> und <strong>Piaggio Ape Diesel LCS 422<\/strong>, Gesamtl\u00e4nge <strong>415 mm<\/strong>. Antriebskomponente, die f\u00fcr die Verbindung zwischen Differential und Radgruppe verwendet wird, geeignet f\u00fcr Reparatur-, \u00dcberholungs- oder Wiederaufbauarbeiten der Antriebs\u00fcbertragung.<\/p>\n<p><em>Hinweis:<\/em> Die Antriebswelle wird <strong>nackt<\/strong> geliefert (ohne Manschetten, Gelenke, Nabe und Zubeh\u00f6r). F\u00fcr eine korrekte Montage k\u00f6nnen separat erworben werden:<\/p>\n<ul>\n<li><strong>Antriebswellen-Manschettensatz<\/strong> (innere Manschette, \u00e4u\u00dfere Manschette und Spannb\u00e4nder) \u2013 <a href=\"\/?s=L2920196&amp;post_type=product\"><strong>Code: L2920196<\/strong><\/a><\/li>\n<li><strong>Antriebswellenlager und -dichtung<\/strong> \u2013 <a href=\"\/?s=L3010260&amp;post_type=product\"><strong>Code: L3010260<\/strong><\/a><\/li>\n<li><strong>Antriebswellen-Nabenanschluss<\/strong> \u2013 <a href=\"\/?s=111498&amp;post_type=product\"><strong>Code: 111498<\/strong><\/a><\/li>\n<\/ul>\n<p><a href=\"https:\/\/damicoline.com\/wp-content\/uploads\/2025\/09\/Semiasse-415mm.jpg\" target=\"_blank\" rel=\"noopener\"><br \/>\n<img decoding=\"async\" style=\"max-width: 100%; height: auto;\" src=\"https:\/\/damicoline.com\/wp-content\/uploads\/2025\/09\/Semiasse-415mm.jpg\" alt=\"Nackte Antriebswelle 415 mm f\u00fcr Piaggio Ape Calessino LDW-422 und Ape Diesel LCS 422\" width=\"300\" \/><br \/>\n<\/a><\/p>\n<div class=\"text-sm text-gray-800 font-medium mb-2\"><div class=\"text-sm text-gray-800 font-medium mb-2\"><strong>Referenzcodes:<\/strong> 850235 \u2013 L8050028<\/div><\/div>\n<div class=\"oem-box mb-4\"><div class=\"oem-box mb-4\"><p class=\"text-sm text-gray-800 font-medium mb-2\">Typ: <strong>Aftermarket<\/strong><\/p><p class=\"text-sm text-gray-700 mb-1\">Aftermarket-Komponente in Profiqualit\u00e4t, kompatibel mit den auf dieser Seite aufgef\u00fchrten Fahrzeugen.<\/p><p class=\"text-xs text-gray-500 mt-2\">Nicht von Piaggio hergestellt oder gebrandet. Marken geh\u00f6ren den jeweiligen Inhabern.<\/p><\/div><\/div>\n<section class=\"compatibility-block mb-4\"><section class=\"compatibility-block mb-4\"><div class=\"product-extra-details hide-below-992\"><table class=\"woocommerce-product-attributes\"><tbody><tr><th colspan=\"2\"><span class=\"text-sm font-medium mb-2\">Kompatibel mit:<\/span><\/th><\/tr><tr><th>Fahrzeugmodell \u2013 Rahmenpr\u00e4fix:<\/th><td><a href=\"https:\/\/damicoline.com\/de\/shop\/?vx_brand=PIAGGIO&#038;vx_model=APE%20CALESSINO%20422%20E2%20(2007-2012)&#038;vx_engine=LDW422&#038;vx_years=2007-2012\">\ud83d\ude9a PIAGGIO APE CALESSINO 422 E2 (2007-2012) LDW422 (2007-2012) - ZAPT2D4MC, ZAPT3E9AC<\/a><\/td><\/tr><tr><th>Fahrzeugmodell \u2013 Rahmenpr\u00e4fix:<\/th><td><a href=\"https:\/\/damicoline.com\/de\/shop\/?vx_brand=PIAGGIO&#038;vx_model=APE%20TM703%20DIESEL%20LCS%20422%20E1%20(2005-2012)&#038;vx_engine=ATD2M&#038;vx_years=2005-2012\">\ud83d\ude9a PIAGGIO APE TM703 DIESEL LCS 422 E1 (2005-2012) ATD2M (2005-2012) - ZAPT10000<\/a><\/td><\/tr><\/tbody><\/table><\/div><\/section><\/section>\n","protected":false},"excerpt":{"rendered":"<p>Nackte Antriebswelle 415 mm f\u00fcr Piaggio Ape Calessino LDW-422 und Ape Diesel LCS 422 Nackte Antriebswelle kompatibel mit Piaggio Ape Calessino LDW-422 Diesel und Piaggio Ape Diesel LCS 422, Gesamtl\u00e4nge 415 mm. Antriebskomponente, die f\u00fcr die Verbindung zwischen Differential und Radgruppe verwendet wird, geeignet f\u00fcr Reparatur-, \u00dcberholungs- oder Wiederaufbauarbeiten der Antriebs\u00fcbertragung. Hinweis: Die Antriebswelle wird<\/p>\n<div class=\"klb-readmore button\"><a class=\"btn link\" href=\"https:\/\/damicoline.com\/de\/produkt\/nackte-antriebswelle-415-mm-ape-calessino-ldw-422-und-lcs-422\/\">Read More <i class=\"klbth-icon-right-arrow\"><\/i><\/a><\/div>\n","protected":false},"featured_media":12088,"template":"","meta":{"_sitemap_exclude":false,"_sitemap_priority":"","_sitemap_frequency":""},"product_brand":[],"product_cat":[1430,1425],"product_tag":[3865,2426],"class_list":{"0":"post-12123","1":"product","2":"type-product","3":"status-publish","4":"has-post-thumbnail","6":"product_cat-antriebswelle","7":"product_cat-hintere-kraftubertragung","8":"product_tag-3865","9":"product_tag-l8050028","11":"first","12":"instock","13":"sale","14":"taxable","15":"shipping-taxable","16":"purchasable","17":"product-type-simple"},"_links":{"self":[{"href":"https:\/\/damicoline.com\/de\/wp-json\/wp\/v2\/product\/12123","targetHints":{"allow":["GET"]}}],"collection":[{"href":"https:\/\/damicoline.com\/de\/wp-json\/wp\/v2\/product"}],"about":[{"href":"https:\/\/damicoline.com\/de\/wp-json\/wp\/v2\/types\/product"}],"wp:featuredmedia":[{"embeddable":true,"href":"https:\/\/damicoline.com\/de\/wp-json\/wp\/v2\/media\/12088"}],"wp:attachment":[{"href":"https:\/\/damicoline.com\/de\/wp-json\/wp\/v2\/media?parent=12123"}],"wp:term":[{"taxonomy":"product_brand","embeddable":true,"href":"https:\/\/damicoline.com\/de\/wp-json\/wp\/v2\/product_brand?post=12123"},{"taxonomy":"product_cat","embeddable":true,"href":"https:\/\/damicoline.com\/de\/wp-json\/wp\/v2\/product_cat?post=12123"},{"taxonomy":"product_tag","embeddable":true,"href":"https:\/\/damicoline.com\/de\/wp-json\/wp\/v2\/product_tag?post=12123"}],"curies":[{"name":"wp","href":"https:\/\/api.w.org\/{rel}","templated":true}]}}