{"id":12256,"date":"2025-09-29T15:35:55","date_gmt":"2025-09-29T13:35:55","guid":{"rendered":"https:\/\/damicoline.com\/product\/bussola-gomma-tampone-balestra-piaggio-porter\/"},"modified":"2026-05-13T12:27:39","modified_gmt":"2026-05-13T10:27:39","slug":"gummipuffer-buchse-blattfeder-fur-piaggio-porter-1-stuck","status":"publish","type":"product","link":"https:\/\/damicoline.com\/de\/produkt\/gummipuffer-buchse-blattfeder-fur-piaggio-porter-1-stuck\/","title":{"rendered":"Gummipuffer-Buchse Blattfeder f\u00fcr Piaggio Porter 1 St\u00fcck"},"content":{"rendered":"<p><strong>Gummipuffer-Buchse Blattfeder f\u00fcr Piaggio Porter<\/strong><\/p>\n<p>Gummipuffer-Buchse <strong>Blattfeder<\/strong> kompatibel mit <strong>Piaggio Porter<\/strong>. Entwickelt, um Vibrationen und St\u00f6\u00dfe zu absorbieren, reduziert Ger\u00e4usche und gew\u00e4hrleistet Stabilit\u00e4t des Fahrwerks. Widerstandsf\u00e4higes und langlebiges Ersatzteil.<\/p>\n<p><em>Hinweis:<\/em> Pro Seite werden <strong>4 St\u00fcck<\/strong> ben\u00f6tigt. Der angegebene Preis bezieht sich auf <strong>1 einzelnes St\u00fcck<\/strong>.<\/p>\n<div class=\"text-sm text-gray-800 font-medium mb-2\"><div class=\"text-sm text-gray-800 font-medium mb-2\"><strong>Referenzcodes:<\/strong> 261219<\/div><\/div>\n<div class=\"oem-box mb-4\"><div class=\"oem-box mb-4\"><p class=\"text-sm text-gray-800 font-medium mb-2\">Typ: <strong>Aftermarket<\/strong><\/p><p class=\"text-sm text-gray-700 mb-1\">Aftermarket-Komponente in Profiqualit\u00e4t, kompatibel mit den auf dieser Seite aufgef\u00fchrten Fahrzeugen.<\/p><p class=\"text-xs text-gray-500 mt-2\">Nicht von Piaggio hergestellt oder gebrandet. Marken geh\u00f6ren den jeweiligen Inhabern.<\/p><\/div><\/div>\n<section class=\"compatibility-block mb-4\"><section class=\"compatibility-block mb-4\"><div class=\"product-extra-details\"><table class=\"woocommerce-product-attributes\"><tbody><tr><th colspan=\"2\"><span class=\"text-sm font-medium mb-2\">Kompatibel mit:<\/span><\/th><\/tr><tr><th>Fahrzeugmodell \u2013 Rahmenpr\u00e4fix:<\/th><td>\ud83d\ude9a PIAGGIO PORTER Pianale piatto 1.4 D (1998-2005) LDW1404\/P (1998-2005) - ZAPS&#56;&#53;&#48;&#48;&#48;&#48;&#48;&#52;, ZAPS&#56;&#53;&#48;&#48;&#48;&#48;&#48;&#55;, ZAPS85V00004, ZAPS85V00007<\/td><\/tr><tr><th>Fahrzeugmodell \u2013 Rahmenpr\u00e4fix:<\/th><td>\ud83d\ude9a PIAGGIO PORTER Pianale piatto\/Telaio 1.2 D (2010-2015) P120 (2010-2015) - ZAPS90CKW, ZAPS90PKW, ZAPS90TKW, ZAPS90VKW<\/td><\/tr><tr><th>Fahrzeugmodell \u2013 Rahmenpr\u00e4fix:<\/th><td>\ud83d\ude9a PIAGGIO PORTER Pianale piatto\/Telaio 1.3 (2010-2015) DA471QLR (2010-2015) - ZAPS90CJ, ZAPS90PJ, ZAPS90TJ, ZAPS90VJ<\/td><\/tr><tr><th>Fahrzeugmodell \u2013 Rahmenpr\u00e4fix:<\/th><td>\ud83d\ude9a PIAGGIO PORTER Pianale piatto\/Telaio 1.3 16V (1998-2009) HC-EL (1998-2009) - ZAPS85000, ZAPS85V00<\/td><\/tr><tr><th>Fahrzeugmodell \u2013 Rahmenpr\u00e4fix:<\/th><td>\ud83d\ude9a PIAGGIO PORTER Pianale piatto\/Telaio 1.3 16V Up-Date E3 (2009-2010) HC-EL (2009-2010) - ZAPS90CH, ZAPS90PH, ZAPS90TH, ZAPS90VH<\/td><\/tr><tr><th>Fahrzeugmodell \u2013 Rahmenpr\u00e4fix:<\/th><td>\ud83d\ude9a PIAGGIO PORTER Pianale piatto\/Telaio 1.3 LPG (2015-2020) DAM13R (2015-2020) - ZAPS89CGW, ZAPS89PGW, ZAPS90VGW, ZAPS90TGW, ZAPS90PGW, ZAPS90CGW<\/td><\/tr><\/tbody><\/table><\/div><\/section><\/section>\n","protected":false},"excerpt":{"rendered":"<p>Gummipuffer-Buchse Blattfeder f\u00fcr Piaggio Porter Gummipuffer-Buchse Blattfeder kompatibel mit Piaggio Porter. Entwickelt, um Vibrationen und St\u00f6\u00dfe zu absorbieren, reduziert Ger\u00e4usche und gew\u00e4hrleistet Stabilit\u00e4t des Fahrwerks. Widerstandsf\u00e4higes und langlebiges Ersatzteil. Hinweis: Pro Seite werden 4 St\u00fcck ben\u00f6tigt. Der angegebene Preis bezieht sich auf 1 einzelnes St\u00fcck.<\/p>\n","protected":false},"featured_media":12227,"template":"","meta":[],"product_brand":[3901],"product_cat":[1957,1956],"product_tag":[2455],"class_list":{"0":"post-12256","1":"product","2":"type-product","3":"status-publish","4":"has-post-thumbnail","6":"product_brand-aftermarket","7":"product_cat-hinterachse","8":"product_cat-hintere-stosdampfer","9":"product_tag-2455","11":"first","12":"outofstock","13":"sale","14":"taxable","15":"shipping-taxable","16":"purchasable","17":"product-type-simple"},"_links":{"self":[{"href":"https:\/\/damicoline.com\/de\/wp-json\/wp\/v2\/product\/12256","targetHints":{"allow":["GET"]}}],"collection":[{"href":"https:\/\/damicoline.com\/de\/wp-json\/wp\/v2\/product"}],"about":[{"href":"https:\/\/damicoline.com\/de\/wp-json\/wp\/v2\/types\/product"}],"wp:featuredmedia":[{"embeddable":true,"href":"https:\/\/damicoline.com\/de\/wp-json\/wp\/v2\/media\/12227"}],"wp:attachment":[{"href":"https:\/\/damicoline.com\/de\/wp-json\/wp\/v2\/media?parent=12256"}],"wp:term":[{"taxonomy":"product_brand","embeddable":true,"href":"https:\/\/damicoline.com\/de\/wp-json\/wp\/v2\/product_brand?post=12256"},{"taxonomy":"product_cat","embeddable":true,"href":"https:\/\/damicoline.com\/de\/wp-json\/wp\/v2\/product_cat?post=12256"},{"taxonomy":"product_tag","embeddable":true,"href":"https:\/\/damicoline.com\/de\/wp-json\/wp\/v2\/product_tag?post=12256"}],"curies":[{"name":"wp","href":"https:\/\/api.w.org\/{rel}","templated":true}]}}