{"id":12271,"date":"2025-09-29T16:22:30","date_gmt":"2025-09-29T14:22:30","guid":{"rendered":"https:\/\/damicoline.com\/product\/ammortizzatore-anteriore-piaggio-ape-calessino-ldw422\/"},"modified":"2025-09-29T16:54:26","modified_gmt":"2025-09-29T14:54:26","slug":"vorderer-stosdampfer-fur-piaggio-ape-calessino-ldw422","status":"publish","type":"product","link":"https:\/\/damicoline.com\/de\/produkt\/vorderer-stosdampfer-fur-piaggio-ape-calessino-ldw422\/","title":{"rendered":"Vorderer Sto\u00dfd\u00e4mpfer f\u00fcr Piaggio Ape Calessino LDW422"},"content":{"rendered":"<p><strong>Vorderer Sto\u00dfd\u00e4mpfer f\u00fcr Piaggio Ape Calessino LDW422<\/strong><\/p>\n<p>Vorderer Sto\u00dfd\u00e4mpfer kompatibel mit <strong>Piaggio Ape Calessino LDW422<\/strong>. Sorgt f\u00fcr Fahrkomfort, optimale Sto\u00dfd\u00e4mpfung und erh\u00f6hte Stabilit\u00e4t auf der Stra\u00dfe. Qualit\u00e4tsersatzteil, entwickelt f\u00fcr Langlebigkeit und Zuverl\u00e4ssigkeit.<\/p>\n<div class=\"text-sm text-gray-800 font-medium mb-2\"><div class=\"text-sm text-gray-800 font-medium mb-2\"><strong>Referenzcodes:<\/strong> 56602R<\/div><\/div>\n<div class=\"oem-box mb-4\">\t\t\t\t<div class=\"oem-box mb-4\">\n\t\t\t\t\t<p class=\"text-sm text-gray-800 font-medium mb-2\">Typ: <strong>Aftermarket<\/strong><\/p>\n\t\t\t\t\t<p class=\"text-sm text-gray-700 mb-1\">Aftermarket-Komponente in Profiqualit\u00e4t, kompatibel mit den auf dieser Seite aufgef\u00fchrten Fahrzeugen.<\/p>\n\t\t\t\t\t<p class=\"text-xs text-gray-500 mt-2\">*Nicht von Piaggio hergestellt oder gebrandet. Marken geh\u00f6ren den jeweiligen Inhabern.<\/p>\n\t\t\t\t<\/div>\n\t\t\t<\/div>\n<section class=\"compatibility-block mb-4\"><section class=\"compatibility-block mb-4\"><div class=\"product-extra-details hide-below-992\"><table class=\"woocommerce-product-attributes\"><tbody><tr><th colspan=\"2\"><span class=\"text-sm font-medium mb-2\">Kompatibel mit:<\/span><\/th><\/tr><tr><th>Fahrzeugmodell \u2013 Rahmenpr\u00e4fix:<\/th><td><a href=\"https:\/\/damicoline.com\/de\/shop\/?vx_brand=PIAGGIO&#038;vx_model=APE%20CALESSINO%20422%20E2%20(2007-2012)&#038;vx_engine=LDW422&#038;vx_years=2007-2012\">\ud83d\ude9a PIAGGIO APE CALESSINO 422 E2 (2007-2012) LDW422 (2007-2012) - ZAPT2D4MC, ZAPT3E9AC<\/a><\/td><\/tr><\/tbody><\/table><\/div><\/section><\/section>\n","protected":false},"excerpt":{"rendered":"<p>Vorderer Sto\u00dfd\u00e4mpfer f\u00fcr Piaggio Ape Calessino LDW422 Vorderer Sto\u00dfd\u00e4mpfer kompatibel mit Piaggio Ape Calessino LDW422. Sorgt f\u00fcr Fahrkomfort, optimale Sto\u00dfd\u00e4mpfung und erh\u00f6hte Stabilit\u00e4t auf der Stra\u00dfe. Qualit\u00e4tsersatzteil, entwickelt f\u00fcr Langlebigkeit und Zuverl\u00e4ssigkeit.<\/p>\n","protected":false},"featured_media":12251,"template":"","meta":{"_sitemap_exclude":false,"_sitemap_priority":"","_sitemap_frequency":""},"product_brand":[2670],"product_cat":[433,443],"product_tag":[2470],"class_list":{"0":"post-12271","1":"product","2":"type-product","3":"status-publish","4":"has-post-thumbnail","6":"product_brand-aftermarket","7":"product_cat-lenkungsteile","8":"product_cat-vordere-stosdampfer","9":"product_tag-56602r","11":"first","12":"instock","13":"sale","14":"taxable","15":"shipping-taxable","16":"purchasable","17":"product-type-simple"},"_links":{"self":[{"href":"https:\/\/damicoline.com\/de\/wp-json\/wp\/v2\/product\/12271","targetHints":{"allow":["GET"]}}],"collection":[{"href":"https:\/\/damicoline.com\/de\/wp-json\/wp\/v2\/product"}],"about":[{"href":"https:\/\/damicoline.com\/de\/wp-json\/wp\/v2\/types\/product"}],"wp:featuredmedia":[{"embeddable":true,"href":"https:\/\/damicoline.com\/de\/wp-json\/wp\/v2\/media\/12251"}],"wp:attachment":[{"href":"https:\/\/damicoline.com\/de\/wp-json\/wp\/v2\/media?parent=12271"}],"wp:term":[{"taxonomy":"product_brand","embeddable":true,"href":"https:\/\/damicoline.com\/de\/wp-json\/wp\/v2\/product_brand?post=12271"},{"taxonomy":"product_cat","embeddable":true,"href":"https:\/\/damicoline.com\/de\/wp-json\/wp\/v2\/product_cat?post=12271"},{"taxonomy":"product_tag","embeddable":true,"href":"https:\/\/damicoline.com\/de\/wp-json\/wp\/v2\/product_tag?post=12271"}],"curies":[{"name":"wp","href":"https:\/\/api.w.org\/{rel}","templated":true}]}}