{"id":12308,"date":"2025-09-29T17:03:10","date_gmt":"2025-09-29T15:03:10","guid":{"rendered":"https:\/\/damicoline.com\/product\/asse-ruota-posteriore-completo-piaggio-ape-calessino-200\/"},"modified":"2025-09-29T17:40:44","modified_gmt":"2025-09-29T15:40:44","slug":"komplette-hinterradachse-fur-piaggio-ape-calessino-200","status":"publish","type":"product","link":"https:\/\/damicoline.com\/de\/produkt\/komplette-hinterradachse-fur-piaggio-ape-calessino-200\/","title":{"rendered":"Komplette Hinterradachse f\u00fcr Piaggio Ape Calessino 200"},"content":{"rendered":"<p><strong>Komplette Hinterradachse f\u00fcr Piaggio Ape Calessino 200<\/strong><\/p>\n<p>Komplette Hinterradachse kompatibel mit <strong>Piaggio Ape Calessino 200<\/strong>. Bereit zur Montage geliefert, gew\u00e4hrleistet sie einen reibungslosen Lauf, Stabilit\u00e4t und Langlebigkeit der Radgruppe. Robustes und zuverl\u00e4ssiges Ersatzteil, ideal zur Wiederherstellung der Effizienz der \u00dcbertragung.<\/p>\n<div class=\"text-sm text-gray-800 font-medium mb-2\"><div class=\"text-sm text-gray-800 font-medium mb-2\"><strong>Referenzcodes:<\/strong> B024374<\/div><\/div>\n<div class=\"oem-box mb-4\">\t\t\t\t<div class=\"oem-box mb-4\">\n\t\t\t\t\t<p class=\"text-sm text-gray-800 font-medium mb-2\">Typ: <strong>Aftermarket<\/strong><\/p>\n\t\t\t\t\t<p class=\"text-sm text-gray-700 mb-1\">Aftermarket-Komponente in Profiqualit\u00e4t, kompatibel mit den auf dieser Seite aufgef\u00fchrten Fahrzeugen.<\/p>\n\t\t\t\t\t<p class=\"text-xs text-gray-500 mt-2\">*Nicht von Piaggio hergestellt oder gebrandet. Marken geh\u00f6ren den jeweiligen Inhabern.<\/p>\n\t\t\t\t<\/div>\n\t\t\t<\/div>\n<section class=\"compatibility-block mb-4\"><section class=\"compatibility-block mb-4\"><div class=\"product-extra-details hide-below-992\"><table class=\"woocommerce-product-attributes\"><tbody><tr><th colspan=\"2\"><span class=\"text-sm font-medium mb-2\">Kompatibel mit:<\/span><\/th><\/tr><tr><th>Fahrzeugmodell \u2013 Rahmenpr\u00e4fix:<\/th><td><a href=\"https:\/\/damicoline.com\/de\/shop\/?vx_brand=PIAGGIO&#038;vx_model=APE%20CALESSINO%20200%20E2%20(2013-2017)&#038;vx_engine=TBP4M&#038;vx_years=2013-2017\">\ud83d\ude9a PIAGGIO APE CALESSINO 200 E2 (2013-2017) TBP4M (2013-2017) - ZAPT42PMC, ZAPT42P00<\/a><\/td><\/tr><\/tbody><\/table><\/div><\/section><\/section>\n","protected":false},"excerpt":{"rendered":"<p>Komplette Hinterradachse f\u00fcr Piaggio Ape Calessino 200 Komplette Hinterradachse kompatibel mit Piaggio Ape Calessino 200. Bereit zur Montage geliefert, gew\u00e4hrleistet sie einen reibungslosen Lauf, Stabilit\u00e4t und Langlebigkeit der Radgruppe. Robustes und zuverl\u00e4ssiges Ersatzteil, ideal zur Wiederherstellung der Effizienz der \u00dcbertragung.<\/p>\n","protected":false},"featured_media":12279,"template":"","meta":{"_sitemap_exclude":false,"_sitemap_priority":"","_sitemap_frequency":""},"product_brand":[2670],"product_cat":[1425,2912],"product_tag":[2479],"class_list":{"0":"post-12308","1":"product","2":"type-product","3":"status-publish","4":"has-post-thumbnail","6":"product_brand-aftermarket","7":"product_cat-hintere-kraftubertragung","8":"product_cat-radachse","9":"product_tag-b024374","11":"first","12":"instock","13":"sale","14":"taxable","15":"shipping-taxable","16":"purchasable","17":"product-type-simple"},"_links":{"self":[{"href":"https:\/\/damicoline.com\/de\/wp-json\/wp\/v2\/product\/12308","targetHints":{"allow":["GET"]}}],"collection":[{"href":"https:\/\/damicoline.com\/de\/wp-json\/wp\/v2\/product"}],"about":[{"href":"https:\/\/damicoline.com\/de\/wp-json\/wp\/v2\/types\/product"}],"wp:featuredmedia":[{"embeddable":true,"href":"https:\/\/damicoline.com\/de\/wp-json\/wp\/v2\/media\/12279"}],"wp:attachment":[{"href":"https:\/\/damicoline.com\/de\/wp-json\/wp\/v2\/media?parent=12308"}],"wp:term":[{"taxonomy":"product_brand","embeddable":true,"href":"https:\/\/damicoline.com\/de\/wp-json\/wp\/v2\/product_brand?post=12308"},{"taxonomy":"product_cat","embeddable":true,"href":"https:\/\/damicoline.com\/de\/wp-json\/wp\/v2\/product_cat?post=12308"},{"taxonomy":"product_tag","embeddable":true,"href":"https:\/\/damicoline.com\/de\/wp-json\/wp\/v2\/product_tag?post=12308"}],"curies":[{"name":"wp","href":"https:\/\/api.w.org\/{rel}","templated":true}]}}