{"id":12318,"date":"2025-09-29T17:17:43","date_gmt":"2025-09-29T15:17:43","guid":{"rendered":"https:\/\/damicoline.com\/product\/molla-tampone-ammortizzatore-posteriore-ape-calessino-200\/"},"modified":"2026-04-22T14:47:37","modified_gmt":"2026-04-22T12:47:37","slug":"hinterer-stosdampfer-pufferfeder-piaggio-ape-calessino-200","status":"publish","type":"product","link":"https:\/\/damicoline.com\/de\/produkt\/hinterer-stosdampfer-pufferfeder-piaggio-ape-calessino-200\/","title":{"rendered":"Hinterer Sto\u00dfd\u00e4mpfer-Pufferfeder Piaggio Ape Calessino 200"},"content":{"rendered":"<p><strong>Hinterer Sto\u00dfd\u00e4mpfer-Pufferfeder f\u00fcr Piaggio Ape Calessino 200<\/strong><\/p>\n<p>Gummipufferfeder f\u00fcr <strong>hinteren Sto\u00dfd\u00e4mpfer<\/strong> kompatibel mit <strong>Piaggio Ape Calessino 200<\/strong>. D\u00e4mpft St\u00f6\u00dfe und Vibrationen, sch\u00fctzt den Sto\u00dfd\u00e4mpfer und verbessert Komfort und Fahrstabilit\u00e4t. Robustes und zuverl\u00e4ssiges Ersatzteil f\u00fcr lange Lebensdauer.<\/p>\n<div class=\"text-sm text-gray-800 font-medium mb-2\"><div class=\"text-sm text-gray-800 font-medium mb-2\"><strong>Referenzcodes:<\/strong> B002470<\/div><\/div>\n<div class=\"oem-box mb-4\"><div class=\"oem-box mb-4\"><p class=\"text-sm text-gray-800 font-medium mb-2\">Typ: <strong>Aftermarket<\/strong><\/p><p class=\"text-sm text-gray-700 mb-1\">Aftermarket-Komponente in Profiqualit\u00e4t, kompatibel mit den auf dieser Seite aufgef\u00fchrten Fahrzeugen.<\/p><p class=\"text-xs text-gray-500 mt-2\">Nicht von Piaggio hergestellt oder gebrandet. Marken geh\u00f6ren den jeweiligen Inhabern.<\/p><\/div><\/div>\n<section class=\"compatibility-block mb-4\"><section class=\"compatibility-block mb-4\"><div class=\"product-extra-details hide-below-992\"><table class=\"woocommerce-product-attributes\"><tbody><tr><th colspan=\"2\"><span class=\"text-sm font-medium mb-2\">Kompatibel mit:<\/span><\/th><\/tr><tr><th>Fahrzeugmodell \u2013 Rahmenpr\u00e4fix:<\/th><td><a href=\"https:\/\/damicoline.com\/de\/shop\/?vx_brand=PIAGGIO&#038;vx_model=APE%20CALESSINO%20200%20E2%20(2013-2017)&#038;vx_engine=TBP4M&#038;vx_years=2013-2017\">\ud83d\ude9a PIAGGIO APE CALESSINO 200 E2 (2013-2017) TBP4M (2013-2017) - ZAPT42PMC, ZAPT42P00<\/a><\/td><\/tr><tr><th>Fahrzeugmodell \u2013 Rahmenpr\u00e4fix:<\/th><td><a href=\"https:\/\/damicoline.com\/de\/shop\/?vx_brand=PIAGGIO&#038;vx_model=APE%20CALESSINO%20200%20HPE%20E4%20(2017-2023)&#038;vx_engine=TBPDF&#038;vx_years=2017-2023\">\ud83d\ude9a PIAGGIO APE CALESSINO 200 HPE E4 (2017-2023) TBPDF (2017-2023) - ZAPT64P00<\/a><\/td><\/tr><\/tbody><\/table><\/div><\/section><\/section>\n","protected":false},"excerpt":{"rendered":"<p>Hinterer Sto\u00dfd\u00e4mpfer-Pufferfeder f\u00fcr Piaggio Ape Calessino 200 Gummipufferfeder f\u00fcr hinteren Sto\u00dfd\u00e4mpfer kompatibel mit Piaggio Ape Calessino 200. D\u00e4mpft St\u00f6\u00dfe und Vibrationen, sch\u00fctzt den Sto\u00dfd\u00e4mpfer und verbessert Komfort und Fahrstabilit\u00e4t. Robustes und zuverl\u00e4ssiges Ersatzteil f\u00fcr lange Lebensdauer.<\/p>\n","protected":false},"featured_media":12295,"template":"","meta":{"_sitemap_exclude":false,"_sitemap_priority":"","_sitemap_frequency":""},"product_brand":[2670],"product_cat":[1957,1956],"product_tag":[2489],"class_list":{"0":"post-12318","1":"product","2":"type-product","3":"status-publish","4":"has-post-thumbnail","6":"product_brand-aftermarket","7":"product_cat-hinterachse","8":"product_cat-hintere-stosdampfer","9":"product_tag-b002470","11":"first","12":"instock","13":"sale","14":"taxable","15":"shipping-taxable","16":"purchasable","17":"product-type-simple"},"_links":{"self":[{"href":"https:\/\/damicoline.com\/de\/wp-json\/wp\/v2\/product\/12318","targetHints":{"allow":["GET"]}}],"collection":[{"href":"https:\/\/damicoline.com\/de\/wp-json\/wp\/v2\/product"}],"about":[{"href":"https:\/\/damicoline.com\/de\/wp-json\/wp\/v2\/types\/product"}],"wp:featuredmedia":[{"embeddable":true,"href":"https:\/\/damicoline.com\/de\/wp-json\/wp\/v2\/media\/12295"}],"wp:attachment":[{"href":"https:\/\/damicoline.com\/de\/wp-json\/wp\/v2\/media?parent=12318"}],"wp:term":[{"taxonomy":"product_brand","embeddable":true,"href":"https:\/\/damicoline.com\/de\/wp-json\/wp\/v2\/product_brand?post=12318"},{"taxonomy":"product_cat","embeddable":true,"href":"https:\/\/damicoline.com\/de\/wp-json\/wp\/v2\/product_cat?post=12318"},{"taxonomy":"product_tag","embeddable":true,"href":"https:\/\/damicoline.com\/de\/wp-json\/wp\/v2\/product_tag?post=12318"}],"curies":[{"name":"wp","href":"https:\/\/api.w.org\/{rel}","templated":true}]}}