{"id":12323,"date":"2025-09-29T17:35:50","date_gmt":"2025-09-29T15:35:50","guid":{"rendered":"https:\/\/damicoline.com\/product\/tampone-ammortizzatore-posteriore-ape-calessino-ldw422\/"},"modified":"2026-04-22T14:47:42","modified_gmt":"2026-04-22T12:47:42","slug":"hinterer-stosdampferpuffer-piaggio-ape-calessino-ldw422","status":"publish","type":"product","link":"https:\/\/damicoline.com\/de\/produkt\/hinterer-stosdampferpuffer-piaggio-ape-calessino-ldw422\/","title":{"rendered":"Hinterer Sto\u00dfd\u00e4mpferpuffer Piaggio Ape Calessino LDW422"},"content":{"rendered":"<p><strong>Hinterer Sto\u00dfd\u00e4mpferpuffer f\u00fcr Piaggio Ape Calessino LDW422<\/strong><\/p>\n<p>Gummipuffer f\u00fcr <strong>hinteren Sto\u00dfd\u00e4mpfer<\/strong> kompatibel mit <strong>Piaggio Ape Calessino LDW422<\/strong>. Absorbiert St\u00f6\u00dfe und Vibrationen, sch\u00fctzt den Sto\u00dfd\u00e4mpfer und verbessert den Komfort und die Stabilit\u00e4t des Fahrzeugs. Robustes Ersatzteil, entwickelt f\u00fcr Langlebigkeit und Zuverl\u00e4ssigkeit.<\/p>\n<div class=\"text-sm text-gray-800 font-medium mb-2\"><div class=\"text-sm text-gray-800 font-medium mb-2\"><strong>Referenzcodes:<\/strong> 568289<\/div><\/div>\n<div class=\"oem-box mb-4\"><div class=\"oem-box mb-4\"><p class=\"text-sm text-gray-800 font-medium mb-2\">Typ: <strong>Aftermarket<\/strong><\/p><p class=\"text-sm text-gray-700 mb-1\">Aftermarket-Komponente in Profiqualit\u00e4t, kompatibel mit den auf dieser Seite aufgef\u00fchrten Fahrzeugen.<\/p><p class=\"text-xs text-gray-500 mt-2\">Nicht von Piaggio hergestellt oder gebrandet. Marken geh\u00f6ren den jeweiligen Inhabern.<\/p><\/div><\/div>\n<section class=\"compatibility-block mb-4\"><section class=\"compatibility-block mb-4\"><div class=\"product-extra-details hide-below-992\"><table class=\"woocommerce-product-attributes\"><tbody><tr><th colspan=\"2\"><span class=\"text-sm font-medium mb-2\">Kompatibel mit:<\/span><\/th><\/tr><tr><th>Fahrzeugmodell \u2013 Rahmenpr\u00e4fix:<\/th><td><a href=\"https:\/\/damicoline.com\/de\/shop\/?vx_brand=PIAGGIO&#038;vx_model=APE%20CALESSINO%20422%20E2%20(2007-2012)&#038;vx_engine=LDW422&#038;vx_years=2007-2012\">\ud83d\ude9a PIAGGIO APE CALESSINO 422 E2 (2007-2012) LDW422 (2007-2012) - ZAPT2D4MC, ZAPT3E9AC<\/a><\/td><\/tr><\/tbody><\/table><\/div><\/section><\/section>\n","protected":false},"excerpt":{"rendered":"<p>Hinterer Sto\u00dfd\u00e4mpferpuffer f\u00fcr Piaggio Ape Calessino LDW422 Gummipuffer f\u00fcr hinteren Sto\u00dfd\u00e4mpfer kompatibel mit Piaggio Ape Calessino LDW422. Absorbiert St\u00f6\u00dfe und Vibrationen, sch\u00fctzt den Sto\u00dfd\u00e4mpfer und verbessert den Komfort und die Stabilit\u00e4t des Fahrzeugs. Robustes Ersatzteil, entwickelt f\u00fcr Langlebigkeit und Zuverl\u00e4ssigkeit.<\/p>\n","protected":false},"featured_media":12303,"template":"","meta":{"_sitemap_exclude":false,"_sitemap_priority":"","_sitemap_frequency":""},"product_brand":[],"product_cat":[1957,1956],"product_tag":[2494],"class_list":{"0":"post-12323","1":"product","2":"type-product","3":"status-publish","4":"has-post-thumbnail","6":"product_cat-hinterachse","7":"product_cat-hintere-stosdampfer","8":"product_tag-2494","10":"first","11":"instock","12":"sale","13":"taxable","14":"shipping-taxable","15":"purchasable","16":"product-type-simple"},"_links":{"self":[{"href":"https:\/\/damicoline.com\/de\/wp-json\/wp\/v2\/product\/12323","targetHints":{"allow":["GET"]}}],"collection":[{"href":"https:\/\/damicoline.com\/de\/wp-json\/wp\/v2\/product"}],"about":[{"href":"https:\/\/damicoline.com\/de\/wp-json\/wp\/v2\/types\/product"}],"wp:featuredmedia":[{"embeddable":true,"href":"https:\/\/damicoline.com\/de\/wp-json\/wp\/v2\/media\/12303"}],"wp:attachment":[{"href":"https:\/\/damicoline.com\/de\/wp-json\/wp\/v2\/media?parent=12323"}],"wp:term":[{"taxonomy":"product_brand","embeddable":true,"href":"https:\/\/damicoline.com\/de\/wp-json\/wp\/v2\/product_brand?post=12323"},{"taxonomy":"product_cat","embeddable":true,"href":"https:\/\/damicoline.com\/de\/wp-json\/wp\/v2\/product_cat?post=12323"},{"taxonomy":"product_tag","embeddable":true,"href":"https:\/\/damicoline.com\/de\/wp-json\/wp\/v2\/product_tag?post=12323"}],"curies":[{"name":"wp","href":"https:\/\/api.w.org\/{rel}","templated":true}]}}