{"id":12386,"date":"2025-09-29T18:35:31","date_gmt":"2025-09-29T16:35:31","guid":{"rendered":"https:\/\/damicoline.com\/product\/bobina-at-cappuccio-ape-calessino-200-euro2-euro4\/"},"modified":"2025-09-29T19:27:59","modified_gmt":"2025-09-29T17:27:59","slug":"zundspule-mit-kappe-fur-piaggio-ape-calessino-200-euro-2-4","status":"publish","type":"product","link":"https:\/\/damicoline.com\/de\/produkt\/zundspule-mit-kappe-fur-piaggio-ape-calessino-200-euro-2-4\/","title":{"rendered":"Z\u00fcndspule mit Kappe f\u00fcr Piaggio Ape Calessino 200 Euro 2-4"},"content":{"rendered":"<p><strong>Z\u00fcndspule mit Kappe f\u00fcr Piaggio Ape Calessino 200 Euro 2-4<\/strong><\/p>\n<p>Z\u00fcndspule komplett mit <strong>Z\u00fcndkerzenkappe<\/strong> kompatibel mit <strong>Piaggio Ape Calessino 200 Euro 2 und Euro 4<\/strong>. Sorgt f\u00fcr einen starken Funken und einen reibungslosen Start, verbessert die Verbrennung und die Stabilit\u00e4t des Motors. Zuverl\u00e4ssiges Ersatzteil, entwickelt f\u00fcr Langlebigkeit und konstante Leistung.<\/p>\n<div class=\"text-sm text-gray-800 font-medium mb-2\"><div class=\"text-sm text-gray-800 font-medium mb-2\"><strong>Referenzcodes:<\/strong> 1A001794<\/div><\/div>\n<div class=\"oem-box mb-4\">\t\t\t\t<div class=\"oem-box mb-4\">\n\t\t\t\t\t<p class=\"text-sm text-gray-800 font-medium mb-2\">Typ: <strong>Aftermarket<\/strong><\/p>\n\t\t\t\t\t<p class=\"text-sm text-gray-700 mb-1\">Aftermarket-Komponente in Profiqualit\u00e4t, kompatibel mit den auf dieser Seite aufgef\u00fchrten Fahrzeugen.<\/p>\n\t\t\t\t\t<p class=\"text-xs text-gray-500 mt-2\">*Nicht von Piaggio hergestellt oder gebrandet. Marken geh\u00f6ren den jeweiligen Inhabern.<\/p>\n\t\t\t\t<\/div>\n\t\t\t<\/div>\n<section class=\"compatibility-block mb-4\"><section class=\"compatibility-block mb-4\"><div class=\"product-extra-details hide-below-992\"><table class=\"woocommerce-product-attributes\"><tbody><tr><th colspan=\"2\"><span class=\"text-sm font-medium mb-2\">Kompatibel mit:<\/span><\/th><\/tr><tr><th>Fahrzeugmodell \u2013 Rahmenpr\u00e4fix:<\/th><td><a href=\"https:\/\/damicoline.com\/de\/shop\/?vx_brand=PIAGGIO&#038;vx_model=APE%20CALESSINO%20200%20E2%20(2013-2017)&#038;vx_engine=TBP4M&#038;vx_years=2013-2017\">\ud83d\ude9a PIAGGIO APE CALESSINO 200 E2 (2013-2017) TBP4M (2013-2017) - ZAPT42PMC, ZAPT42P00<\/a><\/td><\/tr><tr><th>Fahrzeugmodell \u2013 Rahmenpr\u00e4fix:<\/th><td><a href=\"https:\/\/damicoline.com\/de\/shop\/?vx_brand=PIAGGIO&#038;vx_model=APE%20CALESSINO%20200%20HPE%20E4%20(2017-2023)&#038;vx_engine=TBPDF&#038;vx_years=2017-2023\">\ud83d\ude9a PIAGGIO APE CALESSINO 200 HPE E4 (2017-2023) TBPDF (2017-2023) - ZAPT64P00<\/a><\/td><\/tr><\/tbody><\/table><\/div><\/section><\/section>\n","protected":false},"excerpt":{"rendered":"<p>Z\u00fcndspule mit Kappe f\u00fcr Piaggio Ape Calessino 200 Euro 2-4 Z\u00fcndspule komplett mit Z\u00fcndkerzenkappe kompatibel mit Piaggio Ape Calessino 200 Euro 2 und Euro 4. Sorgt f\u00fcr einen starken Funken und einen reibungslosen Start, verbessert die Verbrennung und die Stabilit\u00e4t des Motors. Zuverl\u00e4ssiges Ersatzteil, entwickelt f\u00fcr Langlebigkeit und konstante Leistung.<\/p>\n","protected":false},"featured_media":12360,"template":"","meta":{"_sitemap_exclude":false,"_sitemap_priority":"","_sitemap_frequency":""},"product_brand":[2670],"product_cat":[418,553],"product_tag":[2527],"class_list":{"0":"post-12386","1":"product","2":"type-product","3":"status-publish","4":"has-post-thumbnail","6":"product_brand-aftermarket","7":"product_cat-motorteile","8":"product_cat-zundung","9":"product_tag-1a001794","11":"first","12":"instock","13":"sale","14":"taxable","15":"shipping-taxable","16":"purchasable","17":"product-type-simple"},"_links":{"self":[{"href":"https:\/\/damicoline.com\/de\/wp-json\/wp\/v2\/product\/12386","targetHints":{"allow":["GET"]}}],"collection":[{"href":"https:\/\/damicoline.com\/de\/wp-json\/wp\/v2\/product"}],"about":[{"href":"https:\/\/damicoline.com\/de\/wp-json\/wp\/v2\/types\/product"}],"wp:featuredmedia":[{"embeddable":true,"href":"https:\/\/damicoline.com\/de\/wp-json\/wp\/v2\/media\/12360"}],"wp:attachment":[{"href":"https:\/\/damicoline.com\/de\/wp-json\/wp\/v2\/media?parent=12386"}],"wp:term":[{"taxonomy":"product_brand","embeddable":true,"href":"https:\/\/damicoline.com\/de\/wp-json\/wp\/v2\/product_brand?post=12386"},{"taxonomy":"product_cat","embeddable":true,"href":"https:\/\/damicoline.com\/de\/wp-json\/wp\/v2\/product_cat?post=12386"},{"taxonomy":"product_tag","embeddable":true,"href":"https:\/\/damicoline.com\/de\/wp-json\/wp\/v2\/product_tag?post=12386"}],"curies":[{"name":"wp","href":"https:\/\/api.w.org\/{rel}","templated":true}]}}