{"id":12763,"date":"2025-10-02T15:31:04","date_gmt":"2025-10-02T13:31:04","guid":{"rendered":"https:\/\/damicoline.com\/product\/cuffia-tenuta-olio-semiasse-ape-calessino-200-euro4\/"},"modified":"2026-04-22T14:48:27","modified_gmt":"2026-04-22T12:48:27","slug":"olwellenmanschette-fur-piaggio-ape-calessino-200-euro-4","status":"publish","type":"product","link":"https:\/\/damicoline.com\/de\/produkt\/olwellenmanschette-fur-piaggio-ape-calessino-200-euro-4\/","title":{"rendered":"\u00d6lwellenmanschette f\u00fcr Piaggio Ape Calessino 200 Euro 4"},"content":{"rendered":"<p><strong>\u00d6lwellenmanschette f\u00fcr Piaggio Ape Calessino 200 Euro 4<\/strong><\/p>\n<p>\u00d6lwellenmanschette f\u00fcr <strong>Halbwelle<\/strong> kompatibel mit <strong>Piaggio Ape Calessino 200 Euro 4<\/strong>. Entwickelt, um eine effektive Abdichtung der Schmierstoffe zu gew\u00e4hrleisten, sch\u00fctzt sie die Halbwelle vor Lecks und Eindringlingen und sorgt f\u00fcr Langlebigkeit und Zuverl\u00e4ssigkeit der \u00dcbertragung. Robustes und pr\u00e4zises Ersatzteil.<\/p>\n<div class=\"text-sm text-gray-800 font-medium mb-2\"><div class=\"text-sm text-gray-800 font-medium mb-2\"><strong>Referenzcodes:<\/strong> 6C000016<\/div><\/div>\n<div class=\"oem-box mb-4\"><div class=\"oem-box mb-4\"><p class=\"text-sm text-gray-800 font-medium mb-2\">Typ: <strong>Original Piaggio<\/strong><\/p><p class=\"text-sm text-gray-700 mb-1\">Originalteil von Piaggio, f\u00fcr korrekte Passform und Leistung entwickelt.<\/p><p class=\"text-xs text-gray-500 mt-2\">Marken geh\u00f6ren den jeweiligen Inhabern.<\/p><\/div><\/div>\n<section class=\"compatibility-block mb-4\"><section class=\"compatibility-block mb-4\"><div class=\"product-extra-details hide-below-992\"><table class=\"woocommerce-product-attributes\"><tbody><tr><th colspan=\"2\"><span class=\"text-sm font-medium mb-2\">Kompatibel mit:<\/span><\/th><\/tr><tr><th>Fahrzeugmodell \u2013 Rahmenpr\u00e4fix:<\/th><td><a href=\"https:\/\/damicoline.com\/de\/shop\/?vx_brand=PIAGGIO&#038;vx_model=APE%20CALESSINO%20200%20HPE%20E4%20(2017-2023)&#038;vx_engine=TBPDF&#038;vx_years=2017-2023\">\ud83d\ude9a PIAGGIO APE CALESSINO 200 HPE E4 (2017-2023) TBPDF (2017-2023) - ZAPT64P00<\/a><\/td><\/tr><\/tbody><\/table><\/div><\/section><\/section>\n","protected":false},"excerpt":{"rendered":"<p>\u00d6lwellenmanschette f\u00fcr Piaggio Ape Calessino 200 Euro 4 \u00d6lwellenmanschette f\u00fcr Halbwelle kompatibel mit Piaggio Ape Calessino 200 Euro 4. Entwickelt, um eine effektive Abdichtung der Schmierstoffe zu gew\u00e4hrleisten, sch\u00fctzt sie die Halbwelle vor Lecks und Eindringlingen und sorgt f\u00fcr Langlebigkeit und Zuverl\u00e4ssigkeit der \u00dcbertragung. Robustes und pr\u00e4zises Ersatzteil.<\/p>\n","protected":false},"featured_media":12764,"template":"","meta":{"_sitemap_exclude":false,"_sitemap_priority":"","_sitemap_frequency":""},"product_brand":[2672],"product_cat":[1430,1425],"product_tag":[2637],"class_list":{"0":"post-12763","1":"product","2":"type-product","3":"status-publish","4":"has-post-thumbnail","6":"product_brand-piaggio","7":"product_cat-antriebswelle","8":"product_cat-hintere-kraftubertragung","9":"product_tag-6c000016","11":"first","12":"instock","13":"sale","14":"taxable","15":"shipping-taxable","16":"purchasable","17":"product-type-simple"},"_links":{"self":[{"href":"https:\/\/damicoline.com\/de\/wp-json\/wp\/v2\/product\/12763","targetHints":{"allow":["GET"]}}],"collection":[{"href":"https:\/\/damicoline.com\/de\/wp-json\/wp\/v2\/product"}],"about":[{"href":"https:\/\/damicoline.com\/de\/wp-json\/wp\/v2\/types\/product"}],"wp:featuredmedia":[{"embeddable":true,"href":"https:\/\/damicoline.com\/de\/wp-json\/wp\/v2\/media\/12764"}],"wp:attachment":[{"href":"https:\/\/damicoline.com\/de\/wp-json\/wp\/v2\/media?parent=12763"}],"wp:term":[{"taxonomy":"product_brand","embeddable":true,"href":"https:\/\/damicoline.com\/de\/wp-json\/wp\/v2\/product_brand?post=12763"},{"taxonomy":"product_cat","embeddable":true,"href":"https:\/\/damicoline.com\/de\/wp-json\/wp\/v2\/product_cat?post=12763"},{"taxonomy":"product_tag","embeddable":true,"href":"https:\/\/damicoline.com\/de\/wp-json\/wp\/v2\/product_tag?post=12763"}],"curies":[{"name":"wp","href":"https:\/\/api.w.org\/{rel}","templated":true}]}}