{"id":12779,"date":"2025-10-02T17:17:43","date_gmt":"2025-10-02T15:17:43","guid":{"rendered":"https:\/\/damicoline.com\/product\/cavo-marcia-indietro-ape-calessino-ldw422\/"},"modified":"2025-10-02T19:11:09","modified_gmt":"2025-10-02T17:11:09","slug":"ruckwartsgangkabel-fur-piaggio-ape-calessino-ldw422","status":"publish","type":"product","link":"https:\/\/damicoline.com\/de\/produkt\/ruckwartsgangkabel-fur-piaggio-ape-calessino-ldw422\/","title":{"rendered":"R\u00fcckw\u00e4rtsgangkabel f\u00fcr Piaggio Ape Calessino LDW422"},"content":{"rendered":"<p><strong>R\u00fcckw\u00e4rtsgangkabel f\u00fcr Piaggio Ape Calessino LDW422<\/strong><\/p>\n<p>R\u00fcckw\u00e4rtsgangsteuerkabel <strong>kompatibel mit Piaggio Ape Calessino LDW422<\/strong>. Gew\u00e4hrleistet pr\u00e4zises und reibungsloses Einlegen des R\u00fcckw\u00e4rtsgangs, reduziert Spiel und sorgt f\u00fcr Zuverl\u00e4ssigkeit in der \u00dcbertragung. Robustes Ersatzteil, entwickelt f\u00fcr Langlebigkeit und konstante Leistung.<\/p>\n<div class=\"text-sm text-gray-800 font-medium mb-2\"><div class=\"text-sm text-gray-800 font-medium mb-2\"><strong>Referenzcodes:<\/strong> 661767<\/div><\/div>\n<div class=\"oem-box mb-4\">\t\t\t\t<div class=\"oem-box mb-4\">\n\t\t\t\t\t<p class=\"text-sm text-gray-800 font-medium mb-2\">Typ: <strong>Aftermarket<\/strong><\/p>\n\t\t\t\t\t<p class=\"text-sm text-gray-700 mb-1\">Aftermarket-Komponente in Profiqualit\u00e4t, kompatibel mit den auf dieser Seite aufgef\u00fchrten Fahrzeugen.<\/p>\n\t\t\t\t\t<p class=\"text-xs text-gray-500 mt-2\">*Nicht von Piaggio hergestellt oder gebrandet. Marken geh\u00f6ren den jeweiligen Inhabern.<\/p>\n\t\t\t\t<\/div>\n\t\t\t<\/div>\n<section class=\"compatibility-block mb-4\"><section class=\"compatibility-block mb-4\"><div class=\"product-extra-details hide-below-992\"><table class=\"woocommerce-product-attributes\"><tbody><tr><th colspan=\"2\"><span class=\"text-sm font-medium mb-2\">Kompatibel mit:<\/span><\/th><\/tr><tr><th>Fahrzeugmodell \u2013 Rahmenpr\u00e4fix:<\/th><td><a href=\"https:\/\/damicoline.com\/de\/shop\/?vx_brand=PIAGGIO&#038;vx_model=APE%20CALESSINO%20422%20E2%20(2007-2012)&#038;vx_engine=LDW422&#038;vx_years=2007-2012\">\ud83d\ude9a PIAGGIO APE CALESSINO 422 E2 (2007-2012) LDW422 (2007-2012) - ZAPT2D4MC, ZAPT3E9AC<\/a><\/td><\/tr><\/tbody><\/table><\/div><\/section><\/section>\n","protected":false},"excerpt":{"rendered":"<p>R\u00fcckw\u00e4rtsgangkabel f\u00fcr Piaggio Ape Calessino LDW422 R\u00fcckw\u00e4rtsgangsteuerkabel kompatibel mit Piaggio Ape Calessino LDW422. Gew\u00e4hrleistet pr\u00e4zises und reibungsloses Einlegen des R\u00fcckw\u00e4rtsgangs, reduziert Spiel und sorgt f\u00fcr Zuverl\u00e4ssigkeit in der \u00dcbertragung. Robustes Ersatzteil, entwickelt f\u00fcr Langlebigkeit und konstante Leistung.<\/p>\n","protected":false},"featured_media":12780,"template":"","meta":{"_sitemap_exclude":false,"_sitemap_priority":"","_sitemap_frequency":""},"product_brand":[2670],"product_cat":[2647,2652],"product_tag":[2662],"class_list":{"0":"post-12779","1":"product","2":"type-product","3":"status-publish","4":"has-post-thumbnail","6":"product_brand-aftermarket","7":"product_cat-getriebe-und-seilzuge","8":"product_cat-schaltseile","9":"product_tag-2662","11":"first","12":"instock","13":"sale","14":"taxable","15":"shipping-taxable","16":"purchasable","17":"product-type-simple"},"_links":{"self":[{"href":"https:\/\/damicoline.com\/de\/wp-json\/wp\/v2\/product\/12779","targetHints":{"allow":["GET"]}}],"collection":[{"href":"https:\/\/damicoline.com\/de\/wp-json\/wp\/v2\/product"}],"about":[{"href":"https:\/\/damicoline.com\/de\/wp-json\/wp\/v2\/types\/product"}],"wp:featuredmedia":[{"embeddable":true,"href":"https:\/\/damicoline.com\/de\/wp-json\/wp\/v2\/media\/12780"}],"wp:attachment":[{"href":"https:\/\/damicoline.com\/de\/wp-json\/wp\/v2\/media?parent=12779"}],"wp:term":[{"taxonomy":"product_brand","embeddable":true,"href":"https:\/\/damicoline.com\/de\/wp-json\/wp\/v2\/product_brand?post=12779"},{"taxonomy":"product_cat","embeddable":true,"href":"https:\/\/damicoline.com\/de\/wp-json\/wp\/v2\/product_cat?post=12779"},{"taxonomy":"product_tag","embeddable":true,"href":"https:\/\/damicoline.com\/de\/wp-json\/wp\/v2\/product_tag?post=12779"}],"curies":[{"name":"wp","href":"https:\/\/api.w.org\/{rel}","templated":true}]}}