{"id":13029,"date":"2025-10-28T13:36:20","date_gmt":"2025-10-28T12:36:20","guid":{"rendered":"https:\/\/damicoline.com\/product\/semiasse-completo-piaggio-ape-calessino-lcs-diesel\/"},"modified":"2025-10-28T13:42:33","modified_gmt":"2025-10-28T12:42:33","slug":"komplette-antriebswelle-fur-piaggio-ape-calessino-und-ape-lcs-diesel","status":"publish","type":"product","link":"https:\/\/damicoline.com\/de\/produkt\/komplette-antriebswelle-fur-piaggio-ape-calessino-und-ape-lcs-diesel\/","title":{"rendered":"Komplette Antriebswelle f\u00fcr Piaggio Ape Calessino und Ape LCS Diesel"},"content":{"rendered":"<p><strong>Komplette Antriebswelle f\u00fcr Piaggio Ape Calessino und Ape LCS Diesel<\/strong><\/p>\n<p>Komplette Antriebswelle kompatibel mit <strong>Piaggio Ape Calessino<\/strong> und <strong>Ape LCS Diesel<\/strong>, L\u00e4nge <strong>415 mm<\/strong>. Geliefert mit <strong>bereits installierten \u00d6ldichtmanschetten<\/strong>, bereit f\u00fcr die Montage. Gew\u00e4hrleistet eine reibungslose \u00dcbertragung des Drehmoments, reduziert Vibrationen und sorgt f\u00fcr Langlebigkeit. Hochwertiges Ersatzteil, selten und nur bei uns erh\u00e4ltlich.<\/p>\n<p><em>Hinweis:<\/em> F\u00fcr die vollst\u00e4ndige Montage muss die folgende Komponente separat erworben werden:<\/p>\n<ul>\n<li><strong>Achszapfen Verbindungsgelenk<\/strong><br \/>\nCode: <a href=\"\/?s=111498&amp;post_type=product\"><code>111498<\/code><\/a><\/li>\n<\/ul>\n<p><a href=\"https:\/\/damicoline.com\/wp-content\/uploads\/2025\/09\/Semiasse-415mm.jpg\" target=\"_blank\" rel=\"noopener\"><br \/>\n<img decoding=\"async\" style=\"max-width: 100%;height: auto\" src=\"https:\/\/damicoline.com\/wp-content\/uploads\/2025\/09\/Semiasse-415mm.jpg\" alt=\"Komplette Antriebswelle 415mm Piaggio Ape Calessino und Ape LCS Diesel\" width=\"300\" \/><br \/>\n<\/a><\/p>\n<div class=\"text-sm text-gray-800 font-medium mb-2\"><div class=\"text-sm text-gray-800 font-medium mb-2\"><strong>Referenzcodes:<\/strong> L8050028<\/div><\/div>\n<div class=\"oem-box mb-4\">\t\t\t\t<div class=\"oem-box mb-4\">\n\t\t\t\t\t<p class=\"text-sm text-gray-800 font-medium mb-2\">Typ: <strong>Aftermarket<\/strong><\/p>\n\t\t\t\t\t<p class=\"text-sm text-gray-700 mb-1\">Aftermarket-Komponente in Profiqualit\u00e4t, kompatibel mit den auf dieser Seite aufgef\u00fchrten Fahrzeugen.<\/p>\n\t\t\t\t\t<p class=\"text-xs text-gray-500 mt-2\">*Nicht von Piaggio hergestellt oder gebrandet. Marken geh\u00f6ren den jeweiligen Inhabern.<\/p>\n\t\t\t\t<\/div>\n\t\t\t<\/div>\n<section class=\"compatibility-block mb-4\"><section class=\"compatibility-block mb-4\"><div class=\"product-extra-details hide-below-992\"><table class=\"woocommerce-product-attributes\"><tbody><tr><th colspan=\"2\"><span class=\"text-sm font-medium mb-2\">Kompatibel mit:<\/span><\/th><\/tr><tr><th>Fahrzeugmodell \u2013 Rahmenpr\u00e4fix:<\/th><td><a href=\"https:\/\/damicoline.com\/de\/shop\/?vx_brand=PIAGGIO&#038;vx_model=APE%20CALESSINO%20422%20E2%20(2007-2012)&#038;vx_engine=LDW422&#038;vx_years=2007-2012\">\ud83d\ude9a PIAGGIO APE CALESSINO 422 E2 (2007-2012) LDW422 (2007-2012) - ZAPT2D4MC, ZAPT3E9AC<\/a><\/td><\/tr><tr><th>Fahrzeugmodell \u2013 Rahmenpr\u00e4fix:<\/th><td><a href=\"https:\/\/damicoline.com\/de\/shop\/?vx_brand=PIAGGIO&#038;vx_model=APE%20TM703%20DIESEL%20LCS%20422%20E1%20(2005-2012)&#038;vx_engine=ATD2M&#038;vx_years=2005-2012\">\ud83d\ude9a PIAGGIO APE TM703 DIESEL LCS 422 E1 (2005-2012) ATD2M (2005-2012) - ZAPT10000<\/a><\/td><\/tr><\/tbody><\/table><\/div><\/section><\/section>\n","protected":false},"excerpt":{"rendered":"<p>Komplette Antriebswelle f\u00fcr Piaggio Ape Calessino und Ape LCS Diesel Komplette Antriebswelle kompatibel mit Piaggio Ape Calessino und Ape LCS Diesel, L\u00e4nge 415 mm. Geliefert mit bereits installierten \u00d6ldichtmanschetten, bereit f\u00fcr die Montage. Gew\u00e4hrleistet eine reibungslose \u00dcbertragung des Drehmoments, reduziert Vibrationen und sorgt f\u00fcr Langlebigkeit. Hochwertiges Ersatzteil, selten und nur bei uns erh\u00e4ltlich. Hinweis: F\u00fcr<\/p>\n<div class=\"klb-readmore button\"><a class=\"btn link\" href=\"https:\/\/damicoline.com\/de\/produkt\/komplette-antriebswelle-fur-piaggio-ape-calessino-und-ape-lcs-diesel\/\">Read More <i class=\"klbth-icon-right-arrow\"><\/i><\/a><\/div>\n","protected":false},"featured_media":13030,"template":"","meta":{"_sitemap_exclude":false,"_sitemap_priority":"","_sitemap_frequency":""},"product_brand":[2670],"product_cat":[1430,1425],"product_tag":[2426],"class_list":{"0":"post-13029","1":"product","2":"type-product","3":"status-publish","4":"has-post-thumbnail","6":"product_brand-aftermarket","7":"product_cat-antriebswelle","8":"product_cat-hintere-kraftubertragung","9":"product_tag-l8050028","11":"first","12":"outofstock","13":"sale","14":"taxable","15":"shipping-taxable","16":"purchasable","17":"product-type-simple"},"_links":{"self":[{"href":"https:\/\/damicoline.com\/de\/wp-json\/wp\/v2\/product\/13029","targetHints":{"allow":["GET"]}}],"collection":[{"href":"https:\/\/damicoline.com\/de\/wp-json\/wp\/v2\/product"}],"about":[{"href":"https:\/\/damicoline.com\/de\/wp-json\/wp\/v2\/types\/product"}],"wp:featuredmedia":[{"embeddable":true,"href":"https:\/\/damicoline.com\/de\/wp-json\/wp\/v2\/media\/13030"}],"wp:attachment":[{"href":"https:\/\/damicoline.com\/de\/wp-json\/wp\/v2\/media?parent=13029"}],"wp:term":[{"taxonomy":"product_brand","embeddable":true,"href":"https:\/\/damicoline.com\/de\/wp-json\/wp\/v2\/product_brand?post=13029"},{"taxonomy":"product_cat","embeddable":true,"href":"https:\/\/damicoline.com\/de\/wp-json\/wp\/v2\/product_cat?post=13029"},{"taxonomy":"product_tag","embeddable":true,"href":"https:\/\/damicoline.com\/de\/wp-json\/wp\/v2\/product_tag?post=13029"}],"curies":[{"name":"wp","href":"https:\/\/api.w.org\/{rel}","templated":true}]}}