{"id":13053,"date":"2025-10-28T15:53:10","date_gmt":"2025-10-28T14:53:10","guid":{"rendered":"https:\/\/damicoline.com\/product\/set-pistoni-standard-piaggio-porter-multitech-euro6-dam13r\/"},"modified":"2026-02-13T14:24:12","modified_gmt":"2026-02-13T13:24:12","slug":"standard-kolbensatz-fur-piaggio-porter-multitech-euro-6-dam13r","status":"publish","type":"product","link":"https:\/\/damicoline.com\/de\/produkt\/standard-kolbensatz-fur-piaggio-porter-multitech-euro-6-dam13r\/","title":{"rendered":"Standard-Kolbensatz f\u00fcr Piaggio Porter Multitech Euro 6 DAM13R"},"content":{"rendered":"<p><strong>Standard-Kolbensatz f\u00fcr Piaggio Porter Multitech Euro 6 (DAM13R)<\/strong><\/p>\n<p>Kompletter <strong>Standard-Kolbensatz<\/strong> kompatibel mit <strong>Piaggio Porter Multitech Euro 6<\/strong> (Motor <strong>DAM13R<\/strong>). Entwickelt, um optimale Kompression und maximale Leistung zu gew\u00e4hrleisten, sichert er die Langlebigkeit, Effizienz und Zuverl\u00e4ssigkeit des Motors \u00fcber die Zeit.<\/p>\n<p>Das Set beinhaltet:<\/p>\n<ul>\n<li>4 <strong>Standard-Kolben<\/strong><\/li>\n<li>4 <strong>Kolbenrings\u00e4tze<\/strong><\/li>\n<li>8 <strong>Sicherungsringe<\/strong><\/li>\n<li>4 <strong>Kolbenbolzen<\/strong><\/li>\n<\/ul>\n<p>Qualit\u00e4tsersatzteil, entspricht den Originalspezifikationen, ideal f\u00fcr \u00dcberholungs- und Wiederherstellungsarbeiten am Motor.<\/p>\n<div class=\"text-sm text-gray-800 font-medium mb-2\"><div class=\"text-sm text-gray-800 font-medium mb-2\"><strong>Referenzcodes:<\/strong> 1A005490<\/div><\/div>\n<div class=\"oem-box mb-4\">\t\t\t\t<div class=\"oem-box mb-4\">\n\t\t\t\t\t<p class=\"text-sm text-gray-800 font-medium mb-2\">Typ: <strong>OEM (Foton)<\/strong><\/p>\n\t\t\t\t\t<p class=\"text-sm text-gray-700 mb-1\">OEM-Niveau-Komponente von <strong>Foton<\/strong>, nach Originalspezifikation f\u00fcr korrekte Passform und Funktion.<\/p>\n\t\t\t\t\t<p class=\"text-xs text-gray-500 mt-2\">*Nicht von Piaggio gebrandet. Marken geh\u00f6ren den jeweiligen Inhabern.<\/p>\n\t\t\t\t<\/div>\n\t\t\t<\/div>\n<section class=\"compatibility-block mb-4\"><section class=\"compatibility-block mb-4\"><div class=\"product-extra-details hide-below-992\"><table class=\"woocommerce-product-attributes\"><tbody><tr><th colspan=\"2\"><span class=\"text-sm font-medium mb-2\">Kompatibel mit:<\/span><\/th><\/tr><tr><th>Fahrzeugmodell \u2013 Rahmenpr\u00e4fix:<\/th><td><a href=\"https:\/\/damicoline.com\/de\/shop\/?vx_brand=PIAGGIO&#038;vx_model=PORTER%20Maxxi%201.3%20LPG%20(2015-2020)&#038;vx_engine=DAM13R&#038;vx_years=2015-2020\">\ud83d\ude9a PIAGGIO PORTER Maxxi 1.3 LPG (2015-2020) DAM13R (2015-2020) - ZAPS90AG, ZAPS90DG, ZAPS90RG<\/a><\/td><\/tr><tr><th>Fahrzeugmodell \u2013 Rahmenpr\u00e4fix:<\/th><td><a href=\"https:\/\/damicoline.com\/de\/shop\/?vx_brand=PIAGGIO&#038;vx_model=PORTER%20Pianale%20piatto\/Telaio%201.3%20LPG%20(2015-2020)&#038;vx_engine=DAM13R&#038;vx_years=2015-2020\">\ud83d\ude9a PIAGGIO PORTER Pianale piatto\/Telaio 1.3 LPG (2015-2020) DAM13R (2015-2020) - ZAPS89CGW, ZAPS89PGW, ZAPS90VGW, ZAPS90TGW, ZAPS90PGW, ZAPS90CGW<\/a><\/td><\/tr><\/tbody><\/table><\/div><\/section><\/section>\n","protected":false},"excerpt":{"rendered":"<p>Standard-Kolbensatz f\u00fcr Piaggio Porter Multitech Euro 6 (DAM13R) Kompletter Standard-Kolbensatz kompatibel mit Piaggio Porter Multitech Euro 6 (Motor DAM13R). Entwickelt, um optimale Kompression und maximale Leistung zu gew\u00e4hrleisten, sichert er die Langlebigkeit, Effizienz und Zuverl\u00e4ssigkeit des Motors \u00fcber die Zeit. Das Set beinhaltet: 4 Standard-Kolben 4 Kolbenrings\u00e4tze 8 Sicherungsringe 4 Kolbenbolzen Qualit\u00e4tsersatzteil, entspricht den Originalspezifikationen,<\/p>\n<div class=\"klb-readmore button\"><a class=\"btn link\" href=\"https:\/\/damicoline.com\/de\/produkt\/standard-kolbensatz-fur-piaggio-porter-multitech-euro-6-dam13r\/\">Read More <i class=\"klbth-icon-right-arrow\"><\/i><\/a><\/div>\n","protected":false},"featured_media":13054,"template":"","meta":{"_sitemap_exclude":false,"_sitemap_priority":"","_sitemap_frequency":""},"product_brand":[2671],"product_cat":[1322,418],"product_tag":[2678],"class_list":{"0":"post-13053","1":"product","2":"type-product","3":"status-publish","4":"has-post-thumbnail","6":"product_brand-foton","7":"product_cat-kolbengruppe","8":"product_cat-motorteile","9":"product_tag-1a005490","11":"first","12":"instock","13":"sale","14":"taxable","15":"shipping-taxable","16":"purchasable","17":"product-type-simple"},"_links":{"self":[{"href":"https:\/\/damicoline.com\/de\/wp-json\/wp\/v2\/product\/13053","targetHints":{"allow":["GET"]}}],"collection":[{"href":"https:\/\/damicoline.com\/de\/wp-json\/wp\/v2\/product"}],"about":[{"href":"https:\/\/damicoline.com\/de\/wp-json\/wp\/v2\/types\/product"}],"wp:featuredmedia":[{"embeddable":true,"href":"https:\/\/damicoline.com\/de\/wp-json\/wp\/v2\/media\/13054"}],"wp:attachment":[{"href":"https:\/\/damicoline.com\/de\/wp-json\/wp\/v2\/media?parent=13053"}],"wp:term":[{"taxonomy":"product_brand","embeddable":true,"href":"https:\/\/damicoline.com\/de\/wp-json\/wp\/v2\/product_brand?post=13053"},{"taxonomy":"product_cat","embeddable":true,"href":"https:\/\/damicoline.com\/de\/wp-json\/wp\/v2\/product_cat?post=13053"},{"taxonomy":"product_tag","embeddable":true,"href":"https:\/\/damicoline.com\/de\/wp-json\/wp\/v2\/product_tag?post=13053"}],"curies":[{"name":"wp","href":"https:\/\/api.w.org\/{rel}","templated":true}]}}