{"id":13076,"date":"2025-10-28T16:41:41","date_gmt":"2025-10-28T15:41:41","guid":{"rendered":"https:\/\/damicoline.com\/product\/set-cavi-candela-per-piaggio-porter-multitech-euro-6\/"},"modified":"2025-10-28T16:52:02","modified_gmt":"2025-10-28T15:52:02","slug":"zundkerzenkabelsatz-fur-piaggio-porter-multitech-euro-6","status":"publish","type":"product","link":"https:\/\/damicoline.com\/de\/produkt\/zundkerzenkabelsatz-fur-piaggio-porter-multitech-euro-6\/","title":{"rendered":"Z\u00fcndkerzenkabelsatz f\u00fcr Piaggio Porter Multitech Euro 6"},"content":{"rendered":"<p><strong>Z\u00fcndkerzenkabelsatz f\u00fcr Piaggio Porter Multitech Euro 6<\/strong><\/p>\n<p>Vollst\u00e4ndiger <strong>Z\u00fcndkerzenkabelsatz<\/strong> kompatibel mit <strong>Piaggio Porter Multitech Euro 6<\/strong>. Entwickelt, um eine optimale Z\u00fcndstrom\u00fcbertragung zu gew\u00e4hrleisten, verbessert die Effizienz des Motors und sorgt f\u00fcr schnelle und gleichm\u00e4\u00dfige Starts. Hochwertiges Ersatzteil, hitze- und vibrationsbest\u00e4ndig.<\/p>\n<p>Das Set umfasst:<\/p>\n<ul>\n<li>1 <strong>kurzes Z\u00fcndkerzenkabel<\/strong> \u2013 Code: <a href=\"\/?s=CM279502&amp;post_type=product\"><code>CM279502<\/code><\/a><\/li>\n<li>1 <strong>langes Z\u00fcndkerzenkabel<\/strong> \u2013 Code: <a href=\"\/?s=CM279501&amp;post_type=product\"><code>CM279501<\/code><\/a><\/li>\n<\/ul>\n<p>Ideal f\u00fcr die vollst\u00e4ndige Wartung des Z\u00fcndsystems des Motors <strong>DAM13R<\/strong>.<\/p>\n<div class=\"text-sm text-gray-800 font-medium mb-2\"><div class=\"text-sm text-gray-800 font-medium mb-2\"><strong>Referenzcodes:<\/strong> CM279501 \u2013 CM279502<\/div><\/div>\n<div class=\"oem-box mb-4\">\t\t\t\t<div class=\"oem-box mb-4\">\n\t\t\t\t\t<p class=\"text-sm text-gray-800 font-medium mb-2\">Typ: <strong>OEM (Foton)<\/strong><\/p>\n\t\t\t\t\t<p class=\"text-sm text-gray-700 mb-1\">OEM-Niveau-Komponente von <strong>Foton<\/strong>, nach Originalspezifikation f\u00fcr korrekte Passform und Funktion.<\/p>\n\t\t\t\t\t<p class=\"text-xs text-gray-500 mt-2\">*Nicht von Piaggio gebrandet. Marken geh\u00f6ren den jeweiligen Inhabern.<\/p>\n\t\t\t\t<\/div>\n\t\t\t<\/div>\n<section class=\"compatibility-block mb-4\"><section class=\"compatibility-block mb-4\"><div class=\"product-extra-details hide-below-992\"><table class=\"woocommerce-product-attributes\"><tbody><tr><th colspan=\"2\"><span class=\"text-sm font-medium mb-2\">Kompatibel mit:<\/span><\/th><\/tr><tr><th>Fahrzeugmodell \u2013 Rahmenpr\u00e4fix:<\/th><td><a href=\"https:\/\/damicoline.com\/de\/shop\/?vx_brand=PIAGGIO&#038;vx_model=PORTER%20Maxxi%201.3%20LPG%20(2015-2020)&#038;vx_engine=DAM13R&#038;vx_years=2015-2020\">\ud83d\ude9a PIAGGIO PORTER Maxxi 1.3 LPG (2015-2020) DAM13R (2015-2020) - ZAPS90AG, ZAPS90DG, ZAPS90RG<\/a><\/td><\/tr><tr><th>Fahrzeugmodell \u2013 Rahmenpr\u00e4fix:<\/th><td><a href=\"https:\/\/damicoline.com\/de\/shop\/?vx_brand=PIAGGIO&#038;vx_model=PORTER%20Pianale%20piatto\/Telaio%201.3%20LPG%20(2015-2020)&#038;vx_engine=DAM13R&#038;vx_years=2015-2020\">\ud83d\ude9a PIAGGIO PORTER Pianale piatto\/Telaio 1.3 LPG (2015-2020) DAM13R (2015-2020) - ZAPS89CGW, ZAPS89PGW, ZAPS90VGW, ZAPS90TGW, ZAPS90PGW, ZAPS90CGW<\/a><\/td><\/tr><\/tbody><\/table><\/div><\/section><\/section>\n","protected":false},"excerpt":{"rendered":"<p>Z\u00fcndkerzenkabelsatz f\u00fcr Piaggio Porter Multitech Euro 6 Vollst\u00e4ndiger Z\u00fcndkerzenkabelsatz kompatibel mit Piaggio Porter Multitech Euro 6. Entwickelt, um eine optimale Z\u00fcndstrom\u00fcbertragung zu gew\u00e4hrleisten, verbessert die Effizienz des Motors und sorgt f\u00fcr schnelle und gleichm\u00e4\u00dfige Starts. Hochwertiges Ersatzteil, hitze- und vibrationsbest\u00e4ndig. Das Set umfasst: 1 kurzes Z\u00fcndkerzenkabel \u2013 Code: CM279502 1 langes Z\u00fcndkerzenkabel \u2013 Code: CM279501<\/p>\n<div class=\"klb-readmore button\"><a class=\"btn link\" href=\"https:\/\/damicoline.com\/de\/produkt\/zundkerzenkabelsatz-fur-piaggio-porter-multitech-euro-6\/\">Read More <i class=\"klbth-icon-right-arrow\"><\/i><\/a><\/div>\n","protected":false},"featured_media":13077,"template":"","meta":{"_sitemap_exclude":false,"_sitemap_priority":"","_sitemap_frequency":""},"product_brand":[2671],"product_cat":[418,553],"product_tag":[2690,2691],"class_list":{"0":"post-13076","1":"product","2":"type-product","3":"status-publish","4":"has-post-thumbnail","6":"product_brand-foton","7":"product_cat-motorteile","8":"product_cat-zundung","9":"product_tag-cm279501","10":"product_tag-cm279502","12":"first","13":"instock","14":"sale","15":"taxable","16":"shipping-taxable","17":"purchasable","18":"product-type-simple"},"_links":{"self":[{"href":"https:\/\/damicoline.com\/de\/wp-json\/wp\/v2\/product\/13076","targetHints":{"allow":["GET"]}}],"collection":[{"href":"https:\/\/damicoline.com\/de\/wp-json\/wp\/v2\/product"}],"about":[{"href":"https:\/\/damicoline.com\/de\/wp-json\/wp\/v2\/types\/product"}],"wp:featuredmedia":[{"embeddable":true,"href":"https:\/\/damicoline.com\/de\/wp-json\/wp\/v2\/media\/13077"}],"wp:attachment":[{"href":"https:\/\/damicoline.com\/de\/wp-json\/wp\/v2\/media?parent=13076"}],"wp:term":[{"taxonomy":"product_brand","embeddable":true,"href":"https:\/\/damicoline.com\/de\/wp-json\/wp\/v2\/product_brand?post=13076"},{"taxonomy":"product_cat","embeddable":true,"href":"https:\/\/damicoline.com\/de\/wp-json\/wp\/v2\/product_cat?post=13076"},{"taxonomy":"product_tag","embeddable":true,"href":"https:\/\/damicoline.com\/de\/wp-json\/wp\/v2\/product_tag?post=13076"}],"curies":[{"name":"wp","href":"https:\/\/api.w.org\/{rel}","templated":true}]}}