{"id":13100,"date":"2025-10-28T17:17:15","date_gmt":"2025-10-28T16:17:15","guid":{"rendered":"https:\/\/damicoline.com\/product\/corpo-farfallato-completo-piaggio-porter-multitech-euro4-euro5-da471qlr\/"},"modified":"2026-04-22T14:49:00","modified_gmt":"2026-04-22T12:49:00","slug":"komplette-drosselklappe-piaggio-porter-multitech-euro-4-5","status":"publish","type":"product","link":"https:\/\/damicoline.com\/de\/produkt\/komplette-drosselklappe-piaggio-porter-multitech-euro-4-5\/","title":{"rendered":"Komplette Drosselklappe Piaggio Porter Multitech Euro 4\u20135"},"content":{"rendered":"<p><strong>Komplette Drosselklappe f\u00fcr Piaggio Porter Multitech Euro 4\u20135 (DA471QLR)<\/strong><\/p>\n<p>Komplette Drosselklappe kompatibel mit <strong>Piaggio Porter Multitech Euro 4 und Euro 5<\/strong> (Motor <strong>DA471QLR<\/strong>). Sie steuert den Luftstrom zum Motor, gew\u00e4hrleistet ein korrektes Luft-Kraftstoff-Gemisch und verbessert Leistung, Verbrauch und Emissionen. Vollst\u00e4ndiger Ersatzteil, bereit zur Installation.<\/p>\n<p>Hergestellt aus hochwertigen Materialien, um <strong>Zuverl\u00e4ssigkeit, Pr\u00e4zision und Langlebigkeit<\/strong> zu gew\u00e4hrleisten. Ideal f\u00fcr Austausch- und Motor\u00fcberholungsarbeiten.<\/p>\n<div class=\"text-sm text-gray-800 font-medium mb-2\"><div class=\"text-sm text-gray-800 font-medium mb-2\"><strong>Referenzcodes:<\/strong> B010160<\/div><\/div>\n<div class=\"oem-box mb-4\"><div class=\"oem-box mb-4\"><p class=\"text-sm text-gray-800 font-medium mb-2\">Typ: <strong>Aftermarket<\/strong><\/p><p class=\"text-sm text-gray-700 mb-1\">Aftermarket-Komponente in Profiqualit\u00e4t, kompatibel mit den auf dieser Seite aufgef\u00fchrten Fahrzeugen.<\/p><p class=\"text-xs text-gray-500 mt-2\">Nicht von Piaggio hergestellt oder gebrandet. Marken geh\u00f6ren den jeweiligen Inhabern.<\/p><\/div><\/div>\n<section class=\"compatibility-block mb-4\"><section class=\"compatibility-block mb-4\"><div class=\"product-extra-details hide-below-992\"><table class=\"woocommerce-product-attributes\"><tbody><tr><th colspan=\"2\"><span class=\"text-sm font-medium mb-2\">Kompatibel mit:<\/span><\/th><\/tr><tr><th>Fahrzeugmodell \u2013 Rahmenpr\u00e4fix:<\/th><td><a href=\"https:\/\/damicoline.com\/de\/shop\/?vx_brand=PIAGGIO&#038;vx_model=PORTER%20Maxxi%201.3%20(2010-2015)&#038;vx_engine=DA471QLR&#038;vx_years=2010-2015\">\ud83d\ude9a PIAGGIO PORTER Maxxi 1.3 (2010-2015) DA471QLR (2010-2015) - ZAPS90DJ, ZAPS90AJ, ZAPS90RJ<\/a><\/td><\/tr><tr><th>Fahrzeugmodell \u2013 Rahmenpr\u00e4fix:<\/th><td><a href=\"https:\/\/damicoline.com\/de\/shop\/?vx_brand=PIAGGIO&#038;vx_model=PORTER%20Pianale%20piatto\/Telaio%201.3%20(2010-2015)&#038;vx_engine=DA471QLR&#038;vx_years=2010-2015\">\ud83d\ude9a PIAGGIO PORTER Pianale piatto\/Telaio 1.3 (2010-2015) DA471QLR (2010-2015) - ZAPS90CJ, ZAPS90PJ, ZAPS90TJ, ZAPS90VJ<\/a><\/td><\/tr><\/tbody><\/table><\/div><\/section><\/section>\n","protected":false},"excerpt":{"rendered":"<p>Komplette Drosselklappe f\u00fcr Piaggio Porter Multitech Euro 4\u20135 (DA471QLR) Komplette Drosselklappe kompatibel mit Piaggio Porter Multitech Euro 4 und Euro 5 (Motor DA471QLR). Sie steuert den Luftstrom zum Motor, gew\u00e4hrleistet ein korrektes Luft-Kraftstoff-Gemisch und verbessert Leistung, Verbrauch und Emissionen. Vollst\u00e4ndiger Ersatzteil, bereit zur Installation. Hergestellt aus hochwertigen Materialien, um Zuverl\u00e4ssigkeit, Pr\u00e4zision und Langlebigkeit zu gew\u00e4hrleisten.<\/p>\n<div class=\"klb-readmore button\"><a class=\"btn link\" href=\"https:\/\/damicoline.com\/de\/produkt\/komplette-drosselklappe-piaggio-porter-multitech-euro-4-5\/\">Read More <i class=\"klbth-icon-right-arrow\"><\/i><\/a><\/div>\n","protected":false},"featured_media":13101,"template":"","meta":{"_sitemap_exclude":false,"_sitemap_priority":"","_sitemap_frequency":""},"product_brand":[2670],"product_cat":[2705,1577],"product_tag":[2706],"class_list":{"0":"post-13100","1":"product","2":"type-product","3":"status-publish","4":"has-post-thumbnail","6":"product_brand-aftermarket","7":"product_cat-drosselklappe","8":"product_cat-kraftstoffsystem","9":"product_tag-b010160","11":"first","12":"outofstock","13":"sale","14":"taxable","15":"shipping-taxable","16":"purchasable","17":"product-type-simple"},"_links":{"self":[{"href":"https:\/\/damicoline.com\/de\/wp-json\/wp\/v2\/product\/13100","targetHints":{"allow":["GET"]}}],"collection":[{"href":"https:\/\/damicoline.com\/de\/wp-json\/wp\/v2\/product"}],"about":[{"href":"https:\/\/damicoline.com\/de\/wp-json\/wp\/v2\/types\/product"}],"wp:featuredmedia":[{"embeddable":true,"href":"https:\/\/damicoline.com\/de\/wp-json\/wp\/v2\/media\/13101"}],"wp:attachment":[{"href":"https:\/\/damicoline.com\/de\/wp-json\/wp\/v2\/media?parent=13100"}],"wp:term":[{"taxonomy":"product_brand","embeddable":true,"href":"https:\/\/damicoline.com\/de\/wp-json\/wp\/v2\/product_brand?post=13100"},{"taxonomy":"product_cat","embeddable":true,"href":"https:\/\/damicoline.com\/de\/wp-json\/wp\/v2\/product_cat?post=13100"},{"taxonomy":"product_tag","embeddable":true,"href":"https:\/\/damicoline.com\/de\/wp-json\/wp\/v2\/product_tag?post=13100"}],"curies":[{"name":"wp","href":"https:\/\/api.w.org\/{rel}","templated":true}]}}