{"id":13411,"date":"2025-11-20T10:58:01","date_gmt":"2025-11-20T09:58:01","guid":{"rendered":"https:\/\/damicoline.com\/product\/cinghia-alternatore-piaggio-porter-diesel-ldw-1404\/"},"modified":"2026-04-22T14:49:42","modified_gmt":"2026-04-22T12:49:42","slug":"lichtmaschinenriemen-fur-piaggio-porter-diesel-ldw-1404","status":"publish","type":"product","link":"https:\/\/damicoline.com\/de\/produkt\/lichtmaschinenriemen-fur-piaggio-porter-diesel-ldw-1404\/","title":{"rendered":"Lichtmaschinenriemen f\u00fcr Piaggio Porter Diesel LDW-1404"},"content":{"rendered":"<p><strong>Lichtmaschinenriemen f\u00fcr Piaggio Porter Diesel LDW-1404<\/strong><\/p>\n<p>Riemen kompatibel mit <strong>Piaggio Porter Diesel LDW-1404<\/strong>. Sorgt f\u00fcr eine effektive Kraft\u00fcbertragung auf die Lichtmaschine, gew\u00e4hrleistet eine stabile Batterieladung und einen zuverl\u00e4ssigen Betrieb des elektrischen Systems. Widerstandsf\u00e4higes Ersatzteil, entwickelt f\u00fcr dauerhafte Leistung und konstante Funktion.<\/p>\n<div class=\"text-sm text-gray-800 font-medium mb-2\"><div class=\"text-sm text-gray-800 font-medium mb-2\"><strong>Referenzcodes:<\/strong> 493069<\/div><\/div>\n<div class=\"oem-box mb-4\"><div class=\"oem-box mb-4\"><p class=\"text-sm text-gray-800 font-medium mb-2\">Typ: <strong>Aftermarket<\/strong><\/p><p class=\"text-sm text-gray-700 mb-1\">Aftermarket-Komponente in Profiqualit\u00e4t, kompatibel mit den auf dieser Seite aufgef\u00fchrten Fahrzeugen.<\/p><p class=\"text-xs text-gray-500 mt-2\">Nicht von Piaggio hergestellt oder gebrandet. Marken geh\u00f6ren den jeweiligen Inhabern.<\/p><\/div><\/div>\n<section class=\"compatibility-block mb-4\"><section class=\"compatibility-block mb-4\"><div class=\"product-extra-details hide-below-992\"><table class=\"woocommerce-product-attributes\"><tbody><tr><th colspan=\"2\"><span class=\"text-sm font-medium mb-2\">Kompatibel mit:<\/span><\/th><\/tr><tr><th>Fahrzeugmodell \u2013 Rahmenpr\u00e4fix:<\/th><td><a href=\"https:\/\/damicoline.com\/de\/shop\/?vx_brand=PIAGGIO&#038;vx_model=PORTER%20Pianale%20piatto%201.4%20D%20(1998-2005)&#038;vx_engine=LDW1404\/P&#038;vx_years=1998-2005\">\ud83d\ude9a PIAGGIO PORTER Pianale piatto 1.4 D (1998-2005) LDW1404\/P (1998-2005) - ZAPS&#56;&#53;&#48;&#48;&#48;&#48;&#48;&#52;, ZAPS&#56;&#53;&#48;&#48;&#48;&#48;&#48;&#55;, ZAPS85V00004, ZAPS85V00007<\/a><\/td><\/tr><\/tbody><\/table><\/div><\/section><\/section>\n","protected":false},"excerpt":{"rendered":"<p>Lichtmaschinenriemen f\u00fcr Piaggio Porter Diesel LDW-1404 Riemen kompatibel mit Piaggio Porter Diesel LDW-1404. Sorgt f\u00fcr eine effektive Kraft\u00fcbertragung auf die Lichtmaschine, gew\u00e4hrleistet eine stabile Batterieladung und einen zuverl\u00e4ssigen Betrieb des elektrischen Systems. Widerstandsf\u00e4higes Ersatzteil, entwickelt f\u00fcr dauerhafte Leistung und konstante Funktion.<\/p>\n","protected":false},"featured_media":13412,"template":"","meta":{"_sitemap_exclude":false,"_sitemap_priority":"","_sitemap_frequency":""},"product_brand":[2670],"product_cat":[2117,418],"product_tag":[2775],"class_list":{"0":"post-13411","1":"product","2":"type-product","3":"status-publish","4":"has-post-thumbnail","6":"product_brand-aftermarket","7":"product_cat-lichtmaschine","8":"product_cat-motorteile","9":"product_tag-2775","11":"first","12":"instock","13":"sale","14":"taxable","15":"shipping-taxable","16":"purchasable","17":"product-type-simple"},"_links":{"self":[{"href":"https:\/\/damicoline.com\/de\/wp-json\/wp\/v2\/product\/13411","targetHints":{"allow":["GET"]}}],"collection":[{"href":"https:\/\/damicoline.com\/de\/wp-json\/wp\/v2\/product"}],"about":[{"href":"https:\/\/damicoline.com\/de\/wp-json\/wp\/v2\/types\/product"}],"wp:featuredmedia":[{"embeddable":true,"href":"https:\/\/damicoline.com\/de\/wp-json\/wp\/v2\/media\/13412"}],"wp:attachment":[{"href":"https:\/\/damicoline.com\/de\/wp-json\/wp\/v2\/media?parent=13411"}],"wp:term":[{"taxonomy":"product_brand","embeddable":true,"href":"https:\/\/damicoline.com\/de\/wp-json\/wp\/v2\/product_brand?post=13411"},{"taxonomy":"product_cat","embeddable":true,"href":"https:\/\/damicoline.com\/de\/wp-json\/wp\/v2\/product_cat?post=13411"},{"taxonomy":"product_tag","embeddable":true,"href":"https:\/\/damicoline.com\/de\/wp-json\/wp\/v2\/product_tag?post=13411"}],"curies":[{"name":"wp","href":"https:\/\/api.w.org\/{rel}","templated":true}]}}