{"id":13536,"date":"2025-11-25T12:36:45","date_gmt":"2025-11-25T11:36:45","guid":{"rendered":"https:\/\/damicoline.com\/product\/cilindretto-freno-anteriore-piaggio-ape-tm-703\/"},"modified":"2025-11-25T12:41:47","modified_gmt":"2025-11-25T11:41:47","slug":"vordere-bremszylinder-fur-piaggio-ape-tm-703-ersatzteil","status":"publish","type":"product","link":"https:\/\/damicoline.com\/de\/produkt\/vordere-bremszylinder-fur-piaggio-ape-tm-703-ersatzteil\/","title":{"rendered":"Vordere Bremszylinder f\u00fcr Piaggio Ape TM 703 Ersatzteil"},"content":{"rendered":"<p><strong>Vordere Bremszylinder f\u00fcr Piaggio Ape TM 703<\/strong><\/p>\n<p>Vordere Bremszylinder kompatibel mit <strong>Piaggio Ape TM 703<\/strong>. Entwickelt, um einen stabilen Druck im Hydrauliksystem zu gew\u00e4hrleisten, verbessert es das Bremsen und reduziert Verluste oder Ausf\u00e4lle des Systems. Hochwertiges Ersatzteil, zuverl\u00e4ssig und langlebig.<\/p>\n<div class=\"text-sm text-gray-800 font-medium mb-2\"><div class=\"text-sm text-gray-800 font-medium mb-2\"><strong>Referenzcodes:<\/strong> 2451942<\/div><\/div>\n<div class=\"oem-box mb-4\">\t\t\t\t<div class=\"oem-box mb-4\">\n\t\t\t\t\t<p class=\"text-sm text-gray-800 font-medium mb-2\">Typ: <strong>Aftermarket<\/strong><\/p>\n\t\t\t\t\t<p class=\"text-sm text-gray-700 mb-1\">Aftermarket-Komponente in Profiqualit\u00e4t, kompatibel mit den auf dieser Seite aufgef\u00fchrten Fahrzeugen.<\/p>\n\t\t\t\t\t<p class=\"text-xs text-gray-500 mt-2\">*Nicht von Piaggio hergestellt oder gebrandet. Marken geh\u00f6ren den jeweiligen Inhabern.<\/p>\n\t\t\t\t<\/div>\n\t\t\t<\/div>\n<section class=\"compatibility-block mb-4\"><section class=\"compatibility-block mb-4\"><div class=\"product-extra-details hide-below-992\"><table class=\"woocommerce-product-attributes\"><tbody><tr><th colspan=\"2\"><span class=\"text-sm font-medium mb-2\">Kompatibel mit:<\/span><\/th><\/tr><tr><th>Fahrzeugmodell \u2013 Rahmenpr\u00e4fix:<\/th><td><a href=\"https:\/\/damicoline.com\/de\/shop\/?vx_brand=PIAGGIO&#038;vx_model=APE%20TM703%20DIESEL%20LCS%20422%20E1%20(2005-2012)&#038;vx_engine=ATD2M&#038;vx_years=2005-2012\">\ud83d\ude9a PIAGGIO APE TM703 DIESEL LCS 422 E1 (2005-2012) ATD2M (2005-2012) - ZAPT10000<\/a><\/td><\/tr><tr><th>Fahrzeugmodell \u2013 Rahmenpr\u00e4fix:<\/th><td><a href=\"https:\/\/damicoline.com\/de\/shop\/?vx_brand=PIAGGIO&#038;vx_model=APE%20TM703%20FL2%20220%202T%20E1%20(2000-2016)&#038;vx_engine=ATM2M&#038;vx_years=2000-2016\">\ud83d\ude9a PIAGGIO APE TM703 FL2 220 2T E1 (2000-2016) ATM2M (2000-2016) - ATM2T, ATM3T, ZAPT10000<\/a><\/td><\/tr><\/tbody><\/table><\/div><\/section><\/section>\n","protected":false},"excerpt":{"rendered":"<p>Vordere Bremszylinder f\u00fcr Piaggio Ape TM 703 Vordere Bremszylinder kompatibel mit Piaggio Ape TM 703. Entwickelt, um einen stabilen Druck im Hydrauliksystem zu gew\u00e4hrleisten, verbessert es das Bremsen und reduziert Verluste oder Ausf\u00e4lle des Systems. Hochwertiges Ersatzteil, zuverl\u00e4ssig und langlebig.<\/p>\n","protected":false},"featured_media":13537,"template":"","meta":{"_sitemap_exclude":false,"_sitemap_priority":"","_sitemap_frequency":""},"product_brand":[2670],"product_cat":[408,413],"product_tag":[2821],"class_list":{"0":"post-13536","1":"product","2":"type-product","3":"status-publish","4":"has-post-thumbnail","6":"product_brand-aftermarket","7":"product_cat-bremssystem","8":"product_cat-trommelbremse","9":"product_tag-2821","11":"first","12":"instock","13":"sale","14":"taxable","15":"shipping-taxable","16":"purchasable","17":"product-type-simple"},"_links":{"self":[{"href":"https:\/\/damicoline.com\/de\/wp-json\/wp\/v2\/product\/13536","targetHints":{"allow":["GET"]}}],"collection":[{"href":"https:\/\/damicoline.com\/de\/wp-json\/wp\/v2\/product"}],"about":[{"href":"https:\/\/damicoline.com\/de\/wp-json\/wp\/v2\/types\/product"}],"wp:featuredmedia":[{"embeddable":true,"href":"https:\/\/damicoline.com\/de\/wp-json\/wp\/v2\/media\/13537"}],"wp:attachment":[{"href":"https:\/\/damicoline.com\/de\/wp-json\/wp\/v2\/media?parent=13536"}],"wp:term":[{"taxonomy":"product_brand","embeddable":true,"href":"https:\/\/damicoline.com\/de\/wp-json\/wp\/v2\/product_brand?post=13536"},{"taxonomy":"product_cat","embeddable":true,"href":"https:\/\/damicoline.com\/de\/wp-json\/wp\/v2\/product_cat?post=13536"},{"taxonomy":"product_tag","embeddable":true,"href":"https:\/\/damicoline.com\/de\/wp-json\/wp\/v2\/product_tag?post=13536"}],"curies":[{"name":"wp","href":"https:\/\/api.w.org\/{rel}","templated":true}]}}