{"id":13552,"date":"2025-11-25T16:15:10","date_gmt":"2025-11-25T15:15:10","guid":{"rendered":"https:\/\/damicoline.com\/product\/filtro-gasolio-piaggio-porter-diesel-1-2d\/"},"modified":"2025-11-25T16:18:18","modified_gmt":"2025-11-25T15:18:18","slug":"dieselfilter-fur-piaggio-porter-diesel-1-2d-ersatzteil-qualitat","status":"publish","type":"product","link":"https:\/\/damicoline.com\/de\/produkt\/dieselfilter-fur-piaggio-porter-diesel-1-2d-ersatzteil-qualitat\/","title":{"rendered":"Dieselfilter f\u00fcr Piaggio Porter Diesel 1.2D Ersatzteil Qualit\u00e4t"},"content":{"rendered":"<p><strong>Dieselfilter f\u00fcr Piaggio Porter Diesel 1.2D<\/strong><\/p>\n<p>Dieselfilter kompatibel mit <strong>Piaggio Porter Diesel 1.2D<\/strong>. Gew\u00e4hrleistet eine korrekte Kraftstofffiltration, sch\u00fctzt die Pumpe und die Injektoren vor Verunreinigungen und sorgt f\u00fcr eine gleichm\u00e4\u00dfige Verbrennung. Zuverl\u00e4ssiges und langlebiges Ersatzteil, ideal zur Aufrechterhaltung der Effizienz des Kraftstoffsystems.<\/p>\n<div class=\"text-sm text-gray-800 font-medium mb-2\"><div class=\"text-sm text-gray-800 font-medium mb-2\"><strong>Referenzcodes:<\/strong> B004761<\/div><\/div>\n<div class=\"oem-box mb-4\">\t\t\t\t<div class=\"oem-box mb-4\">\n\t\t\t\t\t<p class=\"text-sm text-gray-800 font-medium mb-2\">Typ: <strong>Aftermarket<\/strong><\/p>\n\t\t\t\t\t<p class=\"text-sm text-gray-700 mb-1\">Aftermarket-Komponente in Profiqualit\u00e4t, kompatibel mit den auf dieser Seite aufgef\u00fchrten Fahrzeugen.<\/p>\n\t\t\t\t\t<p class=\"text-xs text-gray-500 mt-2\">*Nicht von Piaggio hergestellt oder gebrandet. Marken geh\u00f6ren den jeweiligen Inhabern.<\/p>\n\t\t\t\t<\/div>\n\t\t\t<\/div>\n<section class=\"compatibility-block mb-4\"><section class=\"compatibility-block mb-4\"><div class=\"product-extra-details hide-below-992\"><table class=\"woocommerce-product-attributes\"><tbody><tr><th colspan=\"2\"><span class=\"text-sm font-medium mb-2\">Kompatibel mit:<\/span><\/th><\/tr><tr><th>Fahrzeugmodell \u2013 Rahmenpr\u00e4fix:<\/th><td><a href=\"https:\/\/damicoline.com\/de\/shop\/?vx_brand=PIAGGIO&#038;vx_model=PORTER%20Maxxi%201.2%20D%20(2011-2015)&#038;vx_engine=P120&#038;vx_years=2011-2015\">\ud83d\ude9a PIAGGIO PORTER Maxxi 1.2 D (2011-2015) P120 (2011-2015) - ZAPS90AKW, ZAPS90DKW, ZAPS90RKW<\/a><\/td><\/tr><tr><th>Fahrzeugmodell \u2013 Rahmenpr\u00e4fix:<\/th><td><a href=\"https:\/\/damicoline.com\/de\/shop\/?vx_brand=PIAGGIO&#038;vx_model=PORTER%20Pianale%20piatto\/Telaio%201.2%20D%20(2010-2015)&#038;vx_engine=P120&#038;vx_years=2010-2015\">\ud83d\ude9a PIAGGIO PORTER Pianale piatto\/Telaio 1.2 D (2010-2015) P120 (2010-2015) - ZAPS90CKW, ZAPS90PKW, ZAPS90TKW, ZAPS90VKW<\/a><\/td><\/tr><\/tbody><\/table><\/div><\/section><\/section>\n","protected":false},"excerpt":{"rendered":"<p>Dieselfilter f\u00fcr Piaggio Porter Diesel 1.2D Dieselfilter kompatibel mit Piaggio Porter Diesel 1.2D. Gew\u00e4hrleistet eine korrekte Kraftstofffiltration, sch\u00fctzt die Pumpe und die Injektoren vor Verunreinigungen und sorgt f\u00fcr eine gleichm\u00e4\u00dfige Verbrennung. Zuverl\u00e4ssiges und langlebiges Ersatzteil, ideal zur Aufrechterhaltung der Effizienz des Kraftstoffsystems.<\/p>\n","protected":false},"featured_media":13553,"template":"","meta":{"_sitemap_exclude":false,"_sitemap_priority":"","_sitemap_frequency":""},"product_brand":[2670],"product_cat":[518,1633],"product_tag":[2827],"class_list":{"0":"post-13552","1":"product","2":"type-product","3":"status-publish","4":"has-post-thumbnail","6":"product_brand-aftermarket","7":"product_cat-filter","8":"product_cat-kraftstofffilter","9":"product_tag-b004761","11":"first","12":"instock","13":"sale","14":"taxable","15":"shipping-taxable","16":"purchasable","17":"product-type-simple"},"_links":{"self":[{"href":"https:\/\/damicoline.com\/de\/wp-json\/wp\/v2\/product\/13552","targetHints":{"allow":["GET"]}}],"collection":[{"href":"https:\/\/damicoline.com\/de\/wp-json\/wp\/v2\/product"}],"about":[{"href":"https:\/\/damicoline.com\/de\/wp-json\/wp\/v2\/types\/product"}],"wp:featuredmedia":[{"embeddable":true,"href":"https:\/\/damicoline.com\/de\/wp-json\/wp\/v2\/media\/13553"}],"wp:attachment":[{"href":"https:\/\/damicoline.com\/de\/wp-json\/wp\/v2\/media?parent=13552"}],"wp:term":[{"taxonomy":"product_brand","embeddable":true,"href":"https:\/\/damicoline.com\/de\/wp-json\/wp\/v2\/product_brand?post=13552"},{"taxonomy":"product_cat","embeddable":true,"href":"https:\/\/damicoline.com\/de\/wp-json\/wp\/v2\/product_cat?post=13552"},{"taxonomy":"product_tag","embeddable":true,"href":"https:\/\/damicoline.com\/de\/wp-json\/wp\/v2\/product_tag?post=13552"}],"curies":[{"name":"wp","href":"https:\/\/api.w.org\/{rel}","templated":true}]}}