{"id":13713,"date":"2025-11-26T16:17:42","date_gmt":"2025-11-26T15:17:42","guid":{"rendered":"https:\/\/damicoline.com\/product\/tamburo-freno-piaggio-ape-calessino-200-e4\/"},"modified":"2025-11-26T16:27:15","modified_gmt":"2025-11-26T15:27:15","slug":"bremstrommel-fur-piaggio-ape-calessino-200-e4","status":"publish","type":"product","link":"https:\/\/damicoline.com\/de\/produkt\/bremstrommel-fur-piaggio-ape-calessino-200-e4\/","title":{"rendered":"Bremstrommel f\u00fcr Piaggio Ape Calessino 200 E4"},"content":{"rendered":"<p><strong>Bremstrommel f\u00fcr Piaggio Ape Calessino 200 E4<\/strong><\/p>\n<p>Bremstrommel kompatibel mit <strong>Piaggio Ape Calessino 200 Euro 4<\/strong>. Robustes und pr\u00e4zises Ersatzteil, entwickelt, um stabile Bremsvorg\u00e4nge zu gew\u00e4hrleisten, Vibrationen zu reduzieren und die Effizienz des Bremssystems wiederherzustellen. Widerstandsf\u00e4hige Materialien f\u00fcr lange Lebensdauer und Sicherheit auf der Stra\u00dfe.<\/p>\n<div class=\"text-sm text-gray-800 font-medium mb-2\"><div class=\"text-sm text-gray-800 font-medium mb-2\"><strong>Referenzcodes:<\/strong> B077245<\/div><\/div>\n<div class=\"oem-box mb-4\">\t\t\t\t<div class=\"oem-box mb-4\">\n\t\t\t\t\t<p class=\"text-sm text-gray-800 font-medium mb-2\">Typ: <strong>Original Piaggio<\/strong><\/p>\n\t\t\t\t\t<p class=\"text-sm text-gray-700 mb-1\">Originalteil von Piaggio, f\u00fcr korrekte Passform und Leistung entwickelt.<\/p>\n\t\t\t\t\t<p class=\"text-xs text-gray-500 mt-2\">*Marken geh\u00f6ren den jeweiligen Inhabern.<\/p>\n\t\t\t\t<\/div>\n\t\t\t<\/div>\n<section class=\"compatibility-block mb-4\"><section class=\"compatibility-block mb-4\"><div class=\"product-extra-details hide-below-992\"><table class=\"woocommerce-product-attributes\"><tbody><tr><th colspan=\"2\"><span class=\"text-sm font-medium mb-2\">Kompatibel mit:<\/span><\/th><\/tr><tr><th>Fahrzeugmodell \u2013 Rahmenpr\u00e4fix:<\/th><td><a href=\"https:\/\/damicoline.com\/de\/shop\/?vx_brand=PIAGGIO&#038;vx_model=APE%20CALESSINO%20200%20HPE%20E4%20(2017-2023)&#038;vx_engine=TBPDF&#038;vx_years=2017-2023\">\ud83d\ude9a PIAGGIO APE CALESSINO 200 HPE E4 (2017-2023) TBPDF (2017-2023) - ZAPT64P00<\/a><\/td><\/tr><\/tbody><\/table><\/div><\/section><\/section>\n","protected":false},"excerpt":{"rendered":"<p>Bremstrommel f\u00fcr Piaggio Ape Calessino 200 E4 Bremstrommel kompatibel mit Piaggio Ape Calessino 200 Euro 4. Robustes und pr\u00e4zises Ersatzteil, entwickelt, um stabile Bremsvorg\u00e4nge zu gew\u00e4hrleisten, Vibrationen zu reduzieren und die Effizienz des Bremssystems wiederherzustellen. Widerstandsf\u00e4hige Materialien f\u00fcr lange Lebensdauer und Sicherheit auf der Stra\u00dfe.<\/p>\n","protected":false},"featured_media":13714,"template":"","meta":{"_sitemap_exclude":false,"_sitemap_priority":"","_sitemap_frequency":""},"product_brand":[2672],"product_cat":[408,413],"product_tag":[2894],"class_list":{"0":"post-13713","1":"product","2":"type-product","3":"status-publish","4":"has-post-thumbnail","6":"product_brand-piaggio","7":"product_cat-bremssystem","8":"product_cat-trommelbremse","9":"product_tag-b077245","11":"first","12":"outofstock","13":"sale","14":"taxable","15":"shipping-taxable","16":"purchasable","17":"product-type-simple"},"_links":{"self":[{"href":"https:\/\/damicoline.com\/de\/wp-json\/wp\/v2\/product\/13713","targetHints":{"allow":["GET"]}}],"collection":[{"href":"https:\/\/damicoline.com\/de\/wp-json\/wp\/v2\/product"}],"about":[{"href":"https:\/\/damicoline.com\/de\/wp-json\/wp\/v2\/types\/product"}],"wp:featuredmedia":[{"embeddable":true,"href":"https:\/\/damicoline.com\/de\/wp-json\/wp\/v2\/media\/13714"}],"wp:attachment":[{"href":"https:\/\/damicoline.com\/de\/wp-json\/wp\/v2\/media?parent=13713"}],"wp:term":[{"taxonomy":"product_brand","embeddable":true,"href":"https:\/\/damicoline.com\/de\/wp-json\/wp\/v2\/product_brand?post=13713"},{"taxonomy":"product_cat","embeddable":true,"href":"https:\/\/damicoline.com\/de\/wp-json\/wp\/v2\/product_cat?post=13713"},{"taxonomy":"product_tag","embeddable":true,"href":"https:\/\/damicoline.com\/de\/wp-json\/wp\/v2\/product_tag?post=13713"}],"curies":[{"name":"wp","href":"https:\/\/api.w.org\/{rel}","templated":true}]}}