{"id":13723,"date":"2025-11-26T16:17:41","date_gmt":"2025-11-26T15:17:41","guid":{"rendered":"https:\/\/damicoline.com\/product\/tamburo-freno-completo-piaggio-ape-calessino-200\/"},"modified":"2025-11-26T16:31:52","modified_gmt":"2025-11-26T15:31:52","slug":"vollstandige-bremstrommel-fur-piaggio-ape-calessino-200","status":"publish","type":"product","link":"https:\/\/damicoline.com\/de\/produkt\/vollstandige-bremstrommel-fur-piaggio-ape-calessino-200\/","title":{"rendered":"Vollst\u00e4ndige Bremstrommel f\u00fcr Piaggio Ape Calessino 200"},"content":{"rendered":"<p><strong>Vollst\u00e4ndige Bremstrommel f\u00fcr Piaggio Ape Calessino 200<\/strong><\/p>\n<p>Vollst\u00e4ndige Bremstrommel kompatibel mit <strong>Piaggio Ape Calessino 200<\/strong>. Robustes Ersatzteil, das entwickelt wurde, um stabile Bremsvorg\u00e4nge zu gew\u00e4hrleisten, Vibrationen zu reduzieren und die korrekte Effizienz des Bremssystems wiederherzustellen. Hergestellt aus widerstandsf\u00e4higen Materialien f\u00fcr eine lange Lebensdauer.<\/p>\n<div class=\"text-sm text-gray-800 font-medium mb-2\"><div class=\"text-sm text-gray-800 font-medium mb-2\"><strong>Referenzcodes:<\/strong> B042438<\/div><\/div>\n<div class=\"oem-box mb-4\">\t\t\t\t<div class=\"oem-box mb-4\">\n\t\t\t\t\t<p class=\"text-sm text-gray-800 font-medium mb-2\">Typ: <strong>Original Piaggio<\/strong><\/p>\n\t\t\t\t\t<p class=\"text-sm text-gray-700 mb-1\">Originalteil von Piaggio, f\u00fcr korrekte Passform und Leistung entwickelt.<\/p>\n\t\t\t\t\t<p class=\"text-xs text-gray-500 mt-2\">*Marken geh\u00f6ren den jeweiligen Inhabern.<\/p>\n\t\t\t\t<\/div>\n\t\t\t<\/div>\n<section class=\"compatibility-block mb-4\"><section class=\"compatibility-block mb-4\"><div class=\"product-extra-details hide-below-992\"><table class=\"woocommerce-product-attributes\"><tbody><tr><th colspan=\"2\"><span class=\"text-sm font-medium mb-2\">Kompatibel mit:<\/span><\/th><\/tr><tr><th>Fahrzeugmodell \u2013 Rahmenpr\u00e4fix:<\/th><td><a href=\"https:\/\/damicoline.com\/de\/shop\/?vx_brand=PIAGGIO&#038;vx_model=APE%20CALESSINO%20200%20E2%20(2013-2017)&#038;vx_engine=TBP4M&#038;vx_years=2013-2017\">\ud83d\ude9a PIAGGIO APE CALESSINO 200 E2 (2013-2017) TBP4M (2013-2017) - ZAPT42PMC, ZAPT42P00<\/a><\/td><\/tr><\/tbody><\/table><\/div><\/section><\/section>\n","protected":false},"excerpt":{"rendered":"<p>Vollst\u00e4ndige Bremstrommel f\u00fcr Piaggio Ape Calessino 200 Vollst\u00e4ndige Bremstrommel kompatibel mit Piaggio Ape Calessino 200. Robustes Ersatzteil, das entwickelt wurde, um stabile Bremsvorg\u00e4nge zu gew\u00e4hrleisten, Vibrationen zu reduzieren und die korrekte Effizienz des Bremssystems wiederherzustellen. Hergestellt aus widerstandsf\u00e4higen Materialien f\u00fcr eine lange Lebensdauer.<\/p>\n","protected":false},"featured_media":13724,"template":"","meta":{"_sitemap_exclude":false,"_sitemap_priority":"","_sitemap_frequency":""},"product_brand":[2672],"product_cat":[408,413],"product_tag":[2899],"class_list":{"0":"post-13723","1":"product","2":"type-product","3":"status-publish","4":"has-post-thumbnail","6":"product_brand-piaggio","7":"product_cat-bremssystem","8":"product_cat-trommelbremse","9":"product_tag-b042438","11":"first","12":"outofstock","13":"sale","14":"taxable","15":"shipping-taxable","16":"purchasable","17":"product-type-simple"},"_links":{"self":[{"href":"https:\/\/damicoline.com\/de\/wp-json\/wp\/v2\/product\/13723","targetHints":{"allow":["GET"]}}],"collection":[{"href":"https:\/\/damicoline.com\/de\/wp-json\/wp\/v2\/product"}],"about":[{"href":"https:\/\/damicoline.com\/de\/wp-json\/wp\/v2\/types\/product"}],"wp:featuredmedia":[{"embeddable":true,"href":"https:\/\/damicoline.com\/de\/wp-json\/wp\/v2\/media\/13724"}],"wp:attachment":[{"href":"https:\/\/damicoline.com\/de\/wp-json\/wp\/v2\/media?parent=13723"}],"wp:term":[{"taxonomy":"product_brand","embeddable":true,"href":"https:\/\/damicoline.com\/de\/wp-json\/wp\/v2\/product_brand?post=13723"},{"taxonomy":"product_cat","embeddable":true,"href":"https:\/\/damicoline.com\/de\/wp-json\/wp\/v2\/product_cat?post=13723"},{"taxonomy":"product_tag","embeddable":true,"href":"https:\/\/damicoline.com\/de\/wp-json\/wp\/v2\/product_tag?post=13723"}],"curies":[{"name":"wp","href":"https:\/\/api.w.org\/{rel}","templated":true}]}}