{"id":13761,"date":"2025-11-26T18:20:28","date_gmt":"2025-11-26T17:20:28","guid":{"rendered":"https:\/\/damicoline.com\/product\/cuffia-tenuta-olio-semiasse-piaggio-ape\/"},"modified":"2025-11-26T18:23:20","modified_gmt":"2025-11-26T17:23:20","slug":"olwellenmanschette-kompatibel-mit-piaggio-ape-1-stk","status":"publish","type":"product","link":"https:\/\/damicoline.com\/de\/produkt\/olwellenmanschette-kompatibel-mit-piaggio-ape-1-stk\/","title":{"rendered":"\u00d6lwellenmanschette kompatibel mit Piaggio Ape 1 Stk"},"content":{"rendered":"<p><strong>\u00d6lwellenmanschette f\u00fcr Piaggio Ape<\/strong><\/p>\n<p>\u00d6lwellenmanschette f\u00fcr <strong>Halbwelle<\/strong> kompatibel mit <strong>Piaggio Ape<\/strong>. Gew\u00e4hrleistet die korrekte Abdichtung des Schmiermittels, verhindert Leckagen und sch\u00fctzt das Antriebssystem vor Verschlei\u00df und Verunreinigungen. Hochwertiges Ersatzteil, langlebig und zuverl\u00e4ssig.<\/p>\n<div class=\"text-sm text-gray-800 font-medium mb-2\"><div class=\"text-sm text-gray-800 font-medium mb-2\"><strong>Referenzcodes:<\/strong> 876682<\/div><\/div>\n<div class=\"oem-box mb-4\">\t\t\t\t<div class=\"oem-box mb-4\">\n\t\t\t\t\t<p class=\"text-sm text-gray-800 font-medium mb-2\">Typ: <strong>Original Piaggio<\/strong><\/p>\n\t\t\t\t\t<p class=\"text-sm text-gray-700 mb-1\">Originalteil von Piaggio, f\u00fcr korrekte Passform und Leistung entwickelt.<\/p>\n\t\t\t\t\t<p class=\"text-xs text-gray-500 mt-2\">*Marken geh\u00f6ren den jeweiligen Inhabern.<\/p>\n\t\t\t\t<\/div>\n\t\t\t<\/div>\n<section class=\"compatibility-block mb-4\"><section class=\"compatibility-block mb-4\"><div class=\"product-extra-details hide-below-992\"><table class=\"woocommerce-product-attributes\"><tbody><tr><th colspan=\"2\"><span class=\"text-sm font-medium mb-2\">Kompatibel mit:<\/span><\/th><\/tr><tr><th>Fahrzeugmodell \u2013 Rahmenpr\u00e4fix:<\/th><td><a href=\"https:\/\/damicoline.com\/de\/shop\/?vx_brand=PIAGGIO&#038;vx_model=APE%20CALESSINO%20200%20E2%20(2013-2017)&#038;vx_engine=TBP4M&#038;vx_years=2013-2017\">\ud83d\ude9a PIAGGIO APE CALESSINO 200 E2 (2013-2017) TBP4M (2013-2017) - ZAPT42PMC, ZAPT42P00<\/a><\/td><\/tr><tr><th>Fahrzeugmodell \u2013 Rahmenpr\u00e4fix:<\/th><td><a href=\"https:\/\/damicoline.com\/de\/shop\/?vx_brand=PIAGGIO&#038;vx_model=APE%20CALESSINO%20200%20HPE%20E4%20(2017-2023)&#038;vx_engine=TBPDF&#038;vx_years=2017-2023\">\ud83d\ude9a PIAGGIO APE CALESSINO 200 HPE E4 (2017-2023) TBPDF (2017-2023) - ZAPT64P00<\/a><\/td><\/tr><tr><th>Fahrzeugmodell \u2013 Rahmenpr\u00e4fix:<\/th><td><a href=\"https:\/\/damicoline.com\/de\/shop\/?vx_brand=PIAGGIO&#038;vx_model=APE%20TM703%20FL2%20220%202T%20E1%20(2000-2016)&#038;vx_engine=ATM2M&#038;vx_years=2000-2016\">\ud83d\ude9a PIAGGIO APE TM703 FL2 220 2T E1 (2000-2016) ATM2M (2000-2016) - ATM2T, ATM3T, ZAPT10000<\/a><\/td><\/tr><\/tbody><\/table><\/div><\/section><\/section>\n","protected":false},"excerpt":{"rendered":"<p>\u00d6lwellenmanschette f\u00fcr Piaggio Ape \u00d6lwellenmanschette f\u00fcr Halbwelle kompatibel mit Piaggio Ape. Gew\u00e4hrleistet die korrekte Abdichtung des Schmiermittels, verhindert Leckagen und sch\u00fctzt das Antriebssystem vor Verschlei\u00df und Verunreinigungen. Hochwertiges Ersatzteil, langlebig und zuverl\u00e4ssig.<\/p>\n","protected":false},"featured_media":13762,"template":"","meta":{"_sitemap_exclude":false,"_sitemap_priority":"","_sitemap_frequency":""},"product_brand":[2672],"product_cat":[1430,1425],"product_tag":[2923],"class_list":{"0":"post-13761","1":"product","2":"type-product","3":"status-publish","4":"has-post-thumbnail","6":"product_brand-piaggio","7":"product_cat-antriebswelle","8":"product_cat-hintere-kraftubertragung","9":"product_tag-2923","11":"first","12":"instock","13":"sale","14":"taxable","15":"shipping-taxable","16":"purchasable","17":"product-type-simple"},"_links":{"self":[{"href":"https:\/\/damicoline.com\/de\/wp-json\/wp\/v2\/product\/13761","targetHints":{"allow":["GET"]}}],"collection":[{"href":"https:\/\/damicoline.com\/de\/wp-json\/wp\/v2\/product"}],"about":[{"href":"https:\/\/damicoline.com\/de\/wp-json\/wp\/v2\/types\/product"}],"wp:featuredmedia":[{"embeddable":true,"href":"https:\/\/damicoline.com\/de\/wp-json\/wp\/v2\/media\/13762"}],"wp:attachment":[{"href":"https:\/\/damicoline.com\/de\/wp-json\/wp\/v2\/media?parent=13761"}],"wp:term":[{"taxonomy":"product_brand","embeddable":true,"href":"https:\/\/damicoline.com\/de\/wp-json\/wp\/v2\/product_brand?post=13761"},{"taxonomy":"product_cat","embeddable":true,"href":"https:\/\/damicoline.com\/de\/wp-json\/wp\/v2\/product_cat?post=13761"},{"taxonomy":"product_tag","embeddable":true,"href":"https:\/\/damicoline.com\/de\/wp-json\/wp\/v2\/product_tag?post=13761"}],"curies":[{"name":"wp","href":"https:\/\/api.w.org\/{rel}","templated":true}]}}