{"id":13814,"date":"2025-11-27T09:26:23","date_gmt":"2025-11-27T08:26:23","guid":{"rendered":"https:\/\/damicoline.com\/product\/asse-ruota-posteriore-completo-ape-calessino-diesel-classic-400\/"},"modified":"2026-04-22T14:51:50","modified_gmt":"2026-04-22T12:51:50","slug":"komplette-hinterradachse-ape-calessino-diesel-und-classic-400","status":"publish","type":"product","link":"https:\/\/damicoline.com\/de\/produkt\/komplette-hinterradachse-ape-calessino-diesel-und-classic-400\/","title":{"rendered":"Komplette Hinterradachse Ape Calessino Diesel und Classic 400"},"content":{"rendered":"<p><strong>Komplette Hinterradachse f\u00fcr Piaggio Ape Calessino Diesel und Classic 400<\/strong><\/p>\n<p>Komplette Hinterradachse kompatibel mit <strong>Piaggio Ape Calessino Diesel<\/strong> und <strong>Ape Classic 400<\/strong>. Robustes und zuverl\u00e4ssiges Ersatzteil, entworfen, um einen reibungslosen Lauf des Rades, Stabilit\u00e4t des Hinterwagens und lange Lebensdauer auch bei intensiver Nutzung zu gew\u00e4hrleisten.<\/p>\n<div class=\"text-sm text-gray-800 font-medium mb-2\"><div class=\"text-sm text-gray-800 font-medium mb-2\"><strong>Referenzcodes:<\/strong> 6C000060<\/div><\/div>\n<div class=\"oem-box mb-4\"><div class=\"oem-box mb-4\"><p class=\"text-sm text-gray-800 font-medium mb-2\">Typ: <strong>Original Piaggio<\/strong><\/p><p class=\"text-sm text-gray-700 mb-1\">Originalteil von Piaggio, f\u00fcr korrekte Passform und Leistung entwickelt.<\/p><p class=\"text-xs text-gray-500 mt-2\">Marken geh\u00f6ren den jeweiligen Inhabern.<\/p><\/div><\/div>\n<section class=\"compatibility-block mb-4\"><section class=\"compatibility-block mb-4\"><div class=\"product-extra-details hide-below-992\"><table class=\"woocommerce-product-attributes\"><tbody><tr><th colspan=\"2\"><span class=\"text-sm font-medium mb-2\">Kompatibel mit:<\/span><\/th><\/tr><tr><th>Fahrzeugmodell \u2013 Rahmenpr\u00e4fix:<\/th><td><a href=\"https:\/\/damicoline.com\/de\/shop\/?vx_brand=PIAGGIO&#038;vx_model=APE%20CALESSINO%20422%20E2%20(2007-2012)&#038;vx_engine=LDW422&#038;vx_years=2007-2012\">\ud83d\ude9a PIAGGIO APE CALESSINO 422 E2 (2007-2012) LDW422 (2007-2012) - ZAPT2D4MC, ZAPT3E9AC<\/a><\/td><\/tr><tr><th>Fahrzeugmodell \u2013 Rahmenpr\u00e4fix:<\/th><td><a href=\"https:\/\/damicoline.com\/de\/shop\/?vx_brand=PIAGGIO&#038;vx_model=APE%20CLASSIC%20400%20IE%20E2%20(2014-2017)&#038;vx_engine=S4C8&#038;vx_years=2014-2017\">\ud83d\ude9a PIAGGIO APE CLASSIC 400 IE E2 (2014-2017) S4C8 (2014-2017) - MBX000T58RC<\/a><\/td><\/tr><tr><th>Fahrzeugmodell \u2013 Rahmenpr\u00e4fix:<\/th><td><a href=\"https:\/\/damicoline.com\/de\/shop\/?vx_brand=PIAGGIO&#038;vx_model=APE%20CLASSIC%20400%20IE%20E4%20(2017-2023)&#038;vx_engine=S6E8&#038;vx_years=2017-2023\">\ud83d\ude9a PIAGGIO APE CLASSIC 400 IE E4 (2017-2023) S6E8 (2017-2023) - MBX000T7BSE<\/a><\/td><\/tr><tr><th>Fahrzeugmodell \u2013 Rahmenpr\u00e4fix:<\/th><td><a href=\"https:\/\/damicoline.com\/de\/shop\/?vx_brand=PIAGGIO&#038;vx_model=APE%20CLASSIC%20MP601%20E2%20(2006-2013)&#038;vx_engine=LDW422&#038;vx_years=2006-2013\">\ud83d\ude9a PIAGGIO APE CLASSIC MP601 E2 (2006-2013) LDW422 (2006-2013) - MC349B0D26B<\/a><\/td><\/tr><\/tbody><\/table><\/div><\/section><\/section>\n","protected":false},"excerpt":{"rendered":"<p>Komplette Hinterradachse f\u00fcr Piaggio Ape Calessino Diesel und Classic 400 Komplette Hinterradachse kompatibel mit Piaggio Ape Calessino Diesel und Ape Classic 400. Robustes und zuverl\u00e4ssiges Ersatzteil, entworfen, um einen reibungslosen Lauf des Rades, Stabilit\u00e4t des Hinterwagens und lange Lebensdauer auch bei intensiver Nutzung zu gew\u00e4hrleisten.<\/p>\n","protected":false},"featured_media":13815,"template":"","meta":{"_sitemap_exclude":false,"_sitemap_priority":"","_sitemap_frequency":""},"product_brand":[2672],"product_cat":[1425,2912],"product_tag":[2941],"class_list":{"0":"post-13814","1":"product","2":"type-product","3":"status-publish","4":"has-post-thumbnail","6":"product_brand-piaggio","7":"product_cat-hintere-kraftubertragung","8":"product_cat-radachse","9":"product_tag-6c000060","11":"first","12":"instock","13":"sale","14":"taxable","15":"shipping-taxable","16":"purchasable","17":"product-type-simple"},"_links":{"self":[{"href":"https:\/\/damicoline.com\/de\/wp-json\/wp\/v2\/product\/13814","targetHints":{"allow":["GET"]}}],"collection":[{"href":"https:\/\/damicoline.com\/de\/wp-json\/wp\/v2\/product"}],"about":[{"href":"https:\/\/damicoline.com\/de\/wp-json\/wp\/v2\/types\/product"}],"wp:featuredmedia":[{"embeddable":true,"href":"https:\/\/damicoline.com\/de\/wp-json\/wp\/v2\/media\/13815"}],"wp:attachment":[{"href":"https:\/\/damicoline.com\/de\/wp-json\/wp\/v2\/media?parent=13814"}],"wp:term":[{"taxonomy":"product_brand","embeddable":true,"href":"https:\/\/damicoline.com\/de\/wp-json\/wp\/v2\/product_brand?post=13814"},{"taxonomy":"product_cat","embeddable":true,"href":"https:\/\/damicoline.com\/de\/wp-json\/wp\/v2\/product_cat?post=13814"},{"taxonomy":"product_tag","embeddable":true,"href":"https:\/\/damicoline.com\/de\/wp-json\/wp\/v2\/product_tag?post=13814"}],"curies":[{"name":"wp","href":"https:\/\/api.w.org\/{rel}","templated":true}]}}