{"id":13840,"date":"2025-11-27T10:44:21","date_gmt":"2025-11-27T09:44:21","guid":{"rendered":"https:\/\/damicoline.com\/product\/soffietto-leva-frizione-piaggio-ape-calessino-classic\/"},"modified":"2026-04-22T14:52:01","modified_gmt":"2026-04-22T12:52:01","slug":"faltenbalg-kupplungshebel-fur-piaggio-ape-calessino-und-classic","status":"publish","type":"product","link":"https:\/\/damicoline.com\/de\/produkt\/faltenbalg-kupplungshebel-fur-piaggio-ape-calessino-und-classic\/","title":{"rendered":"Faltenbalg Kupplungshebel f\u00fcr Piaggio Ape Calessino und Classic"},"content":{"rendered":"<p><strong>Faltenbalg Kupplungshebel f\u00fcr Piaggio Ape Calessino und Ape Classic<\/strong><\/p>\n<p>Faltenbalg f\u00fcr <strong>Kupplungshebel<\/strong> kompatibel mit <strong>Piaggio Ape Calessino<\/strong> und <strong>Ape Classic<\/strong>. Sch\u00fctzt den Hebelmechanismus vor Staub, Wasser und Abnutzung und gew\u00e4hrleistet einen reibungslosen Betrieb sowie eine l\u00e4ngere Lebensdauer des Kupplungssystems. Robustes und langlebiges Ersatzteil.<\/p>\n<div class=\"text-sm text-gray-800 font-medium mb-2\"><div class=\"text-sm text-gray-800 font-medium mb-2\"><strong>Referenzcodes:<\/strong>&#32;&#49;&#50;&#55;&#48;&#49;&#50;&#48;&#49;&#57;<\/div><\/div>\n<div class=\"oem-box mb-4\"><div class=\"oem-box mb-4\"><p class=\"text-sm text-gray-800 font-medium mb-2\">Typ: <strong>Original Piaggio<\/strong><\/p><p class=\"text-sm text-gray-700 mb-1\">Originalteil von Piaggio, f\u00fcr korrekte Passform und Leistung entwickelt.<\/p><p class=\"text-xs text-gray-500 mt-2\">Marken geh\u00f6ren den jeweiligen Inhabern.<\/p><\/div><\/div>\n<section class=\"compatibility-block mb-4\"><section class=\"compatibility-block mb-4\"><div class=\"product-extra-details hide-below-992\"><table class=\"woocommerce-product-attributes\"><tbody><tr><th colspan=\"2\"><span class=\"text-sm font-medium mb-2\">Kompatibel mit:<\/span><\/th><\/tr><tr><th>Fahrzeugmodell \u2013 Rahmenpr\u00e4fix:<\/th><td><a href=\"https:\/\/damicoline.com\/de\/shop\/?vx_brand=PIAGGIO&#038;vx_model=APE%20CALESSINO%20200%20E2%20(2013-2017)&#038;vx_engine=TBP4M&#038;vx_years=2013-2017\">\ud83d\ude9a PIAGGIO APE CALESSINO 200 E2 (2013-2017) TBP4M (2013-2017) - ZAPT42PMC, ZAPT42P00<\/a><\/td><\/tr><tr><th>Fahrzeugmodell \u2013 Rahmenpr\u00e4fix:<\/th><td><a href=\"https:\/\/damicoline.com\/de\/shop\/?vx_brand=PIAGGIO&#038;vx_model=APE%20CALESSINO%20200%20HPE%20E4%20(2017-2023)&#038;vx_engine=TBPDF&#038;vx_years=2017-2023\">\ud83d\ude9a PIAGGIO APE CALESSINO 200 HPE E4 (2017-2023) TBPDF (2017-2023) - ZAPT64P00<\/a><\/td><\/tr><tr><th>Fahrzeugmodell \u2013 Rahmenpr\u00e4fix:<\/th><td><a href=\"https:\/\/damicoline.com\/de\/shop\/?vx_brand=PIAGGIO&#038;vx_model=APE%20CLASSIC%20400%20IE%20E2%20(2014-2017)&#038;vx_engine=S4C8&#038;vx_years=2014-2017\">\ud83d\ude9a PIAGGIO APE CLASSIC 400 IE E2 (2014-2017) S4C8 (2014-2017) - MBX000T58RC<\/a><\/td><\/tr><tr><th>Fahrzeugmodell \u2013 Rahmenpr\u00e4fix:<\/th><td><a href=\"https:\/\/damicoline.com\/de\/shop\/?vx_brand=PIAGGIO&#038;vx_model=APE%20CLASSIC%20400%20IE%20E4%20(2017-2023)&#038;vx_engine=S6E8&#038;vx_years=2017-2023\">\ud83d\ude9a PIAGGIO APE CLASSIC 400 IE E4 (2017-2023) S6E8 (2017-2023) - MBX000T7BSE<\/a><\/td><\/tr><\/tbody><\/table><\/div><\/section><\/section>\n","protected":false},"excerpt":{"rendered":"<p>Faltenbalg Kupplungshebel f\u00fcr Piaggio Ape Calessino und Ape Classic Faltenbalg f\u00fcr Kupplungshebel kompatibel mit Piaggio Ape Calessino und Ape Classic. Sch\u00fctzt den Hebelmechanismus vor Staub, Wasser und Abnutzung und gew\u00e4hrleistet einen reibungslosen Betrieb sowie eine l\u00e4ngere Lebensdauer des Kupplungssystems. Robustes und langlebiges Ersatzteil.<\/p>\n","protected":false},"featured_media":13841,"template":"","meta":{"_sitemap_exclude":false,"_sitemap_priority":"","_sitemap_frequency":""},"product_brand":[2672],"product_cat":[563,418],"product_tag":[2954],"class_list":{"0":"post-13840","1":"product","2":"type-product","3":"status-publish","4":"has-post-thumbnail","6":"product_brand-piaggio","7":"product_cat-kupplung","8":"product_cat-motorteile","9":"product_tag-2954","11":"first","12":"outofstock","13":"sale","14":"taxable","15":"shipping-taxable","16":"purchasable","17":"product-type-simple"},"_links":{"self":[{"href":"https:\/\/damicoline.com\/de\/wp-json\/wp\/v2\/product\/13840","targetHints":{"allow":["GET"]}}],"collection":[{"href":"https:\/\/damicoline.com\/de\/wp-json\/wp\/v2\/product"}],"about":[{"href":"https:\/\/damicoline.com\/de\/wp-json\/wp\/v2\/types\/product"}],"wp:featuredmedia":[{"embeddable":true,"href":"https:\/\/damicoline.com\/de\/wp-json\/wp\/v2\/media\/13841"}],"wp:attachment":[{"href":"https:\/\/damicoline.com\/de\/wp-json\/wp\/v2\/media?parent=13840"}],"wp:term":[{"taxonomy":"product_brand","embeddable":true,"href":"https:\/\/damicoline.com\/de\/wp-json\/wp\/v2\/product_brand?post=13840"},{"taxonomy":"product_cat","embeddable":true,"href":"https:\/\/damicoline.com\/de\/wp-json\/wp\/v2\/product_cat?post=13840"},{"taxonomy":"product_tag","embeddable":true,"href":"https:\/\/damicoline.com\/de\/wp-json\/wp\/v2\/product_tag?post=13840"}],"curies":[{"name":"wp","href":"https:\/\/api.w.org\/{rel}","templated":true}]}}