{"id":13895,"date":"2025-11-27T16:37:03","date_gmt":"2025-11-27T15:37:03","guid":{"rendered":"https:\/\/damicoline.com\/product\/filtro-carburante-uscita-serbatoio-piaggio-ape\/"},"modified":"2026-04-22T14:52:28","modified_gmt":"2026-04-22T12:52:28","slug":"kraftstofffilter-tankausgang-fur-piaggio-ape-ersatzteil","status":"publish","type":"product","link":"https:\/\/damicoline.com\/de\/produkt\/kraftstofffilter-tankausgang-fur-piaggio-ape-ersatzteil\/","title":{"rendered":"Kraftstofffilter Tankausgang f\u00fcr Piaggio Ape Ersatzteil"},"content":{"rendered":"<p><strong>Kraftstofffilter Tankausgang f\u00fcr Piaggio Ape<\/strong><\/p>\n<p>Kraftstofffilter, der am <strong>Ausgang des Tanks<\/strong> montiert wird, kompatibel mit <strong>Piaggio Ape<\/strong>. H\u00e4lt Verunreinigungen und Ablagerungen im Kraftstoff zur\u00fcck, sch\u00fctzt das Kraftstoffsystem und sorgt f\u00fcr einen reibungslosen Motorbetrieb. Hochwertiges Ersatzteil, einfach zu installieren und langlebig.<\/p>\n<div class=\"text-sm text-gray-800 font-medium mb-2\"><div class=\"text-sm text-gray-800 font-medium mb-2\"><strong>Referenzcodes:<\/strong> 616738R<\/div><\/div>\n<div class=\"oem-box mb-4\"><div class=\"oem-box mb-4\"><p class=\"text-sm text-gray-800 font-medium mb-2\">Typ: <strong>Original Piaggio<\/strong><\/p><p class=\"text-sm text-gray-700 mb-1\">Originalteil von Piaggio, f\u00fcr korrekte Passform und Leistung entwickelt.<\/p><p class=\"text-xs text-gray-500 mt-2\">Marken geh\u00f6ren den jeweiligen Inhabern.<\/p><\/div><\/div>\n<section class=\"compatibility-block mb-4\"><section class=\"compatibility-block mb-4\"><div class=\"product-extra-details\"><table class=\"woocommerce-product-attributes\"><tbody><tr><th colspan=\"2\"><span class=\"text-sm font-medium mb-2\">Kompatibel mit:<\/span><\/th><\/tr><tr><th>Fahrzeugmodell \u2013 Rahmenpr\u00e4fix:<\/th><td>\ud83d\ude9a PIAGGIO APE CALESSINO 200 E2 (2013-2017) TBP4M (2013-2017) - ZAPT42PMC, ZAPT42P00<\/td><\/tr><tr><th>Fahrzeugmodell \u2013 Rahmenpr\u00e4fix:<\/th><td>\ud83d\ude9a PIAGGIO APE CALESSINO 422 E2 (2007-2012) LDW422 (2007-2012) - ZAPT2D4MC, ZAPT3E9AC<\/td><\/tr><tr><th>Fahrzeugmodell \u2013 Rahmenpr\u00e4fix:<\/th><td>\ud83d\ude9a PIAGGIO APE CLASSIC 400 IE E2 (2014-2017) S4C8 (2014-2017) - MBX000T58RC<\/td><\/tr><tr><th>Fahrzeugmodell \u2013 Rahmenpr\u00e4fix:<\/th><td>\ud83d\ude9a PIAGGIO APE CLASSIC MP601 E2 (2006-2013) LDW422 (2006-2013) - MC349B0D26B<\/td><\/tr><\/tbody><\/table><\/div><\/section><\/section>\n","protected":false},"excerpt":{"rendered":"<p>Kraftstofffilter Tankausgang f\u00fcr Piaggio Ape Kraftstofffilter, der am Ausgang des Tanks montiert wird, kompatibel mit Piaggio Ape. H\u00e4lt Verunreinigungen und Ablagerungen im Kraftstoff zur\u00fcck, sch\u00fctzt das Kraftstoffsystem und sorgt f\u00fcr einen reibungslosen Motorbetrieb. Hochwertiges Ersatzteil, einfach zu installieren und langlebig.<\/p>\n","protected":false},"featured_media":13896,"template":"","meta":[],"product_brand":[2672],"product_cat":[518,1633],"product_tag":[2979],"class_list":{"0":"post-13895","1":"product","2":"type-product","3":"status-publish","4":"has-post-thumbnail","6":"product_brand-piaggio","7":"product_cat-filter","8":"product_cat-kraftstofffilter","9":"product_tag-616738r","11":"first","12":"instock","13":"sale","14":"taxable","15":"shipping-taxable","16":"purchasable","17":"product-type-simple"},"_links":{"self":[{"href":"https:\/\/damicoline.com\/de\/wp-json\/wp\/v2\/product\/13895","targetHints":{"allow":["GET"]}}],"collection":[{"href":"https:\/\/damicoline.com\/de\/wp-json\/wp\/v2\/product"}],"about":[{"href":"https:\/\/damicoline.com\/de\/wp-json\/wp\/v2\/types\/product"}],"wp:featuredmedia":[{"embeddable":true,"href":"https:\/\/damicoline.com\/de\/wp-json\/wp\/v2\/media\/13896"}],"wp:attachment":[{"href":"https:\/\/damicoline.com\/de\/wp-json\/wp\/v2\/media?parent=13895"}],"wp:term":[{"taxonomy":"product_brand","embeddable":true,"href":"https:\/\/damicoline.com\/de\/wp-json\/wp\/v2\/product_brand?post=13895"},{"taxonomy":"product_cat","embeddable":true,"href":"https:\/\/damicoline.com\/de\/wp-json\/wp\/v2\/product_cat?post=13895"},{"taxonomy":"product_tag","embeddable":true,"href":"https:\/\/damicoline.com\/de\/wp-json\/wp\/v2\/product_tag?post=13895"}],"curies":[{"name":"wp","href":"https:\/\/api.w.org\/{rel}","templated":true}]}}