{"id":13905,"date":"2025-11-27T16:22:33","date_gmt":"2025-11-27T15:22:33","guid":{"rendered":"https:\/\/damicoline.com\/product\/filtro-gasolio-piaggio-ape-diesel\/"},"modified":"2026-03-31T06:52:28","modified_gmt":"2026-03-31T04:52:28","slug":"dieselkraftstofffilter-kompatibel-mit-piaggio-ape-diesel-ersatzteil","status":"publish","type":"product","link":"https:\/\/damicoline.com\/de\/produkt\/dieselkraftstofffilter-kompatibel-mit-piaggio-ape-diesel-ersatzteil\/","title":{"rendered":"Dieselkraftstofffilter kompatibel mit Piaggio Ape Diesel Ersatzteil."},"content":{"rendered":"<p><strong>Dieselkraftstofffilter f\u00fcr Piaggio Ape Diesel<\/strong><\/p>\n<p>Dieselkraftstofffilter kompatibel mit <strong>Piaggio Ape Diesel<\/strong>. Gew\u00e4hrleistet eine korrekte Kraftstofffiltration, sch\u00fctzt die Pumpe und die Injektoren vor Verunreinigungen und sorgt f\u00fcr einen reibungslosen Motorbetrieb. Qualit\u00e4tsersatzteil, unerl\u00e4sslich f\u00fcr die Aufrechterhaltung von Effizienz und Zuverl\u00e4ssigkeit.<\/p>\n<div class=\"text-sm text-gray-800 font-medium mb-2\"><div class=\"text-sm text-gray-800 font-medium mb-2\"><strong>Referenzcodes:<\/strong> 493290<\/div><\/div>\n<div class=\"oem-box mb-4\">\t\t\t\t<div class=\"oem-box mb-4\">\n\t\t\t\t\t<p class=\"text-sm text-gray-800 font-medium mb-2\">Typ: <strong>Aftermarket<\/strong><\/p>\n\t\t\t\t\t<p class=\"text-sm text-gray-700 mb-1\">Aftermarket-Komponente in Profiqualit\u00e4t, kompatibel mit den auf dieser Seite aufgef\u00fchrten Fahrzeugen.<\/p>\n\t\t\t\t\t<p class=\"text-xs text-gray-500 mt-2\">*Nicht von Piaggio hergestellt oder gebrandet. Marken geh\u00f6ren den jeweiligen Inhabern.<\/p>\n\t\t\t\t<\/div>\n\t\t\t<\/div>\n<section class=\"compatibility-block mb-4\"><section class=\"compatibility-block mb-4\"><div class=\"product-extra-details hide-below-992\"><table class=\"woocommerce-product-attributes\"><tbody><tr><th colspan=\"2\"><span class=\"text-sm font-medium mb-2\">Kompatibel mit:<\/span><\/th><\/tr><tr><th>Fahrzeugmodell \u2013 Rahmenpr\u00e4fix:<\/th><td><a href=\"https:\/\/damicoline.com\/de\/shop\/?vx_brand=PIAGGIO&#038;vx_model=APE%20CALESSINO%20422%20E2%20(2007-2012)&#038;vx_engine=LDW422&#038;vx_years=2007-2012\">\ud83d\ude9a PIAGGIO APE CALESSINO 422 E2 (2007-2012) LDW422 (2007-2012) - ZAPT2D4MC, ZAPT3E9AC<\/a><\/td><\/tr><tr><th>Fahrzeugmodell \u2013 Rahmenpr\u00e4fix:<\/th><td><a href=\"https:\/\/damicoline.com\/de\/shop\/?vx_brand=PIAGGIO&#038;vx_model=APE%20CLASSIC%20400%20IE%20E2%20(2014-2017)&#038;vx_engine=S4C8&#038;vx_years=2014-2017\">\ud83d\ude9a PIAGGIO APE CLASSIC 400 IE E2 (2014-2017) S4C8 (2014-2017) - MBX000T58RC<\/a><\/td><\/tr><tr><th>Fahrzeugmodell \u2013 Rahmenpr\u00e4fix:<\/th><td><a href=\"https:\/\/damicoline.com\/de\/shop\/?vx_brand=PIAGGIO&#038;vx_model=APE%20CLASSIC%20400%20IE%20E4%20(2017-2023)&#038;vx_engine=S6E8&#038;vx_years=2017-2023\">\ud83d\ude9a PIAGGIO APE CLASSIC 400 IE E4 (2017-2023) S6E8 (2017-2023) - MBX000T7BSE<\/a><\/td><\/tr><tr><th>Fahrzeugmodell \u2013 Rahmenpr\u00e4fix:<\/th><td><a href=\"https:\/\/damicoline.com\/de\/shop\/?vx_brand=PIAGGIO&#038;vx_model=APE%20CLASSIC%20MP601%20E2%20(2006-2013)&#038;vx_engine=LDW422&#038;vx_years=2006-2013\">\ud83d\ude9a PIAGGIO APE CLASSIC MP601 E2 (2006-2013) LDW422 (2006-2013) - MC349B0D26B<\/a><\/td><\/tr><tr><th>Fahrzeugmodell \u2013 Rahmenpr\u00e4fix:<\/th><td><a href=\"https:\/\/damicoline.com\/de\/shop\/?vx_brand=PIAGGIO&#038;vx_model=APE%20TM703%20DIESEL%20LCS%20422%20E1%20(2005-2012)&#038;vx_engine=ATD2M&#038;vx_years=2005-2012\">\ud83d\ude9a PIAGGIO APE TM703 DIESEL LCS 422 E1 (2005-2012) ATD2M (2005-2012) - ZAPT10000<\/a><\/td><\/tr><\/tbody><\/table><\/div><\/section><\/section>\n","protected":false},"excerpt":{"rendered":"<p>Dieselkraftstofffilter f\u00fcr Piaggio Ape Diesel Dieselkraftstofffilter kompatibel mit Piaggio Ape Diesel. Gew\u00e4hrleistet eine korrekte Kraftstofffiltration, sch\u00fctzt die Pumpe und die Injektoren vor Verunreinigungen und sorgt f\u00fcr einen reibungslosen Motorbetrieb. Qualit\u00e4tsersatzteil, unerl\u00e4sslich f\u00fcr die Aufrechterhaltung von Effizienz und Zuverl\u00e4ssigkeit.<\/p>\n","protected":false},"featured_media":13906,"template":"","meta":{"_sitemap_exclude":false,"_sitemap_priority":"","_sitemap_frequency":""},"product_brand":[2670],"product_cat":[518,1633],"product_tag":[2984],"class_list":{"0":"post-13905","1":"product","2":"type-product","3":"status-publish","4":"has-post-thumbnail","6":"product_brand-aftermarket","7":"product_cat-filter","8":"product_cat-kraftstofffilter","9":"product_tag-2984","11":"first","12":"instock","13":"sale","14":"taxable","15":"shipping-taxable","16":"purchasable","17":"product-type-simple"},"_links":{"self":[{"href":"https:\/\/damicoline.com\/de\/wp-json\/wp\/v2\/product\/13905","targetHints":{"allow":["GET"]}}],"collection":[{"href":"https:\/\/damicoline.com\/de\/wp-json\/wp\/v2\/product"}],"about":[{"href":"https:\/\/damicoline.com\/de\/wp-json\/wp\/v2\/types\/product"}],"wp:featuredmedia":[{"embeddable":true,"href":"https:\/\/damicoline.com\/de\/wp-json\/wp\/v2\/media\/13906"}],"wp:attachment":[{"href":"https:\/\/damicoline.com\/de\/wp-json\/wp\/v2\/media?parent=13905"}],"wp:term":[{"taxonomy":"product_brand","embeddable":true,"href":"https:\/\/damicoline.com\/de\/wp-json\/wp\/v2\/product_brand?post=13905"},{"taxonomy":"product_cat","embeddable":true,"href":"https:\/\/damicoline.com\/de\/wp-json\/wp\/v2\/product_cat?post=13905"},{"taxonomy":"product_tag","embeddable":true,"href":"https:\/\/damicoline.com\/de\/wp-json\/wp\/v2\/product_tag?post=13905"}],"curies":[{"name":"wp","href":"https:\/\/api.w.org\/{rel}","templated":true}]}}