{"id":13940,"date":"2025-11-28T14:04:52","date_gmt":"2025-11-28T13:04:52","guid":{"rendered":"https:\/\/damicoline.com\/product\/pattino-mobile-asta-tendicatena-ape-calessino-200-euro-2\/"},"modified":"2026-04-22T14:52:39","modified_gmt":"2026-04-22T12:52:39","slug":"bewegliches-kettenspannstangenpolster-fur-ape-calessino-200-euro-2","status":"publish","type":"product","link":"https:\/\/damicoline.com\/de\/produkt\/bewegliches-kettenspannstangenpolster-fur-ape-calessino-200-euro-2\/","title":{"rendered":"Bewegliches Kettenspannstangenpolster f\u00fcr Ape Calessino 200 Euro 2"},"content":{"rendered":"<p><strong>Bewegliches Kettenspannstangenpolster f\u00fcr Ape Calessino 200 Euro 2<\/strong><\/p>\n<p>Bewegliches Polster (Kettenspannstange) kompatibel mit <strong>Ape Calessino 200 Euro 2<\/strong>. Gew\u00e4hrleistet die korrekte Spannung der Steuerkette, reduziert Ger\u00e4usche und Verschlei\u00df und h\u00e4lt die Ausrichtung des Systems stabil. Qualit\u00e4tsersatzteil, unerl\u00e4sslich f\u00fcr eine effiziente und langlebige Verteilung.<\/p>\n<div class=\"text-sm text-gray-800 font-medium mb-2\"><div class=\"text-sm text-gray-800 font-medium mb-2\"><strong>Referenzcodes:<\/strong> 1A004875<\/div><\/div>\n<div class=\"oem-box mb-4\"><div class=\"oem-box mb-4\"><p class=\"text-sm text-gray-800 font-medium mb-2\">Typ: <strong>Original Piaggio<\/strong><\/p><p class=\"text-sm text-gray-700 mb-1\">Originalteil von Piaggio, f\u00fcr korrekte Passform und Leistung entwickelt.<\/p><p class=\"text-xs text-gray-500 mt-2\">Marken geh\u00f6ren den jeweiligen Inhabern.<\/p><\/div><\/div>\n<section class=\"compatibility-block mb-4\"><section class=\"compatibility-block mb-4\"><div class=\"product-extra-details hide-below-992\"><table class=\"woocommerce-product-attributes\"><tbody><tr><th colspan=\"2\"><span class=\"text-sm font-medium mb-2\">Kompatibel mit:<\/span><\/th><\/tr><tr><th>Fahrzeugmodell \u2013 Rahmenpr\u00e4fix:<\/th><td><a href=\"https:\/\/damicoline.com\/de\/shop\/?vx_brand=PIAGGIO&#038;vx_model=APE%20CALESSINO%20200%20E2%20(2013-2017)&#038;vx_engine=TBP4M&#038;vx_years=2013-2017\">\ud83d\ude9a PIAGGIO APE CALESSINO 200 E2 (2013-2017) TBP4M (2013-2017) - ZAPT42PMC, ZAPT42P00<\/a><\/td><\/tr><\/tbody><\/table><\/div><\/section><\/section>\n","protected":false},"excerpt":{"rendered":"<p>Bewegliches Kettenspannstangenpolster f\u00fcr Ape Calessino 200 Euro 2 Bewegliches Polster (Kettenspannstange) kompatibel mit Ape Calessino 200 Euro 2. Gew\u00e4hrleistet die korrekte Spannung der Steuerkette, reduziert Ger\u00e4usche und Verschlei\u00df und h\u00e4lt die Ausrichtung des Systems stabil. Qualit\u00e4tsersatzteil, unerl\u00e4sslich f\u00fcr eine effiziente und langlebige Verteilung.<\/p>\n","protected":false},"featured_media":13941,"template":"","meta":{"_sitemap_exclude":false,"_sitemap_priority":"","_sitemap_frequency":""},"product_brand":[2672],"product_cat":[418,423],"product_tag":[2996],"class_list":{"0":"post-13940","1":"product","2":"type-product","3":"status-publish","4":"has-post-thumbnail","6":"product_brand-piaggio","7":"product_cat-motorteile","8":"product_cat-verteilungskomponenten","9":"product_tag-1a004875","11":"first","12":"instock","13":"sale","14":"taxable","15":"shipping-taxable","16":"purchasable","17":"product-type-simple"},"_links":{"self":[{"href":"https:\/\/damicoline.com\/de\/wp-json\/wp\/v2\/product\/13940","targetHints":{"allow":["GET"]}}],"collection":[{"href":"https:\/\/damicoline.com\/de\/wp-json\/wp\/v2\/product"}],"about":[{"href":"https:\/\/damicoline.com\/de\/wp-json\/wp\/v2\/types\/product"}],"wp:featuredmedia":[{"embeddable":true,"href":"https:\/\/damicoline.com\/de\/wp-json\/wp\/v2\/media\/13941"}],"wp:attachment":[{"href":"https:\/\/damicoline.com\/de\/wp-json\/wp\/v2\/media?parent=13940"}],"wp:term":[{"taxonomy":"product_brand","embeddable":true,"href":"https:\/\/damicoline.com\/de\/wp-json\/wp\/v2\/product_brand?post=13940"},{"taxonomy":"product_cat","embeddable":true,"href":"https:\/\/damicoline.com\/de\/wp-json\/wp\/v2\/product_cat?post=13940"},{"taxonomy":"product_tag","embeddable":true,"href":"https:\/\/damicoline.com\/de\/wp-json\/wp\/v2\/product_tag?post=13940"}],"curies":[{"name":"wp","href":"https:\/\/api.w.org\/{rel}","templated":true}]}}