{"id":14015,"date":"2025-12-04T15:33:25","date_gmt":"2025-12-04T14:33:25","guid":{"rendered":"https:\/\/damicoline.com\/product\/coppia-bilancieri-valvole-piaggio-ape-classic-400\/"},"modified":"2026-04-22T14:52:44","modified_gmt":"2026-04-22T12:52:44","slug":"ventilwippenpaar-fur-piaggio-ape-classic-400","status":"publish","type":"product","link":"https:\/\/damicoline.com\/de\/produkt\/ventilwippenpaar-fur-piaggio-ape-classic-400\/","title":{"rendered":"Ventilwippenpaar f\u00fcr Piaggio Ape Classic 400"},"content":{"rendered":"<p><strong>Ventilwippenpaar f\u00fcr Piaggio Ape Classic 400<\/strong><\/p>\n<p>Paar von <strong>Ventilwippen<\/strong> kompatibel mit <strong>Piaggio Ape Classic 400<\/strong>. Wesentliches Ersatzteil, um das korrekte \u00d6ffnen und Schlie\u00dfen der Ventile zu gew\u00e4hrleisten, die Steuerzeiten zu verbessern und einen reibungslosen Motorbetrieb sicherzustellen. Robuste, pr\u00e4zise und verschlei\u00dffeste Komponenten.<\/p>\n<div class=\"text-sm text-gray-800 font-medium mb-2\"><div class=\"text-sm text-gray-800 font-medium mb-2\"><strong>Referenzcodes:<\/strong> E&#53;&#51;&#48;&#48;&#53;&#49;&#55;&#48;<\/div><\/div>\n<div class=\"oem-box mb-4\"><div class=\"oem-box mb-4\"><p class=\"text-sm text-gray-800 font-medium mb-2\">Typ: <strong>Original Piaggio<\/strong><\/p><p class=\"text-sm text-gray-700 mb-1\">Originalteil von Piaggio, f\u00fcr korrekte Passform und Leistung entwickelt.<\/p><p class=\"text-xs text-gray-500 mt-2\">Marken geh\u00f6ren den jeweiligen Inhabern.<\/p><\/div><\/div>\n<section class=\"compatibility-block mb-4\"><section class=\"compatibility-block mb-4\"><div class=\"product-extra-details hide-below-992\"><table class=\"woocommerce-product-attributes\"><tbody><tr><th colspan=\"2\"><span class=\"text-sm font-medium mb-2\">Kompatibel mit:<\/span><\/th><\/tr><tr><th>Fahrzeugmodell \u2013 Rahmenpr\u00e4fix:<\/th><td><a href=\"https:\/\/damicoline.com\/de\/shop\/?vx_brand=PIAGGIO&#038;vx_model=APE%20CLASSIC%20400%20IE%20E2%20(2014-2017)&#038;vx_engine=S4C8&#038;vx_years=2014-2017\">\ud83d\ude9a PIAGGIO APE CLASSIC 400 IE E2 (2014-2017) S4C8 (2014-2017) - MBX000T58RC<\/a><\/td><\/tr><tr><th>Fahrzeugmodell \u2013 Rahmenpr\u00e4fix:<\/th><td><a href=\"https:\/\/damicoline.com\/de\/shop\/?vx_brand=PIAGGIO&#038;vx_model=APE%20CLASSIC%20400%20IE%20E4%20(2017-2023)&#038;vx_engine=S6E8&#038;vx_years=2017-2023\">\ud83d\ude9a PIAGGIO APE CLASSIC 400 IE E4 (2017-2023) S6E8 (2017-2023) - MBX000T7BSE<\/a><\/td><\/tr><\/tbody><\/table><\/div><\/section><\/section>\n","protected":false},"excerpt":{"rendered":"<p>Ventilwippenpaar f\u00fcr Piaggio Ape Classic 400 Paar von Ventilwippen kompatibel mit Piaggio Ape Classic 400. Wesentliches Ersatzteil, um das korrekte \u00d6ffnen und Schlie\u00dfen der Ventile zu gew\u00e4hrleisten, die Steuerzeiten zu verbessern und einen reibungslosen Motorbetrieb sicherzustellen. Robuste, pr\u00e4zise und verschlei\u00dffeste Komponenten.<\/p>\n","protected":false},"featured_media":14016,"template":"","meta":{"_sitemap_exclude":false,"_sitemap_priority":"","_sitemap_frequency":""},"product_brand":[2672],"product_cat":[418,1110],"product_tag":[3005],"class_list":{"0":"post-14015","1":"product","2":"type-product","3":"status-publish","4":"has-post-thumbnail","6":"product_brand-piaggio","7":"product_cat-motorteile","8":"product_cat-zylinderkopf","9":"product_tag-e53005170","11":"first","12":"instock","13":"sale","14":"taxable","15":"shipping-taxable","16":"purchasable","17":"product-type-simple"},"_links":{"self":[{"href":"https:\/\/damicoline.com\/de\/wp-json\/wp\/v2\/product\/14015","targetHints":{"allow":["GET"]}}],"collection":[{"href":"https:\/\/damicoline.com\/de\/wp-json\/wp\/v2\/product"}],"about":[{"href":"https:\/\/damicoline.com\/de\/wp-json\/wp\/v2\/types\/product"}],"wp:featuredmedia":[{"embeddable":true,"href":"https:\/\/damicoline.com\/de\/wp-json\/wp\/v2\/media\/14016"}],"wp:attachment":[{"href":"https:\/\/damicoline.com\/de\/wp-json\/wp\/v2\/media?parent=14015"}],"wp:term":[{"taxonomy":"product_brand","embeddable":true,"href":"https:\/\/damicoline.com\/de\/wp-json\/wp\/v2\/product_brand?post=14015"},{"taxonomy":"product_cat","embeddable":true,"href":"https:\/\/damicoline.com\/de\/wp-json\/wp\/v2\/product_cat?post=14015"},{"taxonomy":"product_tag","embeddable":true,"href":"https:\/\/damicoline.com\/de\/wp-json\/wp\/v2\/product_tag?post=14015"}],"curies":[{"name":"wp","href":"https:\/\/api.w.org\/{rel}","templated":true}]}}