{"id":14026,"date":"2025-12-04T15:33:25","date_gmt":"2025-12-04T14:33:25","guid":{"rendered":"https:\/\/damicoline.com\/product\/coppia-leve-movimento-aste-bilancieri-piaggio-ape-classic-400\/"},"modified":"2025-12-04T16:12:11","modified_gmt":"2025-12-04T15:12:11","slug":"paar-hebel-fur-kipphebelstangen-piaggio-ape-classic-400","status":"publish","type":"product","link":"https:\/\/damicoline.com\/de\/produkt\/paar-hebel-fur-kipphebelstangen-piaggio-ape-classic-400\/","title":{"rendered":"Paar Hebel f\u00fcr Kipphebelstangen Piaggio Ape Classic 400"},"content":{"rendered":"<p><strong>Paar Hebel f\u00fcr Kipphebelstangen f\u00fcr Piaggio Ape Classic 400<\/strong><\/p>\n<p>Paar von <strong>Hebeln f\u00fcr Kipphebelstangen<\/strong> kompatibel mit <strong>Piaggio Ape Classic 400<\/strong>. Wesentliche Ersatzteile, um die korrekte Kraft\u00fcbertragung auf die Ventile zu gew\u00e4hrleisten, die Steuerzeiten zu verbessern und den Motor stabil und gleichm\u00e4\u00dfig zu halten. Robuste, pr\u00e4zise und verschlei\u00dffeste Komponenten.<\/p>\n<div class=\"text-sm text-gray-800 font-medium mb-2\"><div class=\"text-sm text-gray-800 font-medium mb-2\"><strong>Referenzcodes:<\/strong> E&#53;&#50;&#48;&#48;&#53;&#49;&#55;&#49;<\/div><\/div>\n<div class=\"oem-box mb-4\">\t\t\t\t<div class=\"oem-box mb-4\">\n\t\t\t\t\t<p class=\"text-sm text-gray-800 font-medium mb-2\">Typ: <strong>Original Piaggio<\/strong><\/p>\n\t\t\t\t\t<p class=\"text-sm text-gray-700 mb-1\">Originalteil von Piaggio, f\u00fcr korrekte Passform und Leistung entwickelt.<\/p>\n\t\t\t\t\t<p class=\"text-xs text-gray-500 mt-2\">*Marken geh\u00f6ren den jeweiligen Inhabern.<\/p>\n\t\t\t\t<\/div>\n\t\t\t<\/div>\n<section class=\"compatibility-block mb-4\"><section class=\"compatibility-block mb-4\"><div class=\"product-extra-details hide-below-992\"><table class=\"woocommerce-product-attributes\"><tbody><tr><th colspan=\"2\"><span class=\"text-sm font-medium mb-2\">Kompatibel mit:<\/span><\/th><\/tr><tr><th>Fahrzeugmodell \u2013 Rahmenpr\u00e4fix:<\/th><td><a href=\"https:\/\/damicoline.com\/de\/shop\/?vx_brand=PIAGGIO&#038;vx_model=APE%20CLASSIC%20400%20IE%20E2%20(2014-2017)&#038;vx_engine=S4C8&#038;vx_years=2014-2017\">\ud83d\ude9a PIAGGIO APE CLASSIC 400 IE E2 (2014-2017) S4C8 (2014-2017) - MBX000T58RC<\/a><\/td><\/tr><tr><th>Fahrzeugmodell \u2013 Rahmenpr\u00e4fix:<\/th><td><a href=\"https:\/\/damicoline.com\/de\/shop\/?vx_brand=PIAGGIO&#038;vx_model=APE%20CLASSIC%20400%20IE%20E4%20(2017-2023)&#038;vx_engine=S6E8&#038;vx_years=2017-2023\">\ud83d\ude9a PIAGGIO APE CLASSIC 400 IE E4 (2017-2023) S6E8 (2017-2023) - MBX000T7BSE<\/a><\/td><\/tr><\/tbody><\/table><\/div><\/section><\/section>\n","protected":false},"excerpt":{"rendered":"<p>Paar Hebel f\u00fcr Kipphebelstangen f\u00fcr Piaggio Ape Classic 400 Paar von Hebeln f\u00fcr Kipphebelstangen kompatibel mit Piaggio Ape Classic 400. Wesentliche Ersatzteile, um die korrekte Kraft\u00fcbertragung auf die Ventile zu gew\u00e4hrleisten, die Steuerzeiten zu verbessern und den Motor stabil und gleichm\u00e4\u00dfig zu halten. Robuste, pr\u00e4zise und verschlei\u00dffeste Komponenten.<\/p>\n","protected":false},"featured_media":14027,"template":"","meta":{"_sitemap_exclude":false,"_sitemap_priority":"","_sitemap_frequency":""},"product_brand":[2672],"product_cat":[418,1110],"product_tag":[3010],"class_list":{"0":"post-14026","1":"product","2":"type-product","3":"status-publish","4":"has-post-thumbnail","6":"product_brand-piaggio","7":"product_cat-motorteile","8":"product_cat-zylinderkopf","9":"product_tag-e52005171","11":"first","12":"instock","13":"sale","14":"taxable","15":"shipping-taxable","16":"purchasable","17":"product-type-simple"},"_links":{"self":[{"href":"https:\/\/damicoline.com\/de\/wp-json\/wp\/v2\/product\/14026","targetHints":{"allow":["GET"]}}],"collection":[{"href":"https:\/\/damicoline.com\/de\/wp-json\/wp\/v2\/product"}],"about":[{"href":"https:\/\/damicoline.com\/de\/wp-json\/wp\/v2\/types\/product"}],"wp:featuredmedia":[{"embeddable":true,"href":"https:\/\/damicoline.com\/de\/wp-json\/wp\/v2\/media\/14027"}],"wp:attachment":[{"href":"https:\/\/damicoline.com\/de\/wp-json\/wp\/v2\/media?parent=14026"}],"wp:term":[{"taxonomy":"product_brand","embeddable":true,"href":"https:\/\/damicoline.com\/de\/wp-json\/wp\/v2\/product_brand?post=14026"},{"taxonomy":"product_cat","embeddable":true,"href":"https:\/\/damicoline.com\/de\/wp-json\/wp\/v2\/product_cat?post=14026"},{"taxonomy":"product_tag","embeddable":true,"href":"https:\/\/damicoline.com\/de\/wp-json\/wp\/v2\/product_tag?post=14026"}],"curies":[{"name":"wp","href":"https:\/\/api.w.org\/{rel}","templated":true}]}}